{"id":1276,"date":"2024-11-27T09:22:33","date_gmt":"2024-11-27T09:22:33","guid":{"rendered":"https:\/\/boatmanboat.fr\/?page_id=1276"},"modified":"2025-12-29T15:08:47","modified_gmt":"2025-12-29T15:08:47","slug":"boatman-crusher","status":"publish","type":"page","link":"https:\/\/boatmanboat.fr\/?page_id=1276","title":{"rendered":"Nouveau Crusher Boatman"},"content":{"rendered":"\n<p>Le nouveau broyeur \u00e0 bouillettes et particules Boatman est \u00e9quip\u00e9 de 9 lames \u00ab \u00e9cureuil \u00bb en acier inoxydable.<\/p>\n\n\n<div class=\"wp-block-image\">\n<figure class=\"alignleft size-full is-resized\"><img fetchpriority=\"high\" decoding=\"async\" width=\"1000\" height=\"1000\" src=\"https:\/\/boatmanboat.fr\/wp-content\/uploads\/2025\/12\/11229826.jpg\" alt=\"\" class=\"wp-image-2447\" style=\"width:260px;height:auto\" srcset=\"https:\/\/boatmanboat.fr\/wp-content\/uploads\/2025\/12\/11229826.jpg 1000w, https:\/\/boatmanboat.fr\/wp-content\/uploads\/2025\/12\/11229826-300x300.jpg 300w, https:\/\/boatmanboat.fr\/wp-content\/uploads\/2025\/12\/11229826-85x85.jpg 85w, https:\/\/boatmanboat.fr\/wp-content\/uploads\/2025\/12\/11229826-768x768.jpg 768w, https:\/\/boatmanboat.fr\/wp-content\/uploads\/2025\/12\/11229826-600x600.jpg 600w, https:\/\/boatmanboat.fr\/wp-content\/uploads\/2025\/12\/11229826-100x100.jpg 100w, https:\/\/boatmanboat.fr\/wp-content\/uploads\/2025\/12\/11229826-154x154.jpg 154w\" sizes=\"(max-width: 1000px) 100vw, 1000px\" \/><\/figure>\n<\/div>\n\n\n<p>Gr\u00e2ce \u00e0 leur conception sp\u00e9ciale, ces lames broient m\u00eame les bouillettes les plus dures, sans n\u00e9cessiter une pression excessive.<\/p>\n\n\n<div class=\"wp-block-image\">\n<figure class=\"alignright size-full is-resized\"><img decoding=\"async\" width=\"1000\" height=\"1000\" src=\"https:\/\/boatmanboat.fr\/wp-content\/uploads\/2025\/12\/11229830.jpg\" alt=\"\" class=\"wp-image-2448\" style=\"width:184px;height:auto\" srcset=\"https:\/\/boatmanboat.fr\/wp-content\/uploads\/2025\/12\/11229830.jpg 1000w, https:\/\/boatmanboat.fr\/wp-content\/uploads\/2025\/12\/11229830-300x300.jpg 300w, https:\/\/boatmanboat.fr\/wp-content\/uploads\/2025\/12\/11229830-85x85.jpg 85w, https:\/\/boatmanboat.fr\/wp-content\/uploads\/2025\/12\/11229830-768x768.jpg 768w, https:\/\/boatmanboat.fr\/wp-content\/uploads\/2025\/12\/11229830-600x600.jpg 600w, https:\/\/boatmanboat.fr\/wp-content\/uploads\/2025\/12\/11229830-100x100.jpg 100w, https:\/\/boatmanboat.fr\/wp-content\/uploads\/2025\/12\/11229830-154x154.jpg 154w\" sizes=\"(max-width: 1000px) 100vw, 1000px\" \/><\/figure>\n<\/div>\n\n\n<p>Les lames tournent sur deux roulements \u00e0 billes dans un panier en acier inoxydable. Ce panier poss\u00e8de des ouvertures larges et \u00e9troites, permettant d&rsquo;obtenir un m\u00e9lange optimal de particules fines et grossi\u00e8res. De nombreux carpistes r\u00e9put\u00e9s confirment son efficacit\u00e9 redoutable pour la p\u00eache \u00e0 la carpe.<\/p>\n\n\n\n<p>De plus, une plaque de broyage suppl\u00e9mentaire est d\u00e9sormais fournie de s\u00e9rie (gratuitement), permettant de broyer des particules telles que du ma\u00efs, des cacahu\u00e8tes et m\u00eame des noix tigr\u00e9es pour en faire un app\u00e2t attractif pour la carpe.<\/p>\n\n\n<div class=\"wp-block-image\">\n<figure class=\"alignleft size-large is-resized\"><img decoding=\"async\" width=\"1024\" height=\"1024\" src=\"https:\/\/boatmanboat.fr\/wp-content\/uploads\/2025\/12\/Crush008-1024x1024.png\" alt=\"\" class=\"wp-image-2449\" style=\"width:325px;height:auto\" srcset=\"https:\/\/boatmanboat.fr\/wp-content\/uploads\/2025\/12\/Crush008-1024x1024.png 1024w, https:\/\/boatmanboat.fr\/wp-content\/uploads\/2025\/12\/Crush008-300x300.png 300w, https:\/\/boatmanboat.fr\/wp-content\/uploads\/2025\/12\/Crush008-85x85.png 85w, https:\/\/boatmanboat.fr\/wp-content\/uploads\/2025\/12\/Crush008-768x768.png 768w, https:\/\/boatmanboat.fr\/wp-content\/uploads\/2025\/12\/Crush008-1536x1536.png 1536w, https:\/\/boatmanboat.fr\/wp-content\/uploads\/2025\/12\/Crush008-600x600.png 600w, https:\/\/boatmanboat.fr\/wp-content\/uploads\/2025\/12\/Crush008-100x100.png 100w, https:\/\/boatmanboat.fr\/wp-content\/uploads\/2025\/12\/Crush008-154x154.png 154w, https:\/\/boatmanboat.fr\/wp-content\/uploads\/2025\/12\/Crush008.png 1772w\" sizes=\"(max-width: 1024px) 100vw, 1024px\" \/><\/figure>\n<\/div>\n\n\n<p>La manivelle robuste est ergonomique et dot\u00e9e d&rsquo;une poign\u00e9e en bois pour une prise en main optimale.<\/p>\n\n\n\n<p>La manivelle robuste est ergonomique et dot\u00e9e d&rsquo;une poign\u00e9e en bois pour une prise en main optimale.<\/p>\n\n\n\n<p><\/p>\n\n\n\n<p>Le broyeur est livr\u00e9 avec une pelle \u00e0 app\u00e2ts et un couvercle suppl\u00e9mentaire pour fermer le r\u00e9cipient de r\u00e9cup\u00e9ration. <\/p>\n\n\n\n<p><\/p>\n\n\n\n<p><\/p>\n\n\n\n<ul class=\"wp-block-list\">\n<li>Pelle doseuse offerte<\/li>\n\n\n\n<li>Panier en acier inoxydable<\/li>\n\n\n\n<li>Manivelle pratique<\/li>\n\n\n\n<li>Couvercles robustes (x2)<\/li>\n\n\n\n<li>Plateau \u00e0 particules offert<\/li>\n\n\n\n<li>Lames en acier inoxydable<\/li>\n<\/ul>\n\n\n\n<ul class=\"wp-block-list\"><\/ul>\n\n\n\n<figure class=\"wp-block-gallery has-nested-images columns-default is-cropped wp-block-gallery-1 is-layout-flex wp-block-gallery-is-layout-flex\">\n<figure class=\"wp-block-image size-large\"><img loading=\"lazy\" decoding=\"async\" width=\"731\" height=\"1024\" data-id=\"2455\" src=\"https:\/\/boatmanboat.fr\/wp-content\/uploads\/2025\/12\/11229841-731x1024.jpg\" alt=\"\" class=\"wp-image-2455\" srcset=\"https:\/\/boatmanboat.fr\/wp-content\/uploads\/2025\/12\/11229841-731x1024.jpg 731w, https:\/\/boatmanboat.fr\/wp-content\/uploads\/2025\/12\/11229841-214x300.jpg 214w, https:\/\/boatmanboat.fr\/wp-content\/uploads\/2025\/12\/11229841-768x1076.jpg 768w, https:\/\/boatmanboat.fr\/wp-content\/uploads\/2025\/12\/11229841-600x841.jpg 600w, https:\/\/boatmanboat.fr\/wp-content\/uploads\/2025\/12\/11229841-110x154.jpg 110w, https:\/\/boatmanboat.fr\/wp-content\/uploads\/2025\/12\/11229841.jpg 790w\" sizes=\"(max-width: 731px) 100vw, 731px\" \/><\/figure>\n\n\n\n<figure class=\"wp-block-image size-large\"><img loading=\"lazy\" decoding=\"async\" width=\"655\" height=\"1024\" data-id=\"2453\" src=\"https:\/\/boatmanboat.fr\/wp-content\/uploads\/2025\/12\/11229842-655x1024.jpg\" alt=\"\" class=\"wp-image-2453\" srcset=\"https:\/\/boatmanboat.fr\/wp-content\/uploads\/2025\/12\/11229842-655x1024.jpg 655w, https:\/\/boatmanboat.fr\/wp-content\/uploads\/2025\/12\/11229842-192x300.jpg 192w, https:\/\/boatmanboat.fr\/wp-content\/uploads\/2025\/12\/11229842-768x1201.jpg 768w, https:\/\/boatmanboat.fr\/wp-content\/uploads\/2025\/12\/11229842-600x938.jpg 600w, https:\/\/boatmanboat.fr\/wp-content\/uploads\/2025\/12\/11229842-99x154.jpg 99w, https:\/\/boatmanboat.fr\/wp-content\/uploads\/2025\/12\/11229842.jpg 790w\" sizes=\"(max-width: 655px) 100vw, 655px\" \/><\/figure>\n\n\n\n<figure class=\"wp-block-image size-large\"><img loading=\"lazy\" decoding=\"async\" width=\"790\" height=\"995\" data-id=\"2454\" src=\"https:\/\/boatmanboat.fr\/wp-content\/uploads\/2025\/12\/11229844.jpg\" alt=\"\" class=\"wp-image-2454\" srcset=\"https:\/\/boatmanboat.fr\/wp-content\/uploads\/2025\/12\/11229844.jpg 790w, https:\/\/boatmanboat.fr\/wp-content\/uploads\/2025\/12\/11229844-238x300.jpg 238w, https:\/\/boatmanboat.fr\/wp-content\/uploads\/2025\/12\/11229844-768x967.jpg 768w, https:\/\/boatmanboat.fr\/wp-content\/uploads\/2025\/12\/11229844-600x756.jpg 600w, https:\/\/boatmanboat.fr\/wp-content\/uploads\/2025\/12\/11229844-122x154.jpg 122w\" sizes=\"(max-width: 790px) 100vw, 790px\" \/><\/figure>\n\n\n\n<figure class=\"wp-block-image size-large\"><img loading=\"lazy\" decoding=\"async\" width=\"790\" height=\"997\" data-id=\"2450\" src=\"https:\/\/boatmanboat.fr\/wp-content\/uploads\/2025\/12\/11229845.jpg\" alt=\"\" class=\"wp-image-2450\" srcset=\"https:\/\/boatmanboat.fr\/wp-content\/uploads\/2025\/12\/11229845.jpg 790w, https:\/\/boatmanboat.fr\/wp-content\/uploads\/2025\/12\/11229845-238x300.jpg 238w, https:\/\/boatmanboat.fr\/wp-content\/uploads\/2025\/12\/11229845-768x969.jpg 768w, https:\/\/boatmanboat.fr\/wp-content\/uploads\/2025\/12\/11229845-600x757.jpg 600w, https:\/\/boatmanboat.fr\/wp-content\/uploads\/2025\/12\/11229845-122x154.jpg 122w\" sizes=\"(max-width: 790px) 100vw, 790px\" \/><\/figure>\n\n\n\n<figure class=\"wp-block-image size-large\"><img loading=\"lazy\" decoding=\"async\" width=\"790\" height=\"991\" data-id=\"2451\" src=\"https:\/\/boatmanboat.fr\/wp-content\/uploads\/2025\/12\/11229846.jpg\" alt=\"\" class=\"wp-image-2451\" srcset=\"https:\/\/boatmanboat.fr\/wp-content\/uploads\/2025\/12\/11229846.jpg 790w, https:\/\/boatmanboat.fr\/wp-content\/uploads\/2025\/12\/11229846-239x300.jpg 239w, https:\/\/boatmanboat.fr\/wp-content\/uploads\/2025\/12\/11229846-768x963.jpg 768w, https:\/\/boatmanboat.fr\/wp-content\/uploads\/2025\/12\/11229846-600x753.jpg 600w, https:\/\/boatmanboat.fr\/wp-content\/uploads\/2025\/12\/11229846-123x154.jpg 123w\" sizes=\"(max-width: 790px) 100vw, 790px\" \/><\/figure>\n\n\n\n<figure class=\"wp-block-image size-large\"><img loading=\"lazy\" decoding=\"async\" width=\"512\" height=\"1024\" data-id=\"2457\" src=\"https:\/\/boatmanboat.fr\/wp-content\/uploads\/2025\/12\/11229847-512x1024.jpg\" alt=\"\" class=\"wp-image-2457\" srcset=\"https:\/\/boatmanboat.fr\/wp-content\/uploads\/2025\/12\/11229847-512x1024.jpg 512w, https:\/\/boatmanboat.fr\/wp-content\/uploads\/2025\/12\/11229847-150x300.jpg 150w, https:\/\/boatmanboat.fr\/wp-content\/uploads\/2025\/12\/11229847-768x1536.jpg 768w, https:\/\/boatmanboat.fr\/wp-content\/uploads\/2025\/12\/11229847-600x1199.jpg 600w, https:\/\/boatmanboat.fr\/wp-content\/uploads\/2025\/12\/11229847-77x154.jpg 77w, https:\/\/boatmanboat.fr\/wp-content\/uploads\/2025\/12\/11229847.jpg 790w\" sizes=\"(max-width: 512px) 100vw, 512px\" \/><\/figure>\n\n\n\n<figure class=\"wp-block-image size-large\"><img loading=\"lazy\" decoding=\"async\" width=\"1024\" height=\"1024\" data-id=\"2458\" src=\"https:\/\/boatmanboat.fr\/wp-content\/uploads\/2025\/12\/Crush001-1-1024x1024.png\" alt=\"\" class=\"wp-image-2458\" srcset=\"https:\/\/boatmanboat.fr\/wp-content\/uploads\/2025\/12\/Crush001-1-1024x1024.png 1024w, https:\/\/boatmanboat.fr\/wp-content\/uploads\/2025\/12\/Crush001-1-300x300.png 300w, https:\/\/boatmanboat.fr\/wp-content\/uploads\/2025\/12\/Crush001-1-85x85.png 85w, https:\/\/boatmanboat.fr\/wp-content\/uploads\/2025\/12\/Crush001-1-768x768.png 768w, https:\/\/boatmanboat.fr\/wp-content\/uploads\/2025\/12\/Crush001-1-1536x1536.png 1536w, https:\/\/boatmanboat.fr\/wp-content\/uploads\/2025\/12\/Crush001-1-600x600.png 600w, https:\/\/boatmanboat.fr\/wp-content\/uploads\/2025\/12\/Crush001-1-100x100.png 100w, https:\/\/boatmanboat.fr\/wp-content\/uploads\/2025\/12\/Crush001-1-154x154.png 154w, https:\/\/boatmanboat.fr\/wp-content\/uploads\/2025\/12\/Crush001-1.png 1772w\" sizes=\"(max-width: 1024px) 100vw, 1024px\" \/><\/figure>\n<\/figure>\n\n\n\n<p><\/p>\n","protected":false},"excerpt":{"rendered":"<p>Le nouveau broyeur \u00e0 bouillettes et particules Boatman est \u00e9quip\u00e9 de 9 lames \u00ab \u00e9cureuil \u00bb en acier inoxydable. Gr\u00e2ce \u00e0 leur conception sp\u00e9ciale, ces lames broient m\u00eame les bouillettes [&hellip;]<\/p>\n","protected":false},"author":1,"featured_media":0,"parent":0,"menu_order":0,"comment_status":"closed","ping_status":"closed","template":"","meta":{"om_disable_all_campaigns":false,"_uag_custom_page_level_css":"","_monsterinsights_skip_tracking":false,"_monsterinsights_sitenote_active":false,"_monsterinsights_sitenote_note":"","_monsterinsights_sitenote_category":0,"footnotes":""},"class_list":["post-1276","page","type-page","status-publish","hentry"],"aioseo_notices":[],"uagb_featured_image_src":{"full":false,"thumbnail":false,"medium":false,"medium_large":false,"large":false,"1536x1536":false,"2048x2048":false,"woocommerce_thumbnail":false,"woocommerce_single":false,"woocommerce_gallery_thumbnail":false,"yith-woocompare-image":false},"uagb_author_info":{"display_name":"admin","author_link":"https:\/\/boatmanboat.fr\/?author=1"},"uagb_comment_info":0,"uagb_excerpt":"Le nouveau broyeur \u00e0 bouillettes et particules Boatman est \u00e9quip\u00e9 de 9 lames \u00ab \u00e9cureuil \u00bb en acier inoxydable. Gr\u00e2ce \u00e0 leur conception sp\u00e9ciale, ces lames broient m\u00eame les bouillettes [&hellip;]","jetpack_sharing_enabled":true,"_links":{"self":[{"href":"https:\/\/boatmanboat.fr\/index.php?rest_route=\/wp\/v2\/pages\/1276","targetHints":{"allow":["GET"]}}],"collection":[{"href":"https:\/\/boatmanboat.fr\/index.php?rest_route=\/wp\/v2\/pages"}],"about":[{"href":"https:\/\/boatmanboat.fr\/index.php?rest_route=\/wp\/v2\/types\/page"}],"author":[{"embeddable":true,"href":"https:\/\/boatmanboat.fr\/index.php?rest_route=\/wp\/v2\/users\/1"}],"replies":[{"embeddable":true,"href":"https:\/\/boatmanboat.fr\/index.php?rest_route=%2Fwp%2Fv2%2Fcomments&post=1276"}],"version-history":[{"count":22,"href":"https:\/\/boatmanboat.fr\/index.php?rest_route=\/wp\/v2\/pages\/1276\/revisions"}],"predecessor-version":[{"id":2477,"href":"https:\/\/boatmanboat.fr\/index.php?rest_route=\/wp\/v2\/pages\/1276\/revisions\/2477"}],"wp:attachment":[{"href":"https:\/\/boatmanboat.fr\/index.php?rest_route=%2Fwp%2Fv2%2Fmedia&parent=1276"}],"curies":[{"name":"wp","href":"https:\/\/api.w.org\/{rel}","templated":true}]}}