{"id":1556,"date":"2024-11-27T20:42:08","date_gmt":"2024-11-27T20:42:08","guid":{"rendered":"https:\/\/boatmanboat.fr\/?page_id=1556"},"modified":"2024-11-27T22:50:30","modified_gmt":"2024-11-27T22:50:30","slug":"lentretien-de-votre-bateau","status":"publish","type":"page","link":"https:\/\/boatmanboat.fr\/?page_id=1556","title":{"rendered":"L&rsquo;entretien de votre bateau"},"content":{"rendered":"\n<p>Un aspect tr\u00e8s important de votre bateau amorceur est son entretien !<\/p>\n\n\n<div class=\"wp-block-image\">\n<figure class=\"alignleft size-large is-resized\"><img fetchpriority=\"high\" decoding=\"async\" width=\"1024\" height=\"1024\" src=\"https:\/\/boatmanboat.fr\/wp-content\/uploads\/2024\/11\/blue-grease-1024x1024.jpg\" alt=\"\" class=\"wp-image-1566\" style=\"width:103px;height:auto\" srcset=\"https:\/\/boatmanboat.fr\/wp-content\/uploads\/2024\/11\/blue-grease-1024x1024.jpg 1024w, https:\/\/boatmanboat.fr\/wp-content\/uploads\/2024\/11\/blue-grease-300x300.jpg 300w, https:\/\/boatmanboat.fr\/wp-content\/uploads\/2024\/11\/blue-grease-150x150.jpg 150w, https:\/\/boatmanboat.fr\/wp-content\/uploads\/2024\/11\/blue-grease-768x768.jpg 768w, https:\/\/boatmanboat.fr\/wp-content\/uploads\/2024\/11\/blue-grease-600x600.jpg 600w, https:\/\/boatmanboat.fr\/wp-content\/uploads\/2024\/11\/blue-grease-100x100.jpg 100w, https:\/\/boatmanboat.fr\/wp-content\/uploads\/2024\/11\/blue-grease.jpg 1080w\" sizes=\"(max-width: 1024px) 100vw, 1024px\" \/><\/figure>\n<\/div>\n\n\n<p>Malheureusement, nous constatons une mauvaise maintenance chez de nombreux utilisateurs, ce qui peut causer des problems. <\/p>\n\n\n<div class=\"wp-block-image\">\n<figure class=\"alignright size-full is-resized\"><img decoding=\"async\" width=\"425\" height=\"318\" src=\"https:\/\/boatmanboat.fr\/wp-content\/uploads\/2024\/11\/safebag001.png\" alt=\"\" class=\"wp-image-1560\" style=\"width:111px;height:auto\" srcset=\"https:\/\/boatmanboat.fr\/wp-content\/uploads\/2024\/11\/safebag001.png 425w, https:\/\/boatmanboat.fr\/wp-content\/uploads\/2024\/11\/safebag001-300x224.png 300w\" sizes=\"(max-width: 425px) 100vw, 425px\" \/><\/figure>\n<\/div>\n\n\n<p>Vous trouverez ci-dessous quelques conseils utiles pour maintenir votre bateau dans des conditions optimales. (utilisez le chiffon bleu pratique fourni avec votre bateau)<\/p>\n\n\n\n<ul class=\"wp-block-list\">\n<li>Rincez le bateau apr\u00e8s chaque utilisation, ne remettez cela qu&rsquo;apr\u00e8s la p\u00eache<\/li>\n\n\n\n<li>Ranger le bateau avec la trappe ouverte apr\u00e8s la p\u00eache (cela permet \u00e0 la condensation de s&rsquo;\u00e9chapper, ne vous y trompez pas, \u00ab\u00a0tous\u00a0\u00bb les bateaux ont de la condensation)<\/li>\n\n\n\n<li>Chargez toujours votre (vos) batterie(s) \u00e0 l&rsquo;ext\u00e9rieur et loin du bateau et utilisez de pr\u00e9f\u00e9rence un <a href=\"?page_id=1562\" title=\"sac s\u00e9curis\u00e9\">sac s\u00e9curis\u00e9<\/a>. (en savoir plus sur les directives sp\u00e9cifiques pour charger et entretenir les batteries)<\/li>\n\n\n\n<li>Chargez r\u00e9guli\u00e8rement votre ou vos batteries, en moyenne tous les +\/-2 mois pendant environ une heure, cela prolongera consid\u00e9rablement leur dur\u00e9e de vie.<\/li>\n\n\n\n<li>Utilisez uniquement le chargeur d&rsquo;origine fourni<\/li>\n\n\n\n<li>V\u00e9rifiez r\u00e9guli\u00e8rement la salet\u00e9 r\u00e9siduelle entre les h\u00e9lices<\/li>\n\n\n\n<li><a href=\"https:\/\/boatmanboat.fr\/?page_id=1565\" title=\"Blue Graise Graisse lubrifiante imperm\u00e9able\">Lubrifier<\/a> l&rsquo;entr\u00e9e des essieux 2\/3 fois par an (de pr\u00e9f\u00e9rence avec de la <a href=\"https:\/\/boatmanboat.fr\/?page_id=1565\" title=\"Blue Graise Graisse lubrifiante imperm\u00e9able\">graisse imperm\u00e9able<\/a>)<\/li>\n<\/ul>\n\n\n\n<p>Charger et entretenir votre (vos) batterie(s) n\u00e9cessite toute l\u2019attention n\u00e9cessaire.<br>Veuillez lire attentivement ce manuel, il peut \u00e9viter de nombreux probl\u00e8mes avec votre (vos) batterie(s).<\/p>\n\n\n<div class=\"wp-block-image\">\n<figure class=\"alignleft size-full is-resized\"><img decoding=\"async\" width=\"300\" height=\"299\" src=\"https:\/\/boatmanboat.fr\/wp-content\/uploads\/2024\/11\/tip.jpg\" alt=\"\" class=\"wp-image-1582\" style=\"width:101px;height:auto\" srcset=\"https:\/\/boatmanboat.fr\/wp-content\/uploads\/2024\/11\/tip.jpg 300w, https:\/\/boatmanboat.fr\/wp-content\/uploads\/2024\/11\/tip-150x150.jpg 150w, https:\/\/boatmanboat.fr\/wp-content\/uploads\/2024\/11\/tip-100x100.jpg 100w\" sizes=\"(max-width: 300px) 100vw, 300px\" \/><\/figure>\n<\/div>\n\n\n<p><a href=\"https:\/\/boatmanboat.fr\/?page_id=1581\" title=\"Entretien et utilization des batteries\">Lisez ici les r\u00e8gles de s\u00e9curit\u00e9 pour charger et stocker vos batteries.<\/a><\/p>\n\n\n\n<p><\/p>\n","protected":false},"excerpt":{"rendered":"<p>Un aspect tr\u00e8s important de votre bateau amorceur est son entretien ! Malheureusement, nous constatons une mauvaise maintenance chez de nombreux utilisateurs, ce qui peut causer des problems. Vous trouverez [&hellip;]<\/p>\n","protected":false},"author":1,"featured_media":0,"parent":0,"menu_order":0,"comment_status":"closed","ping_status":"closed","template":"","meta":{"om_disable_all_campaigns":false,"_uag_custom_page_level_css":"","_monsterinsights_skip_tracking":false,"_monsterinsights_sitenote_active":false,"_monsterinsights_sitenote_note":"","_monsterinsights_sitenote_category":0,"footnotes":""},"class_list":["post-1556","page","type-page","status-publish","hentry"],"aioseo_notices":[],"uagb_featured_image_src":{"full":false,"thumbnail":false,"medium":false,"medium_large":false,"large":false,"1536x1536":false,"2048x2048":false,"woocommerce_thumbnail":false,"woocommerce_single":false,"woocommerce_gallery_thumbnail":false,"yith-woocompare-image":false},"uagb_author_info":{"display_name":"admin","author_link":"https:\/\/boatmanboat.fr\/?author=1"},"uagb_comment_info":0,"uagb_excerpt":"Un aspect tr\u00e8s important de votre bateau amorceur est son entretien ! Malheureusement, nous constatons une mauvaise maintenance chez de nombreux utilisateurs, ce qui peut causer des problems. Vous trouverez [&hellip;]","jetpack_sharing_enabled":true,"_links":{"self":[{"href":"https:\/\/boatmanboat.fr\/index.php?rest_route=\/wp\/v2\/pages\/1556","targetHints":{"allow":["GET"]}}],"collection":[{"href":"https:\/\/boatmanboat.fr\/index.php?rest_route=\/wp\/v2\/pages"}],"about":[{"href":"https:\/\/boatmanboat.fr\/index.php?rest_route=\/wp\/v2\/types\/page"}],"author":[{"embeddable":true,"href":"https:\/\/boatmanboat.fr\/index.php?rest_route=\/wp\/v2\/users\/1"}],"replies":[{"embeddable":true,"href":"https:\/\/boatmanboat.fr\/index.php?rest_route=%2Fwp%2Fv2%2Fcomments&post=1556"}],"version-history":[{"count":6,"href":"https:\/\/boatmanboat.fr\/index.php?rest_route=\/wp\/v2\/pages\/1556\/revisions"}],"predecessor-version":[{"id":1595,"href":"https:\/\/boatmanboat.fr\/index.php?rest_route=\/wp\/v2\/pages\/1556\/revisions\/1595"}],"wp:attachment":[{"href":"https:\/\/boatmanboat.fr\/index.php?rest_route=%2Fwp%2Fv2%2Fmedia&parent=1556"}],"curies":[{"name":"wp","href":"https:\/\/api.w.org\/{rel}","templated":true}]}}