{"id":1565,"date":"2024-11-27T21:02:00","date_gmt":"2024-11-27T21:02:00","guid":{"rendered":"https:\/\/boatmanboat.fr\/?page_id=1565"},"modified":"2024-11-27T22:52:02","modified_gmt":"2024-11-27T22:52:02","slug":"blue-graise-graisse-lubrifiante-impermeable","status":"publish","type":"page","link":"https:\/\/boatmanboat.fr\/?page_id=1565","title":{"rendered":"Blue Graise Graisse lubrifiante imperm\u00e9able"},"content":{"rendered":"\n<div data-block-name=\"woocommerce\/single-product\" data-product-id=\"1573\" data-wp-context=\"{&quot;productId&quot;:1573,&quot;variationId&quot;:null}\" data-wp-interactive=\"woocommerce\/single-product\" class=\"wp-block-woocommerce-single-product woocommerce\">\n<div class=\"wp-block-columns is-layout-flex wp-container-core-columns-is-layout-9d6595d7 wp-block-columns-is-layout-flex\">\n<div class=\"wp-block-column is-layout-flow wp-block-column-is-layout-flow\"><div data-block-name=\"woocommerce\/product-image\" data-is-descendent-of-single-product-block=\"true\" data-show-sale-badge=\"false\" class=\"wc-block-components-product-image wc-block-grid__product-image wc-block-components-product-image--aspect-ratio-auto wp-block-woocommerce-product-image\"><a href=\"https:\/\/boatmanboat.fr\/?product=blue-grease\" style=\"\" data-wp-on--click=\"woocommerce\/product-collection::actions.viewProduct\"><img fetchpriority=\"high\" decoding=\"async\" width=\"600\" height=\"600\" src=\"https:\/\/boatmanboat.fr\/wp-content\/uploads\/2024\/11\/blue-grease-600x600.jpg\" class=\"attachment-woocommerce_single size-woocommerce_single\" alt=\"Blue grease\" data-testid=\"product-image\" data-image-id=\"1566\" style=\"object-fit:cover;\" srcset=\"https:\/\/boatmanboat.fr\/wp-content\/uploads\/2024\/11\/blue-grease-600x600.jpg 600w, https:\/\/boatmanboat.fr\/wp-content\/uploads\/2024\/11\/blue-grease-300x300.jpg 300w, https:\/\/boatmanboat.fr\/wp-content\/uploads\/2024\/11\/blue-grease-1024x1024.jpg 1024w, https:\/\/boatmanboat.fr\/wp-content\/uploads\/2024\/11\/blue-grease-150x150.jpg 150w, https:\/\/boatmanboat.fr\/wp-content\/uploads\/2024\/11\/blue-grease-768x768.jpg 768w, https:\/\/boatmanboat.fr\/wp-content\/uploads\/2024\/11\/blue-grease-100x100.jpg 100w, https:\/\/boatmanboat.fr\/wp-content\/uploads\/2024\/11\/blue-grease.jpg 1080w\" sizes=\"(max-width: 600px) 100vw, 600px\" \/><div class=\"wc-block-components-product-image__inner-container\"><\/div><\/a><\/div><\/div>\n\n\n\n<div class=\"wp-block-column is-layout-flow wp-block-column-is-layout-flow\"><h2 class=\"wp-block-post-title\"><a href=\"https:\/\/boatmanboat.fr\/?product=blue-grease\" target=\"_self\" >Blue grease<\/a><\/h2>\n\n\n\n<div data-block-name=\"woocommerce\/product-price\" data-is-descendent-of-single-product-block=\"true\" class=\"wp-block-woocommerce-product-price\" ><div class=\"wc-block-components-product-price wc-block-grid__product-price\" >\n\t\t\t\t\t<del aria-hidden=\"true\"><span class=\"woocommerce-Price-amount amount\"><bdi><span class=\"woocommerce-Price-currencySymbol\">&euro;<\/span>&nbsp;42,99<\/bdi><\/span><\/del> <span class=\"screen-reader-text\">Le prix initial \u00e9tait\u00a0: &euro;&nbsp;42,99.<\/span><ins aria-hidden=\"true\"><span class=\"woocommerce-Price-amount amount\"><bdi><span class=\"woocommerce-Price-currencySymbol\">&euro;<\/span>&nbsp;35,00<\/bdi><\/span><\/ins><span class=\"screen-reader-text\">Le prix actuel est\u00a0: &euro;&nbsp;35,00.<\/span>\n\t\t\t\t<\/div><\/div>\n\n<div class=\"wp-block-post-excerpt\"><p class=\"wp-block-post-excerpt__excerpt\">Blue Grease est une graisse multifonctionnelle imperm\u00e9able de haute qualit\u00e9, id\u00e9ale pour l&rsquo;entretien de votre bateau. <\/p><\/div>\n\n\t<div data-block-name=\"woocommerce\/add-to-cart-form\" data-is-descendent-of-single-product-block=\"true\" class=\"wp-block-add-to-cart-form wc-block-add-to-cart-form wc-block-add-to-cart-form--input wp-block-woocommerce-add-to-cart-form\" >\n\t\n\t<form class=\"cart\" action=\"https:\/\/boatmanboat.fr\/?product=blue-grease\" method=\"post\" enctype='multipart\/form-data'>\n\t\t\n\t\t<div class=\"quantity\">\n\t\t<label class=\"screen-reader-text\" for=\"quantity_69e38ff38efdc\">quantit\u00e9 de Blue grease<\/label>\n\t<input\n\t\ttype=\"number\"\n\t\t\t\tid=\"quantity_69e38ff38efdc\"\n\t\tclass=\"input-text qty text\"\n\t\tname=\"quantity\"\n\t\tvalue=\"1\"\n\t\taria-label=\"Quantit\u00e9 de produits\"\n\t\t\t\tmin=\"1\"\n\t\t\t\t\t\t\tstep=\"1\"\n\t\t\tplaceholder=\"\"\n\t\t\tinputmode=\"numeric\"\n\t\t\tautocomplete=\"off\"\n\t\t\t\/>\n\t<\/div>\n\n\t\t<button type=\"submit\" name=\"add-to-cart\" value=\"1573\" class=\"single_add_to_cart_button button alt\">Ajouter au panier<\/button>\n\n\t\t\t<\/form>\n\n\t\n<\/div>\r\n\t<div class=\"yith-wccp-compare\">\r\n\t\t\t<a\r\n\t\thref=\"https:\/\/boatmanboat.fr?action=yith-woocompare-add-product&#038;id=1573\"\r\n\t\tclass=\"compare button  \"\r\n\t\tdata-product_id=\"1573\"\r\n\t\ttarget=\"_self\"\r\n\t\trel=\"nofollow\"\r\n\t>\r\n\t\t\t\t<span class=\"label\">\r\n\t\t\tCompare\t\t<\/span>\r\n\t<\/a>\r\n\r\n\t<\/div>\n\n\n<div data-block-name=\"woocommerce\/product-meta\" class=\"wp-block-woocommerce-product-meta\">\n<div class=\"wp-block-group is-nowrap is-layout-flex wp-container-core-group-is-layout-ad2f72ca wp-block-group-is-layout-flex\">\n\n<div class=\"taxonomy-product_cat wp-block-post-terms\"><span class=\"wp-block-post-terms__prefix\">Categorie: <\/span><a href=\"https:\/\/boatmanboat.fr\/?product_cat=accessories\" rel=\"tag\">Accessories<\/a><\/div>\n\n<div class=\"taxonomy-product_tag wp-block-post-terms\"><span class=\"wp-block-post-terms__prefix\">Tags: <\/span><a href=\"https:\/\/boatmanboat.fr\/?product_tag=axes\" rel=\"tag\">axes<\/a><span class=\"wp-block-post-terms__separator\">, <\/span><a href=\"https:\/\/boatmanboat.fr\/?product_tag=blue-grease\" rel=\"tag\">blue grease<\/a><span class=\"wp-block-post-terms__separator\">, <\/span><a href=\"https:\/\/boatmanboat.fr\/?product_tag=boatman\" rel=\"tag\">Boatman<\/a><span class=\"wp-block-post-terms__separator\">, <\/span><a href=\"https:\/\/boatmanboat.fr\/?product_tag=kent\" rel=\"tag\">kent<\/a><span class=\"wp-block-post-terms__separator\">, <\/span><a href=\"https:\/\/boatmanboat.fr\/?product_tag=lubricant\" rel=\"tag\">lubricant<\/a><span class=\"wp-block-post-terms__separator\">, <\/span><a href=\"https:\/\/boatmanboat.fr\/?product_tag=maintenance\" rel=\"tag\">maintenance<\/a><\/div><\/div>\n<\/div>\n<\/div>\n<\/div>\n<\/div>\n\n\n\n<p>Garder votre bateau dans un \u00e9tat optimal n\u2019est pas si difficile.<\/p>\n\n\n<div class=\"wp-block-image\">\n<figure class=\"alignleft size-large is-resized\"><img decoding=\"async\" width=\"1024\" height=\"1024\" src=\"https:\/\/boatmanboat.fr\/wp-content\/uploads\/2024\/11\/blue-grease-1024x1024.jpg\" alt=\"\" class=\"wp-image-1566\" style=\"width:182px;height:auto\" srcset=\"https:\/\/boatmanboat.fr\/wp-content\/uploads\/2024\/11\/blue-grease-1024x1024.jpg 1024w, https:\/\/boatmanboat.fr\/wp-content\/uploads\/2024\/11\/blue-grease-300x300.jpg 300w, https:\/\/boatmanboat.fr\/wp-content\/uploads\/2024\/11\/blue-grease-150x150.jpg 150w, https:\/\/boatmanboat.fr\/wp-content\/uploads\/2024\/11\/blue-grease-768x768.jpg 768w, https:\/\/boatmanboat.fr\/wp-content\/uploads\/2024\/11\/blue-grease-600x600.jpg 600w, https:\/\/boatmanboat.fr\/wp-content\/uploads\/2024\/11\/blue-grease-100x100.jpg 100w, https:\/\/boatmanboat.fr\/wp-content\/uploads\/2024\/11\/blue-grease.jpg 1080w\" sizes=\"(max-width: 1024px) 100vw, 1024px\" \/><\/figure>\n<\/div>\n\n\n<p>Rincez le bateau \u00e0 chaque fois que vous avez navigu\u00e9 avec de la nourriture collante, des particules, des pellets, etc&#8230;.<\/p>\n\n\n\n<p>Mais pour lubrifier vos axes nous avons la solution id\u00e9ale pour vous, Blue Grease&#8230;..<\/p>\n\n\n\n<p>De par son excellente r\u00e9sistance \u00e0 l&rsquo;eau, la Blue Grease est id\u00e9ale pour lubrifier les axes du bateau, elle est tr\u00e8s simple \u00e0 appliquer \u00e0 l&rsquo;aide de la paille pulv\u00e9ris\u00e9e existante.<\/p>\n\n\n<div class=\"wp-block-image\">\n<figure class=\"alignright size-large is-resized\"><img decoding=\"async\" width=\"481\" height=\"1024\" src=\"https:\/\/boatmanboat.fr\/wp-content\/uploads\/2024\/11\/blue-grease-481x1024.png\" alt=\"\" class=\"wp-image-1567\" style=\"width:77px;height:auto\" srcset=\"https:\/\/boatmanboat.fr\/wp-content\/uploads\/2024\/11\/blue-grease-481x1024.png 481w, https:\/\/boatmanboat.fr\/wp-content\/uploads\/2024\/11\/blue-grease-141x300.png 141w, https:\/\/boatmanboat.fr\/wp-content\/uploads\/2024\/11\/blue-grease.png 507w\" sizes=\"(max-width: 481px) 100vw, 481px\" \/><\/figure>\n<\/div>\n\n\n<p>Mais les points charni\u00e8res du bateau (trappes d&rsquo;alimentation) peuvent \u00e9galement \u00eatre parfaitement trait\u00e9s avec ce lubrifiant.<\/p>\n\n\n\n<p>Ce lubrifiant vaut largement son argent et le dosage pr\u00e9cis signifie que vous pouvez utiliser cet a\u00e9rosol pendant des ann\u00e9es.<\/p>\n\n\n\n<ul class=\"wp-block-list\">\n<li>Excellente r\u00e9sistance aux variations de temp\u00e9ratures &#8211; fonctionne dans des conditions extr\u00eames (de -20\u00b0 \u00e0 100\u00b0+)<\/li>\n\n\n\n<li>R\u00e9duit l&rsquo;usure due au frottement<\/li>\n\n\n\n<li>Bonne r\u00e9sistance \u00e0 l&rsquo;eau &#8211; ne s&rsquo;\u00e9mulsionne pas avec l&rsquo;eau<\/li>\n\n\n\n<li>Excellente adh\u00e9rence \u2013 reste l\u00e0 o\u00f9 il est appliqu\u00e9<\/li>\n\n\n\n<li>R\u00e9sistant \u00e0 la corrosion et \u00e0 l&rsquo;oxydation &#8211; prot\u00e8ge les pi\u00e8ces mobiles<\/li>\n<\/ul>\n","protected":false},"excerpt":{"rendered":"<p>Garder votre bateau dans un \u00e9tat optimal n\u2019est pas si difficile. Rincez le bateau \u00e0 chaque fois que vous avez navigu\u00e9 avec de la nourriture collante, des particules, des pellets, [&hellip;]<\/p>\n","protected":false},"author":1,"featured_media":1566,"parent":0,"menu_order":0,"comment_status":"closed","ping_status":"closed","template":"","meta":{"om_disable_all_campaigns":false,"_uag_custom_page_level_css":"","_monsterinsights_skip_tracking":false,"_monsterinsights_sitenote_active":false,"_monsterinsights_sitenote_note":"","_monsterinsights_sitenote_category":0,"footnotes":""},"class_list":["post-1565","page","type-page","status-publish","has-post-thumbnail","hentry"],"aioseo_notices":[],"uagb_featured_image_src":{"full":["https:\/\/boatmanboat.fr\/wp-content\/uploads\/2024\/11\/blue-grease.jpg",1080,1080,false],"thumbnail":["https:\/\/boatmanboat.fr\/wp-content\/uploads\/2024\/11\/blue-grease-150x150.jpg",85,85,true],"medium":["https:\/\/boatmanboat.fr\/wp-content\/uploads\/2024\/11\/blue-grease-300x300.jpg",300,300,true],"medium_large":["https:\/\/boatmanboat.fr\/wp-content\/uploads\/2024\/11\/blue-grease-768x768.jpg",768,768,true],"large":["https:\/\/boatmanboat.fr\/wp-content\/uploads\/2024\/11\/blue-grease-1024x1024.jpg",1024,1024,true],"1536x1536":["https:\/\/boatmanboat.fr\/wp-content\/uploads\/2024\/11\/blue-grease.jpg",1080,1080,false],"2048x2048":["https:\/\/boatmanboat.fr\/wp-content\/uploads\/2024\/11\/blue-grease.jpg",1080,1080,false],"woocommerce_thumbnail":["https:\/\/boatmanboat.fr\/wp-content\/uploads\/2024\/11\/blue-grease-300x300.jpg",300,300,true],"woocommerce_single":["https:\/\/boatmanboat.fr\/wp-content\/uploads\/2024\/11\/blue-grease-600x600.jpg",600,600,true],"woocommerce_gallery_thumbnail":["https:\/\/boatmanboat.fr\/wp-content\/uploads\/2024\/11\/blue-grease-100x100.jpg",100,100,true],"yith-woocompare-image":["https:\/\/boatmanboat.fr\/wp-content\/uploads\/2024\/11\/blue-grease-220x154.jpg",220,154,true]},"uagb_author_info":{"display_name":"admin","author_link":"https:\/\/boatmanboat.fr\/?author=1"},"uagb_comment_info":0,"uagb_excerpt":"Garder votre bateau dans un \u00e9tat optimal n\u2019est pas si difficile. Rincez le bateau \u00e0 chaque fois que vous avez navigu\u00e9 avec de la nourriture collante, des particules, des pellets, [&hellip;]","jetpack_sharing_enabled":true,"_links":{"self":[{"href":"https:\/\/boatmanboat.fr\/index.php?rest_route=\/wp\/v2\/pages\/1565","targetHints":{"allow":["GET"]}}],"collection":[{"href":"https:\/\/boatmanboat.fr\/index.php?rest_route=\/wp\/v2\/pages"}],"about":[{"href":"https:\/\/boatmanboat.fr\/index.php?rest_route=\/wp\/v2\/types\/page"}],"author":[{"embeddable":true,"href":"https:\/\/boatmanboat.fr\/index.php?rest_route=\/wp\/v2\/users\/1"}],"replies":[{"embeddable":true,"href":"https:\/\/boatmanboat.fr\/index.php?rest_route=%2Fwp%2Fv2%2Fcomments&post=1565"}],"version-history":[{"count":6,"href":"https:\/\/boatmanboat.fr\/index.php?rest_route=\/wp\/v2\/pages\/1565\/revisions"}],"predecessor-version":[{"id":1598,"href":"https:\/\/boatmanboat.fr\/index.php?rest_route=\/wp\/v2\/pages\/1565\/revisions\/1598"}],"wp:featuredmedia":[{"embeddable":true,"href":"https:\/\/boatmanboat.fr\/index.php?rest_route=\/wp\/v2\/media\/1566"}],"wp:attachment":[{"href":"https:\/\/boatmanboat.fr\/index.php?rest_route=%2Fwp%2Fv2%2Fmedia&parent=1565"}],"curies":[{"name":"wp","href":"https:\/\/api.w.org\/{rel}","templated":true}]}}