{"id":1581,"date":"2024-11-27T22:27:49","date_gmt":"2024-11-27T22:27:49","guid":{"rendered":"https:\/\/boatmanboat.fr\/?page_id=1581"},"modified":"2024-11-27T22:31:35","modified_gmt":"2024-11-27T22:31:35","slug":"entretien-et-utilization-des-batteries","status":"publish","type":"page","link":"https:\/\/boatmanboat.fr\/?page_id=1581","title":{"rendered":"Entretien et utilization des batteries"},"content":{"rendered":"\n<p>Charger et entretenir votre (vos) batterie(s) n\u00e9cessite toute l\u2019attention n\u00e9cessaire.<br>Veuillez lire attentivement ce manuel, il peut \u00e9viter de nombreux probl\u00e8mes avec votre (vos) batterie(s).<\/p>\n\n\n\n<ul class=\"wp-block-list\">\n<li>Ne chargez jamais la batterie sans surveillance<\/li>\n\n\n\n<li>Retirez la ou les batteries du chargeur lorsqu&rsquo;elles sont charg\u00e9es et d\u00e9branchez le chargeur de la prise murale.<\/li>\n\n\n\n<li>Si possible, chargez la ou les batteries \u00e0 proximit\u00e9 d&rsquo;un d\u00e9tecteur de fum\u00e9e et surveillez attentivement le processus de charge.<\/li>\n\n\n\n<li>NE JAMAIS charger la ou les batteries dans le bateau.<\/li>\n\n\n\n<li>NE JAMAIS stocker la batterie compl\u00e8tement charg\u00e9e ni vider la ou les batteries pour le stockage.<\/li>\n\n\n\n<li>NE JAMAIS laisser la ou les batteries sans surveillance pendant la charge, surveiller le processus de charge et r\u00e9agir \u00e0 tout probl\u00e8me qui pourrait survenir.<\/li>\n\n\n\n<li>NE JAMAIS charger une ou plusieurs batteries chaudes, laissez-les toujours refroidir au pr\u00e9alable.<\/li>\n\n\n\n<li>Utilisez toujours le chargeur BOATMAN fourni. D&rsquo;autres chargeurs peuvent causer des dommages permanents \u00e0 la ou aux batteries et provoquer un incendie.<\/li>\n\n\n\n<li>NE JAMAIS charger la ou les batteries plus longtemps que n\u00e9cessaire. Une surcharge affectera n\u00e9gativement la dur\u00e9e de vie de la ou des batteries.<\/li>\n\n\n\n<li>NE JAMAIS stocker les batteries dans un endroit o\u00f9 les temp\u00e9ratures d\u00e9passent 25\u00b0C (80\u00b0F) pendant des p\u00e9riodes prolong\u00e9es. (par exemple jamais dans une voiture, un garage, une cuisine ou au soleil)<\/li>\n\n\n\n<li>TOUJOURS stocker les batteries dans un endroit frais et sec entre 5 et 25 \u00b0C (40 et 80 \u00b0F).<\/li>\n\n\n\n<li>Assurez-vous que les c\u00e2bles positif et n\u00e9gatif de la ou des batteries ou du chargeur ne se touchent JAMAIS, car cela pourrait provoquer un court-circuit avec toutes ses cons\u00e9quences (batteries d\u00e9fectueuses, incendie, etc.)<\/li>\n\n\n\n<li>Ne d\u00e9montez jamais la batterie, une installation incorrecte peut provoquer un court-circuit dans la ou les batteries et provoquer un incendie.<\/li>\n\n\n\n<li>NE JAMAIS charger une ou plusieurs batteries gonfl\u00e9es ou gonfl\u00e9es (m\u00eame si elles sont gonfl\u00e9es lors de l&rsquo;achat, veuillez nous contacter imm\u00e9diatement apr\u00e8s l&rsquo;achat).<br>-Continuer \u00e0 charger une ou plusieurs batteries gonfl\u00e9es peut provoquer un incendie.<\/li>\n<\/ul>\n\n\n\n<p>Si la batterie atteint des temp\u00e9ratures \u00e9lev\u00e9es pendant la charge, proc\u00e9dez comme suit&nbsp;:<\/p>\n\n\n\n<ul class=\"wp-block-list\">\n<li>ARR\u00caTEZ le processus de charge et d\u00e9branchez imm\u00e9diatement la ou les batteries.<\/li>\n\n\n\n<li>D\u00e9branchez imm\u00e9diatement les batteries du chargeur.<\/li>\n\n\n\n<li>Placez les piles dans un endroit ouvert et non inflammable.<\/li>\n\n\n\n<li>Surveillez les batteries \u00e0 distance de s\u00e9curit\u00e9 pendant au moins 30 minutes.<\/li>\n\n\n\n<li>Suivez la proc\u00e9dure correcte pour \u00e9liminer les piles (voir les r\u00e9glementations locales de votre r\u00e9gion ou pays).<\/li>\n\n\n\n<li>TOUJOURS inspecter la batterie avant de la charger pour vous assurer qu&rsquo;elle ne pr\u00e9sente aucun signe de dommage, de d\u00e9formation ou de gonflement.<\/li>\n<\/ul>\n\n\n\n<p>Si tel est le cas, ARR\u00caTEZ imm\u00e9diatement de charger la batterie et suivez la proc\u00e9dure appropri\u00e9e pour mettre au rebut la batterie (voir les r\u00e9glementations locales de votre r\u00e9gion ou pays).<\/p>\n\n\n\n<ul class=\"wp-block-list\">\n<li>Gardez toujours le chargeur et les batteries \u00e0 l&rsquo;abri de l&rsquo;humidit\u00e9, de l&rsquo;eau, des temp\u00e9ratures \u00e9lev\u00e9es et de tout autre environnement peu propice au chargement des batteries.<\/li>\n\n\n\n<li>Chargez TOUJOURS les batteries dans un sac ignifuge ou un safe-bag et loin des mat\u00e9riaux inflammables.<\/li>\n\n\n\n<li>NE chargez PAS la batterie sur des surfaces facilement inflammables, telles que le bois, le tissu, la moquette, etc.<\/li>\n\n\n\n<li>NE PAS charger dans des zones o\u00f9 un incendie pourrait se produire, comme la cuisine, le garage, l&rsquo;entrep\u00f4t, etc.<\/li>\n<\/ul>\n\n\n\n<p>Suivez ces \u00e9tapes si vous laissez tomber accidentellement la batterie et qu&rsquo;elle atteint soudainement des temp\u00e9ratures \u00e9lev\u00e9es&nbsp;:<\/p>\n\n\n\n<ul class=\"wp-block-list\">\n<li>Placez les piles dans un endroit ouvert et non inflammable (\u00e9ventuellement un seau d&rsquo;eau)<\/li>\n\n\n\n<li>Surveillez les batteries \u00e0 distance de s\u00e9curit\u00e9 pendant au moins 30 minutes.<\/li>\n\n\n\n<li>Si la batterie semble stable (aucun signe de dommage ou de gonflement), soyez prudent lors de sa remise en service.<\/li>\n\n\n\n<li>Gardez les piles hors de port\u00e9e des enfants et des animaux domestiques.<\/li>\n\n\n\n<li>\u00c9vitez une d\u00e9charge excessive de la batterie\u00a0; cela peut causer des dommages permanents aux batteries.<\/li>\n\n\n\n<li>Manipulez les batteries avec pr\u00e9caution, les laisser tomber pourrait provoquer des dommages permanents.<\/li>\n\n\n\n<li>N&rsquo;utilisez pas une batterie tomb\u00e9e, malheureusement le risque est trop grand.<\/li>\n<\/ul>\n\n\n\n<p>En achetant ce produit, vous acceptez que Boatman France\/Belgique ne puisse en aucun cas \u00eatre tenu responsable des dommages cons\u00e9cutifs caus\u00e9s par le produit livr\u00e9 et sa mauvaise utilisation.<\/p>\n","protected":false},"excerpt":{"rendered":"<p>Charger et entretenir votre (vos) batterie(s) n\u00e9cessite toute l\u2019attention n\u00e9cessaire.Veuillez lire attentivement ce manuel, il peut \u00e9viter de nombreux probl\u00e8mes avec votre (vos) batterie(s). Si la batterie atteint des temp\u00e9ratures [&hellip;]<\/p>\n","protected":false},"author":1,"featured_media":0,"parent":0,"menu_order":0,"comment_status":"closed","ping_status":"closed","template":"","meta":{"om_disable_all_campaigns":false,"_uag_custom_page_level_css":"","_monsterinsights_skip_tracking":false,"_monsterinsights_sitenote_active":false,"_monsterinsights_sitenote_note":"","_monsterinsights_sitenote_category":0,"footnotes":""},"class_list":["post-1581","page","type-page","status-publish","hentry"],"aioseo_notices":[],"uagb_featured_image_src":{"full":false,"thumbnail":false,"medium":false,"medium_large":false,"large":false,"1536x1536":false,"2048x2048":false,"woocommerce_thumbnail":false,"woocommerce_single":false,"woocommerce_gallery_thumbnail":false,"yith-woocompare-image":false},"uagb_author_info":{"display_name":"admin","author_link":"https:\/\/boatmanboat.fr\/?author=1"},"uagb_comment_info":0,"uagb_excerpt":"Charger et entretenir votre (vos) batterie(s) n\u00e9cessite toute l\u2019attention n\u00e9cessaire.Veuillez lire attentivement ce manuel, il peut \u00e9viter de nombreux probl\u00e8mes avec votre (vos) batterie(s). Si la batterie atteint des temp\u00e9ratures [&hellip;]","jetpack_sharing_enabled":true,"_links":{"self":[{"href":"https:\/\/boatmanboat.fr\/index.php?rest_route=\/wp\/v2\/pages\/1581","targetHints":{"allow":["GET"]}}],"collection":[{"href":"https:\/\/boatmanboat.fr\/index.php?rest_route=\/wp\/v2\/pages"}],"about":[{"href":"https:\/\/boatmanboat.fr\/index.php?rest_route=\/wp\/v2\/types\/page"}],"author":[{"embeddable":true,"href":"https:\/\/boatmanboat.fr\/index.php?rest_route=\/wp\/v2\/users\/1"}],"replies":[{"embeddable":true,"href":"https:\/\/boatmanboat.fr\/index.php?rest_route=%2Fwp%2Fv2%2Fcomments&post=1581"}],"version-history":[{"count":1,"href":"https:\/\/boatmanboat.fr\/index.php?rest_route=\/wp\/v2\/pages\/1581\/revisions"}],"predecessor-version":[{"id":1585,"href":"https:\/\/boatmanboat.fr\/index.php?rest_route=\/wp\/v2\/pages\/1581\/revisions\/1585"}],"wp:attachment":[{"href":"https:\/\/boatmanboat.fr\/index.php?rest_route=%2Fwp%2Fv2%2Fmedia&parent=1581"}],"curies":[{"name":"wp","href":"https:\/\/api.w.org\/{rel}","templated":true}]}}