{"id":1602,"date":"2024-11-28T07:49:22","date_gmt":"2024-11-28T07:49:22","guid":{"rendered":"https:\/\/boatmanboat.fr\/?page_id=1602"},"modified":"2024-11-28T08:08:26","modified_gmt":"2024-11-28T08:08:26","slug":"sacs-de-transport","status":"publish","type":"page","link":"https:\/\/boatmanboat.fr\/?page_id=1602","title":{"rendered":"Sacs de transport"},"content":{"rendered":"\n<div data-block-name=\"woocommerce\/single-product\" data-product-id=\"1613\" data-wp-context=\"{&quot;productId&quot;:1613,&quot;variationId&quot;:null}\" data-wp-interactive=\"woocommerce\/single-product\" class=\"wp-block-woocommerce-single-product woocommerce\">\n<div class=\"wp-block-columns is-layout-flex wp-container-core-columns-is-layout-9d6595d7 wp-block-columns-is-layout-flex\">\n<div class=\"wp-block-column is-layout-flow wp-block-column-is-layout-flow\"><div data-block-name=\"woocommerce\/product-image\" data-is-descendent-of-single-product-block=\"true\" data-show-sale-badge=\"false\" class=\"wc-block-components-product-image wc-block-grid__product-image wc-block-components-product-image--aspect-ratio-auto wp-block-woocommerce-product-image\"><a href=\"https:\/\/boatmanboat.fr\/?product=sacs-de-transport\" style=\"\" data-wp-on--click=\"woocommerce\/product-collection::actions.viewProduct\"><img fetchpriority=\"high\" decoding=\"async\" width=\"600\" height=\"450\" src=\"https:\/\/boatmanboat.fr\/wp-content\/uploads\/2024\/11\/4038637521-600x450.jpg\" class=\"attachment-woocommerce_single size-woocommerce_single\" alt=\"Sacs de transport\" data-testid=\"product-image\" data-image-id=\"1609\" style=\"object-fit:cover;\" srcset=\"https:\/\/boatmanboat.fr\/wp-content\/uploads\/2024\/11\/4038637521-600x450.jpg 600w, https:\/\/boatmanboat.fr\/wp-content\/uploads\/2024\/11\/4038637521-300x225.jpg 300w, https:\/\/boatmanboat.fr\/wp-content\/uploads\/2024\/11\/4038637521-1024x768.jpg 1024w, https:\/\/boatmanboat.fr\/wp-content\/uploads\/2024\/11\/4038637521-768x576.jpg 768w, https:\/\/boatmanboat.fr\/wp-content\/uploads\/2024\/11\/4038637521.jpg 1440w\" sizes=\"(max-width: 600px) 100vw, 600px\" \/><div class=\"wc-block-components-product-image__inner-container\"><\/div><\/a><\/div><\/div>\n\n\n\n<div class=\"wp-block-column is-layout-flow wp-block-column-is-layout-flow\"><h2 class=\"wp-block-post-title\"><a href=\"https:\/\/boatmanboat.fr\/?product=sacs-de-transport\" target=\"_self\" >Sacs de transport<\/a><\/h2>\n\n\n\n<div data-block-name=\"woocommerce\/product-price\" data-is-descendent-of-single-product-block=\"true\" class=\"wp-block-woocommerce-product-price\" data-wp-interactive=\"woocommerce\/product-elements\" data-wp-context='{\"productElementKey\":\"price_html\"}'><div class=\"wc-block-components-product-price wc-block-grid__product-price\" data-wp-watch=\"callbacks.updateValue\" aria-live=\"polite\" aria-atomic=\"true\">\n\t\t\t\t\t<span class=\"woocommerce-Price-amount amount\" aria-hidden=\"true\"><bdi><span class=\"woocommerce-Price-currencySymbol\">&euro;<\/span>&nbsp;29,99<\/bdi><\/span> <span aria-hidden=\"true\">\u00a0\u2013\u00a0<\/span> <span class=\"woocommerce-Price-amount amount\" aria-hidden=\"true\"><bdi><span class=\"woocommerce-Price-currencySymbol\">&euro;<\/span>&nbsp;42,00<\/bdi><\/span><span class=\"screen-reader-text\">Plage de prix\u00a0: &euro;&nbsp;29,99 \u00e0 &euro;&nbsp;42,00<\/span>\n\t\t\t\t<\/div><\/div>\n\n<div class=\"wp-block-post-excerpt\"><p class=\"wp-block-post-excerpt__excerpt\">Avec ces magnifique sacs de transport, vous pourrez transporter votre bateaux plus tr\u00e8s facilement. <\/p><\/div>\n\n\t<div data-block-name=\"woocommerce\/add-to-cart-form\" data-is-descendent-of-single-product-block=\"true\" class=\"wp-block-add-to-cart-form wc-block-add-to-cart-form wc-block-add-to-cart-form--input wp-block-woocommerce-add-to-cart-form\" >\n<form class=\"variations_form cart\" action=\"https:\/\/boatmanboat.fr\/?product=sacs-de-transport\" method=\"post\" enctype='multipart\/form-data' data-product_id=\"1613\" data-product_variations=\"[{&quot;attributes&quot;:{&quot;attribute_pa_modele&quot;:&quot;actor&quot;,&quot;attribute_pa_couleur&quot;:&quot;brun&quot;},&quot;availability_html&quot;:&quot;&quot;,&quot;backorders_allowed&quot;:false,&quot;dimensions&quot;:{&quot;length&quot;:&quot;&quot;,&quot;width&quot;:&quot;&quot;,&quot;height&quot;:&quot;&quot;},&quot;dimensions_html&quot;:&quot;ND&quot;,&quot;display_price&quot;:29.99,&quot;display_regular_price&quot;:29.99,&quot;image&quot;:{&quot;title&quot;:&quot;4038637521&quot;,&quot;caption&quot;:&quot;&quot;,&quot;url&quot;:&quot;https:\\\/\\\/boatmanboat.fr\\\/wp-content\\\/uploads\\\/2024\\\/11\\\/4038637521.jpg&quot;,&quot;alt&quot;:&quot;4038637521&quot;,&quot;src&quot;:&quot;https:\\\/\\\/boatmanboat.fr\\\/wp-content\\\/uploads\\\/2024\\\/11\\\/4038637521-600x450.jpg&quot;,&quot;srcset&quot;:&quot;https:\\\/\\\/boatmanboat.fr\\\/wp-content\\\/uploads\\\/2024\\\/11\\\/4038637521-600x450.jpg 600w, https:\\\/\\\/boatmanboat.fr\\\/wp-content\\\/uploads\\\/2024\\\/11\\\/4038637521-300x225.jpg 300w, https:\\\/\\\/boatmanboat.fr\\\/wp-content\\\/uploads\\\/2024\\\/11\\\/4038637521-1024x768.jpg 1024w, https:\\\/\\\/boatmanboat.fr\\\/wp-content\\\/uploads\\\/2024\\\/11\\\/4038637521-768x576.jpg 768w, https:\\\/\\\/boatmanboat.fr\\\/wp-content\\\/uploads\\\/2024\\\/11\\\/4038637521.jpg 1440w&quot;,&quot;sizes&quot;:&quot;(max-width: 600px) 100vw, 600px&quot;,&quot;full_src&quot;:&quot;https:\\\/\\\/boatmanboat.fr\\\/wp-content\\\/uploads\\\/2024\\\/11\\\/4038637521.jpg&quot;,&quot;full_src_w&quot;:1440,&quot;full_src_h&quot;:1080,&quot;gallery_thumbnail_src&quot;:&quot;https:\\\/\\\/boatmanboat.fr\\\/wp-content\\\/uploads\\\/2024\\\/11\\\/4038637521-100x100.jpg&quot;,&quot;gallery_thumbnail_src_w&quot;:100,&quot;gallery_thumbnail_src_h&quot;:100,&quot;thumb_src&quot;:&quot;https:\\\/\\\/boatmanboat.fr\\\/wp-content\\\/uploads\\\/2024\\\/11\\\/4038637521-300x300.jpg&quot;,&quot;thumb_src_w&quot;:300,&quot;thumb_src_h&quot;:300,&quot;src_w&quot;:600,&quot;src_h&quot;:450},&quot;image_id&quot;:1609,&quot;is_downloadable&quot;:false,&quot;is_in_stock&quot;:true,&quot;is_purchasable&quot;:true,&quot;is_sold_individually&quot;:&quot;no&quot;,&quot;is_virtual&quot;:false,&quot;max_qty&quot;:&quot;&quot;,&quot;min_qty&quot;:1,&quot;price_html&quot;:&quot;&lt;span class=\\&quot;price\\&quot;&gt;&lt;span class=\\&quot;woocommerce-Price-amount amount\\&quot;&gt;&lt;bdi&gt;&lt;span class=\\&quot;woocommerce-Price-currencySymbol\\&quot;&gt;&amp;euro;&lt;\\\/span&gt;&amp;nbsp;29,99&lt;\\\/bdi&gt;&lt;\\\/span&gt;&lt;\\\/span&gt;&quot;,&quot;sku&quot;:&quot;SACABR&quot;,&quot;variation_description&quot;:&quot;&quot;,&quot;variation_id&quot;:1614,&quot;variation_is_active&quot;:true,&quot;variation_is_visible&quot;:true,&quot;weight&quot;:&quot;&quot;,&quot;weight_html&quot;:&quot;ND&quot;,&quot;display_name&quot;:&quot;Sacs de transport - Actor, Brun&quot;},{&quot;attributes&quot;:{&quot;attribute_pa_modele&quot;:&quot;actor&quot;,&quot;attribute_pa_couleur&quot;:&quot;camou&quot;},&quot;availability_html&quot;:&quot;&quot;,&quot;backorders_allowed&quot;:false,&quot;dimensions&quot;:{&quot;length&quot;:&quot;&quot;,&quot;width&quot;:&quot;&quot;,&quot;height&quot;:&quot;&quot;},&quot;dimensions_html&quot;:&quot;ND&quot;,&quot;display_price&quot;:29.99,&quot;display_regular_price&quot;:29.99,&quot;image&quot;:{&quot;title&quot;:&quot;4038637521&quot;,&quot;caption&quot;:&quot;&quot;,&quot;url&quot;:&quot;https:\\\/\\\/boatmanboat.fr\\\/wp-content\\\/uploads\\\/2024\\\/11\\\/4038637521.jpg&quot;,&quot;alt&quot;:&quot;4038637521&quot;,&quot;src&quot;:&quot;https:\\\/\\\/boatmanboat.fr\\\/wp-content\\\/uploads\\\/2024\\\/11\\\/4038637521-600x450.jpg&quot;,&quot;srcset&quot;:&quot;https:\\\/\\\/boatmanboat.fr\\\/wp-content\\\/uploads\\\/2024\\\/11\\\/4038637521-600x450.jpg 600w, https:\\\/\\\/boatmanboat.fr\\\/wp-content\\\/uploads\\\/2024\\\/11\\\/4038637521-300x225.jpg 300w, https:\\\/\\\/boatmanboat.fr\\\/wp-content\\\/uploads\\\/2024\\\/11\\\/4038637521-1024x768.jpg 1024w, https:\\\/\\\/boatmanboat.fr\\\/wp-content\\\/uploads\\\/2024\\\/11\\\/4038637521-768x576.jpg 768w, https:\\\/\\\/boatmanboat.fr\\\/wp-content\\\/uploads\\\/2024\\\/11\\\/4038637521.jpg 1440w&quot;,&quot;sizes&quot;:&quot;(max-width: 600px) 100vw, 600px&quot;,&quot;full_src&quot;:&quot;https:\\\/\\\/boatmanboat.fr\\\/wp-content\\\/uploads\\\/2024\\\/11\\\/4038637521.jpg&quot;,&quot;full_src_w&quot;:1440,&quot;full_src_h&quot;:1080,&quot;gallery_thumbnail_src&quot;:&quot;https:\\\/\\\/boatmanboat.fr\\\/wp-content\\\/uploads\\\/2024\\\/11\\\/4038637521-100x100.jpg&quot;,&quot;gallery_thumbnail_src_w&quot;:100,&quot;gallery_thumbnail_src_h&quot;:100,&quot;thumb_src&quot;:&quot;https:\\\/\\\/boatmanboat.fr\\\/wp-content\\\/uploads\\\/2024\\\/11\\\/4038637521-300x300.jpg&quot;,&quot;thumb_src_w&quot;:300,&quot;thumb_src_h&quot;:300,&quot;src_w&quot;:600,&quot;src_h&quot;:450},&quot;image_id&quot;:1609,&quot;is_downloadable&quot;:false,&quot;is_in_stock&quot;:true,&quot;is_purchasable&quot;:true,&quot;is_sold_individually&quot;:&quot;no&quot;,&quot;is_virtual&quot;:false,&quot;max_qty&quot;:&quot;&quot;,&quot;min_qty&quot;:1,&quot;price_html&quot;:&quot;&lt;span class=\\&quot;price\\&quot;&gt;&lt;span class=\\&quot;woocommerce-Price-amount amount\\&quot;&gt;&lt;bdi&gt;&lt;span class=\\&quot;woocommerce-Price-currencySymbol\\&quot;&gt;&amp;euro;&lt;\\\/span&gt;&amp;nbsp;29,99&lt;\\\/bdi&gt;&lt;\\\/span&gt;&lt;\\\/span&gt;&quot;,&quot;sku&quot;:&quot;SACACAM&quot;,&quot;variation_description&quot;:&quot;&quot;,&quot;variation_id&quot;:1615,&quot;variation_is_active&quot;:true,&quot;variation_is_visible&quot;:true,&quot;weight&quot;:&quot;&quot;,&quot;weight_html&quot;:&quot;ND&quot;,&quot;display_name&quot;:&quot;Sacs de transport - Actor, Camou&quot;},{&quot;attributes&quot;:{&quot;attribute_pa_modele&quot;:&quot;actor-plus&quot;,&quot;attribute_pa_couleur&quot;:&quot;camou&quot;},&quot;availability_html&quot;:&quot;&quot;,&quot;backorders_allowed&quot;:false,&quot;dimensions&quot;:{&quot;length&quot;:&quot;&quot;,&quot;width&quot;:&quot;&quot;,&quot;height&quot;:&quot;&quot;},&quot;dimensions_html&quot;:&quot;ND&quot;,&quot;display_price&quot;:42,&quot;display_regular_price&quot;:42,&quot;image&quot;:{&quot;title&quot;:&quot;4038637521&quot;,&quot;caption&quot;:&quot;&quot;,&quot;url&quot;:&quot;https:\\\/\\\/boatmanboat.fr\\\/wp-content\\\/uploads\\\/2024\\\/11\\\/4038637521.jpg&quot;,&quot;alt&quot;:&quot;4038637521&quot;,&quot;src&quot;:&quot;https:\\\/\\\/boatmanboat.fr\\\/wp-content\\\/uploads\\\/2024\\\/11\\\/4038637521-600x450.jpg&quot;,&quot;srcset&quot;:&quot;https:\\\/\\\/boatmanboat.fr\\\/wp-content\\\/uploads\\\/2024\\\/11\\\/4038637521-600x450.jpg 600w, https:\\\/\\\/boatmanboat.fr\\\/wp-content\\\/uploads\\\/2024\\\/11\\\/4038637521-300x225.jpg 300w, https:\\\/\\\/boatmanboat.fr\\\/wp-content\\\/uploads\\\/2024\\\/11\\\/4038637521-1024x768.jpg 1024w, https:\\\/\\\/boatmanboat.fr\\\/wp-content\\\/uploads\\\/2024\\\/11\\\/4038637521-768x576.jpg 768w, https:\\\/\\\/boatmanboat.fr\\\/wp-content\\\/uploads\\\/2024\\\/11\\\/4038637521.jpg 1440w&quot;,&quot;sizes&quot;:&quot;(max-width: 600px) 100vw, 600px&quot;,&quot;full_src&quot;:&quot;https:\\\/\\\/boatmanboat.fr\\\/wp-content\\\/uploads\\\/2024\\\/11\\\/4038637521.jpg&quot;,&quot;full_src_w&quot;:1440,&quot;full_src_h&quot;:1080,&quot;gallery_thumbnail_src&quot;:&quot;https:\\\/\\\/boatmanboat.fr\\\/wp-content\\\/uploads\\\/2024\\\/11\\\/4038637521-100x100.jpg&quot;,&quot;gallery_thumbnail_src_w&quot;:100,&quot;gallery_thumbnail_src_h&quot;:100,&quot;thumb_src&quot;:&quot;https:\\\/\\\/boatmanboat.fr\\\/wp-content\\\/uploads\\\/2024\\\/11\\\/4038637521-300x300.jpg&quot;,&quot;thumb_src_w&quot;:300,&quot;thumb_src_h&quot;:300,&quot;src_w&quot;:600,&quot;src_h&quot;:450},&quot;image_id&quot;:1609,&quot;is_downloadable&quot;:false,&quot;is_in_stock&quot;:true,&quot;is_purchasable&quot;:true,&quot;is_sold_individually&quot;:&quot;no&quot;,&quot;is_virtual&quot;:false,&quot;max_qty&quot;:&quot;&quot;,&quot;min_qty&quot;:1,&quot;price_html&quot;:&quot;&lt;span class=\\&quot;price\\&quot;&gt;&lt;span class=\\&quot;woocommerce-Price-amount amount\\&quot;&gt;&lt;bdi&gt;&lt;span class=\\&quot;woocommerce-Price-currencySymbol\\&quot;&gt;&amp;euro;&lt;\\\/span&gt;&amp;nbsp;42,00&lt;\\\/bdi&gt;&lt;\\\/span&gt;&lt;\\\/span&gt;&quot;,&quot;sku&quot;:&quot;SACAPCAM&quot;,&quot;variation_description&quot;:&quot;&quot;,&quot;variation_id&quot;:1617,&quot;variation_is_active&quot;:true,&quot;variation_is_visible&quot;:true,&quot;weight&quot;:&quot;&quot;,&quot;weight_html&quot;:&quot;ND&quot;,&quot;display_name&quot;:&quot;Sacs de transport - Actor Plus, Camou&quot;}]\">\n\t\n\t\t\t<table class=\"variations\" cellspacing=\"0\" role=\"presentation\">\n\t\t\t<tbody>\n\t\t\t\t\t\t\t\t\t<tr>\n\t\t\t\t\t\t<th class=\"label\"><label for=\"pa_modele\">Mod\u00e8le<\/label><\/th>\n\t\t\t\t\t\t<td class=\"value\">\n\t\t\t\t\t\t\t<select id=\"pa_modele\" class=\"\" name=\"attribute_pa_modele\" data-attribute_name=\"attribute_pa_modele\" data-show_option_none=\"yes\"><option value=\"\">Choisir une option<\/option><option value=\"actor\" >Actor<\/option><option value=\"actor-plus\" >Actor Plus<\/option><\/select>\t\t\t\t\t\t<\/td>\n\t\t\t\t\t<\/tr>\n\t\t\t\t\t\t\t\t\t<tr>\n\t\t\t\t\t\t<th class=\"label\"><label for=\"pa_couleur\">Couleur<\/label><\/th>\n\t\t\t\t\t\t<td class=\"value\">\n\t\t\t\t\t\t\t<select id=\"pa_couleur\" class=\"\" name=\"attribute_pa_couleur\" data-attribute_name=\"attribute_pa_couleur\" data-show_option_none=\"yes\"><option value=\"\">Choisir une option<\/option><option value=\"brun\" >Brun<\/option><option value=\"camou\" >Camou<\/option><\/select><a class=\"reset_variations\" href=\"#\" aria-label=\"Effacer les options\">Effacer<\/a>\t\t\t\t\t\t<\/td>\n\t\t\t\t\t<\/tr>\n\t\t\t\t\t\t\t<\/tbody>\n\t\t<\/table>\n\t\t<div class=\"reset_variations_alert screen-reader-text\" role=\"alert\" aria-live=\"polite\" aria-relevant=\"all\"><\/div>\n\t\t\n\t\t<div class=\"single_variation_wrap\">\n\t\t\t<div class=\"woocommerce-variation single_variation\" role=\"alert\" aria-relevant=\"additions\"><\/div><div class=\"woocommerce-variation-add-to-cart variations_button\">\n\t\n\t<div class=\"quantity\">\n\t\t<label class=\"screen-reader-text\" for=\"quantity_69e38df046f24\">quantit\u00e9 de Sacs de transport<\/label>\n\t<input\n\t\ttype=\"number\"\n\t\t\t\tid=\"quantity_69e38df046f24\"\n\t\tclass=\"input-text qty text\"\n\t\tname=\"quantity\"\n\t\tvalue=\"1\"\n\t\taria-label=\"Quantit\u00e9 de produits\"\n\t\t\t\tmin=\"1\"\n\t\t\t\t\t\t\tstep=\"1\"\n\t\t\tplaceholder=\"\"\n\t\t\tinputmode=\"numeric\"\n\t\t\tautocomplete=\"off\"\n\t\t\t\/>\n\t<\/div>\n\n\t<button type=\"submit\" class=\"single_add_to_cart_button button alt\">Ajouter au panier<\/button>\n\n\t\n\t<input type=\"hidden\" name=\"add-to-cart\" value=\"1613\" \/>\n\t<input type=\"hidden\" name=\"product_id\" value=\"1613\" \/>\n\t<input type=\"hidden\" name=\"variation_id\" class=\"variation_id\" value=\"0\" \/>\n<\/div>\n\t\t<\/div>\n\t\n\t<\/form>\n\n<\/div>\r\n\t<div class=\"yith-wccp-compare\">\r\n\t\t\t<a\r\n\t\thref=\"https:\/\/boatmanboat.fr?action=yith-woocompare-add-product&#038;id=1613\"\r\n\t\tclass=\"compare button  \"\r\n\t\tdata-product_id=\"1613\"\r\n\t\ttarget=\"_self\"\r\n\t\trel=\"nofollow\"\r\n\t>\r\n\t\t\t\t<span class=\"label\">\r\n\t\t\tCompare\t\t<\/span>\r\n\t<\/a>\r\n\r\n\t<\/div>\n\n\n<div data-block-name=\"woocommerce\/product-meta\" class=\"wp-block-woocommerce-product-meta\">\n<div class=\"wp-block-group is-nowrap is-layout-flex wp-container-core-group-is-layout-ad2f72ca wp-block-group-is-layout-flex\">\n\n<div class=\"taxonomy-product_cat wp-block-post-terms\"><span class=\"wp-block-post-terms__prefix\">Categorie: <\/span><a href=\"https:\/\/boatmanboat.fr\/?product_cat=accessories\" rel=\"tag\">Accessories<\/a><\/div>\n\n<div class=\"taxonomy-product_tag wp-block-post-terms\"><span class=\"wp-block-post-terms__prefix\">Tags: <\/span><a href=\"https:\/\/boatmanboat.fr\/?product_tag=actor\" rel=\"tag\">Actor<\/a><span class=\"wp-block-post-terms__separator\">, <\/span><a href=\"https:\/\/boatmanboat.fr\/?product_tag=actor-plus\" rel=\"tag\">actor plus<\/a><span class=\"wp-block-post-terms__separator\">, <\/span><a href=\"https:\/\/boatmanboat.fr\/?product_tag=bateau\" rel=\"tag\">bateau<\/a><span class=\"wp-block-post-terms__separator\">, <\/span><a href=\"https:\/\/boatmanboat.fr\/?product_tag=bateau-amorceur\" rel=\"tag\">bateau amorceur<\/a><span class=\"wp-block-post-terms__separator\">, <\/span><a href=\"https:\/\/boatmanboat.fr\/?product_tag=boatman\" rel=\"tag\">Boatman<\/a><span class=\"wp-block-post-terms__separator\">, <\/span><a href=\"https:\/\/boatmanboat.fr\/?product_tag=fighter\" rel=\"tag\">fighter<\/a><span class=\"wp-block-post-terms__separator\">, <\/span><a href=\"https:\/\/boatmanboat.fr\/?product_tag=leader\" rel=\"tag\">leader<\/a><span class=\"wp-block-post-terms__separator\">, <\/span><a href=\"https:\/\/boatmanboat.fr\/?product_tag=sac\" rel=\"tag\">sac<\/a><span class=\"wp-block-post-terms__separator\">, <\/span><a href=\"https:\/\/boatmanboat.fr\/?product_tag=sac-de-transport\" rel=\"tag\">sac de transport<\/a><\/div><\/div>\n<\/div>\n<\/div>\n<\/div>\n<\/div>\n\n\n\n<p>Si vous souhaitez transporter votre <a href=\"https:\/\/boatmanboat.fr\/?page_id=1602\" title=\"Sacs de transport\">Actor<\/a> ou <a href=\"https:\/\/boatmanboat.fr\/?page_id=1602\" title=\"Sacs de transport\">Actor plus<\/a> en toute s\u00e9curit\u00e9, un sac de transport solide est indispensable.<\/p>\n\n\n<div class=\"wp-block-image\">\n<figure class=\"alignleft size-large is-resized\"><img decoding=\"async\" width=\"768\" height=\"1024\" src=\"https:\/\/boatmanboat.fr\/wp-content\/uploads\/2024\/11\/4038516377-768x1024.jpg\" alt=\"\" class=\"wp-image-1606\" style=\"width:165px;height:auto\" srcset=\"https:\/\/boatmanboat.fr\/wp-content\/uploads\/2024\/11\/4038516377-768x1024.jpg 768w, https:\/\/boatmanboat.fr\/wp-content\/uploads\/2024\/11\/4038516377-225x300.jpg 225w, https:\/\/boatmanboat.fr\/wp-content\/uploads\/2024\/11\/4038516377-600x800.jpg 600w, https:\/\/boatmanboat.fr\/wp-content\/uploads\/2024\/11\/4038516377.jpg 810w\" sizes=\"(max-width: 768px) 100vw, 768px\" \/><\/figure>\n<\/div>\n\n<div class=\"wp-block-image\">\n<figure class=\"alignright size-large is-resized\"><img decoding=\"async\" width=\"768\" height=\"1024\" src=\"https:\/\/boatmanboat.fr\/wp-content\/uploads\/2024\/11\/4038508430-768x1024.jpg\" alt=\"\" class=\"wp-image-1604\" style=\"width:185px;height:auto\" srcset=\"https:\/\/boatmanboat.fr\/wp-content\/uploads\/2024\/11\/4038508430-768x1024.jpg 768w, https:\/\/boatmanboat.fr\/wp-content\/uploads\/2024\/11\/4038508430-225x300.jpg 225w, https:\/\/boatmanboat.fr\/wp-content\/uploads\/2024\/11\/4038508430-600x800.jpg 600w, https:\/\/boatmanboat.fr\/wp-content\/uploads\/2024\/11\/4038508430.jpg 810w\" sizes=\"(max-width: 768px) 100vw, 768px\" \/><\/figure>\n<\/div>\n\n\n<p>Une version marron ou camouflage est disponible pour <a href=\"https:\/\/boatmanboat.fr\/?page_id=1602\" title=\"Sacs de transport\">l&rsquo;Actor<\/a> et un sac camouflage est disponible pour <a href=\"https:\/\/boatmanboat.fr\/?page_id=1602\" title=\"Sacs de transport\">l&rsquo;Actor Plu<\/a>s.<\/p>\n\n\n\n<p>Un sac sera \u00e9galement bient\u00f4t disponible pour le <a href=\"https:\/\/boatmanboat.fr\/?page_id=1220\" title=\"Boatman Vulcan\">Vulcan<\/a>.<\/p>\n\n\n\n<p>Le <a href=\"https:\/\/boatmanboat.fr\/?page_id=1250\" title=\"Boatman Fighter\">Fighter<\/a> est d\u00e9j\u00e0 \u00e9quip\u00e9 d&rsquo;un sac lors de l&rsquo;achat et le <a href=\"https:\/\/boatmanboat.fr\/?page_id=1261\" title=\"Boatman Leader Pro\">Leader<\/a> est livr\u00e9 avec un \u00e9tui de voyage pratique.<\/p>\n\n\n\n<p><\/p>\n","protected":false},"excerpt":{"rendered":"<p>Si vous souhaitez transporter votre Actor ou Actor plus en toute s\u00e9curit\u00e9, un sac de transport solide est indispensable. Une version marron ou camouflage est disponible pour l&rsquo;Actor et un [&hellip;]<\/p>\n","protected":false},"author":1,"featured_media":0,"parent":0,"menu_order":0,"comment_status":"closed","ping_status":"closed","template":"","meta":{"om_disable_all_campaigns":false,"_uag_custom_page_level_css":"","_monsterinsights_skip_tracking":false,"_monsterinsights_sitenote_active":false,"_monsterinsights_sitenote_note":"","_monsterinsights_sitenote_category":0,"footnotes":""},"class_list":["post-1602","page","type-page","status-publish","hentry"],"aioseo_notices":[],"uagb_featured_image_src":{"full":false,"thumbnail":false,"medium":false,"medium_large":false,"large":false,"1536x1536":false,"2048x2048":false,"woocommerce_thumbnail":false,"woocommerce_single":false,"woocommerce_gallery_thumbnail":false,"yith-woocompare-image":false},"uagb_author_info":{"display_name":"admin","author_link":"https:\/\/boatmanboat.fr\/?author=1"},"uagb_comment_info":0,"uagb_excerpt":"Si vous souhaitez transporter votre Actor ou Actor plus en toute s\u00e9curit\u00e9, un sac de transport solide est indispensable. Une version marron ou camouflage est disponible pour l&rsquo;Actor et un [&hellip;]","jetpack_sharing_enabled":true,"_links":{"self":[{"href":"https:\/\/boatmanboat.fr\/index.php?rest_route=\/wp\/v2\/pages\/1602","targetHints":{"allow":["GET"]}}],"collection":[{"href":"https:\/\/boatmanboat.fr\/index.php?rest_route=\/wp\/v2\/pages"}],"about":[{"href":"https:\/\/boatmanboat.fr\/index.php?rest_route=\/wp\/v2\/types\/page"}],"author":[{"embeddable":true,"href":"https:\/\/boatmanboat.fr\/index.php?rest_route=\/wp\/v2\/users\/1"}],"replies":[{"embeddable":true,"href":"https:\/\/boatmanboat.fr\/index.php?rest_route=%2Fwp%2Fv2%2Fcomments&post=1602"}],"version-history":[{"count":4,"href":"https:\/\/boatmanboat.fr\/index.php?rest_route=\/wp\/v2\/pages\/1602\/revisions"}],"predecessor-version":[{"id":1621,"href":"https:\/\/boatmanboat.fr\/index.php?rest_route=\/wp\/v2\/pages\/1602\/revisions\/1621"}],"wp:attachment":[{"href":"https:\/\/boatmanboat.fr\/index.php?rest_route=%2Fwp%2Fv2%2Fmedia&parent=1602"}],"curies":[{"name":"wp","href":"https:\/\/api.w.org\/{rel}","templated":true}]}}