{"id":1813,"date":"2024-11-28T20:55:59","date_gmt":"2024-11-28T20:55:59","guid":{"rendered":"https:\/\/boatmanboat.fr\/?page_id=1813"},"modified":"2025-03-28T12:56:29","modified_gmt":"2025-03-28T12:56:29","slug":"boatman-surfer","status":"publish","type":"page","link":"https:\/\/boatmanboat.fr\/?page_id=1813","title":{"rendered":"Boatman Surfer GPS"},"content":{"rendered":"\n<div data-block-name=\"woocommerce\/single-product\" data-product-id=\"1819\" data-wp-context=\"{&quot;productId&quot;:1819,&quot;variationId&quot;:null}\" data-wp-interactive=\"woocommerce\/single-product\" class=\"wp-block-woocommerce-single-product woocommerce\">\n<div class=\"wp-block-columns is-layout-flex wp-container-core-columns-is-layout-9d6595d7 wp-block-columns-is-layout-flex\">\n<div class=\"wp-block-column is-layout-flow wp-block-column-is-layout-flow\"><div data-block-name=\"woocommerce\/product-image\" data-is-descendent-of-single-product-block=\"true\" data-show-sale-badge=\"false\" class=\"wc-block-components-product-image wc-block-grid__product-image wc-block-components-product-image--aspect-ratio-auto wp-block-woocommerce-product-image\"><a href=\"https:\/\/boatmanboat.fr\/?product=surfer\" style=\"\" data-wp-on--click=\"woocommerce\/product-collection::actions.viewProduct\"><img fetchpriority=\"high\" decoding=\"async\" width=\"600\" height=\"600\" src=\"https:\/\/boatmanboat.fr\/wp-content\/uploads\/2024\/11\/surfer-600x600.png\" class=\"attachment-woocommerce_single size-woocommerce_single\" alt=\"Surfer GPS\" data-testid=\"product-image\" data-image-id=\"1801\" style=\"object-fit:cover;\" srcset=\"https:\/\/boatmanboat.fr\/wp-content\/uploads\/2024\/11\/surfer-600x600.png 600w, https:\/\/boatmanboat.fr\/wp-content\/uploads\/2024\/11\/surfer-300x300.png 300w, https:\/\/boatmanboat.fr\/wp-content\/uploads\/2024\/11\/surfer-150x150.png 150w, https:\/\/boatmanboat.fr\/wp-content\/uploads\/2024\/11\/surfer-768x768.png 768w, https:\/\/boatmanboat.fr\/wp-content\/uploads\/2024\/11\/surfer-100x100.png 100w, https:\/\/boatmanboat.fr\/wp-content\/uploads\/2024\/11\/surfer.png 1000w\" sizes=\"(max-width: 600px) 100vw, 600px\" \/><div class=\"wc-block-components-product-image__inner-container\"><\/div><\/a><\/div><\/div>\n\n\n\n<div class=\"wp-block-column is-layout-flow wp-block-column-is-layout-flow\"><h2 class=\"wp-block-post-title\"><a href=\"https:\/\/boatmanboat.fr\/?product=surfer\" target=\"_self\" >Surfer GPS<\/a><\/h2>\n\n\n\n<div data-block-name=\"woocommerce\/product-price\" data-is-descendent-of-single-product-block=\"true\" class=\"wp-block-woocommerce-product-price\" ><div class=\"wc-block-components-product-price wc-block-grid__product-price\" >\n\t\t\t\t\t<del aria-hidden=\"true\"><span class=\"woocommerce-Price-amount amount\"><bdi><span class=\"woocommerce-Price-currencySymbol\">&euro;<\/span>&nbsp;1.299,00<\/bdi><\/span><\/del> <span class=\"screen-reader-text\">Le prix initial \u00e9tait\u00a0: &euro;&nbsp;1.299,00.<\/span><ins aria-hidden=\"true\"><span class=\"woocommerce-Price-amount amount\"><bdi><span class=\"woocommerce-Price-currencySymbol\">&euro;<\/span>&nbsp;1.199,00<\/bdi><\/span><\/ins><span class=\"screen-reader-text\">Le prix actuel est\u00a0: &euro;&nbsp;1.199,00.<\/span>\n\t\t\t\t<\/div><\/div>\n\n<div class=\"wp-block-post-excerpt\"><p class=\"wp-block-post-excerpt__excerpt\">Product introduction\u00a0\u00a0 \u00a0 \u25cfTumbler design, smooth and quite driving, not easy to roll over. \u25cfWith GPS navigation function, remote controldistance up to 500 meters, and distance display in the screen, it make easy to use and hopper setting. \u25cfNo signal return and auto return to home point after releasing baits,No worry about losing the boat.Product Function:\u00a0\u00a0 \u00a0 Move forward\u3001Move backward\u3001Turn left\u3001Turn right\u3001Front light\u3001Deliver baits and hooks\u3001Compass calibration\u3001Yaw correction\u3001Auto-forward mode\u3001Auto return\u3001No signal return\u3001Distance display Cast fishing net mode\u3001Real-time direction display\u30013 level speed switch. <\/p><\/div>\n\n\t<div data-block-name=\"woocommerce\/add-to-cart-form\" data-is-descendent-of-single-product-block=\"true\" class=\"wp-block-add-to-cart-form wc-block-add-to-cart-form wc-block-add-to-cart-form--input wp-block-woocommerce-add-to-cart-form\" ><p class=\"stock available-on-backorder\">Disponible sur commande<\/p>\n\n\t\n\t<form class=\"cart\" action=\"https:\/\/boatmanboat.fr\/?product=surfer\" method=\"post\" enctype='multipart\/form-data'>\n\t\t\n\t\t<div class=\"quantity\">\n\t\t<label class=\"screen-reader-text\" for=\"quantity_69e5e2962be6b\">quantit\u00e9 de Surfer GPS<\/label>\n\t<input\n\t\ttype=\"number\"\n\t\t\t\tid=\"quantity_69e5e2962be6b\"\n\t\tclass=\"input-text qty text\"\n\t\tname=\"quantity\"\n\t\tvalue=\"1\"\n\t\taria-label=\"Quantit\u00e9 de produits\"\n\t\t\t\tmin=\"1\"\n\t\t\t\t\t\t\tstep=\"1\"\n\t\t\tplaceholder=\"\"\n\t\t\tinputmode=\"numeric\"\n\t\t\tautocomplete=\"off\"\n\t\t\t\/>\n\t<\/div>\n\n\t\t<button type=\"submit\" name=\"add-to-cart\" value=\"1819\" class=\"single_add_to_cart_button button alt\">Ajouter au panier<\/button>\n\n\t\t\t<\/form>\n\n\t\n<\/div>\r\n\t<div class=\"yith-wccp-compare\">\r\n\t\t\t<a\r\n\t\thref=\"https:\/\/boatmanboat.fr?action=yith-woocompare-add-product&#038;id=1819\"\r\n\t\tclass=\"compare button  \"\r\n\t\tdata-product_id=\"1819\"\r\n\t\ttarget=\"_self\"\r\n\t\trel=\"nofollow\"\r\n\t>\r\n\t\t\t\t<span class=\"label\">\r\n\t\t\tCompare\t\t<\/span>\r\n\t<\/a>\r\n\r\n\t<\/div>\n\n\n<div data-block-name=\"woocommerce\/product-meta\" class=\"wp-block-woocommerce-product-meta\">\n<div class=\"wp-block-group is-nowrap is-layout-flex wp-container-core-group-is-layout-ad2f72ca wp-block-group-is-layout-flex\">\n\n<div class=\"taxonomy-product_cat wp-block-post-terms\"><span class=\"wp-block-post-terms__prefix\">Categorie: <\/span><a href=\"https:\/\/boatmanboat.fr\/?product_cat=bateau-amorceur\" rel=\"tag\">Bateau amorceur<\/a><span class=\"wp-block-post-terms__separator\">, <\/span><a href=\"https:\/\/boatmanboat.fr\/?product_cat=surfer\" rel=\"tag\">Surfer<\/a><\/div>\n\n<div class=\"taxonomy-product_tag wp-block-post-terms\"><span class=\"wp-block-post-terms__prefix\">Tags: <\/span><a href=\"https:\/\/boatmanboat.fr\/?product_tag=bateau-amorceur\" rel=\"tag\">bateau amorceur<\/a><span class=\"wp-block-post-terms__separator\">, <\/span><a href=\"https:\/\/boatmanboat.fr\/?product_tag=boatman\" rel=\"tag\">Boatman<\/a><span class=\"wp-block-post-terms__separator\">, <\/span><a href=\"https:\/\/boatmanboat.fr\/?product_tag=boatmanboat\" rel=\"tag\">boatmanboat<\/a><span class=\"wp-block-post-terms__separator\">, <\/span><a href=\"https:\/\/boatmanboat.fr\/?product_tag=la-mere\" rel=\"tag\">la mere<\/a><span class=\"wp-block-post-terms__separator\">, <\/span><a href=\"https:\/\/boatmanboat.fr\/?product_tag=sea-fishing\" rel=\"tag\">sea fishing<\/a><span class=\"wp-block-post-terms__separator\">, <\/span><a href=\"https:\/\/boatmanboat.fr\/?product_tag=surfer\" rel=\"tag\">surfer<\/a><\/div><\/div>\n<\/div>\n<\/div>\n<\/div>\n<\/div>\n\n\n\n<h2 class=\"wp-block-heading\">PROFITEZ-EN MAINTENANT :<\/h2>\n\n\n\n<p><strong>Maintenant en pr\u00e9vente &#8211; 100 \u20ac<\/strong><\/p>\n\n\n\n<p>Ce bateau est d&rsquo;une apparence unique en Europe et sans pr\u00e9c\u00e9dent.<\/p>\n\n\n<div class=\"wp-block-image\">\n<figure class=\"alignleft size-large is-resized\"><img decoding=\"async\" width=\"768\" height=\"1024\" src=\"https:\/\/boatmanboat.fr\/wp-content\/uploads\/2024\/11\/421681911_1004029047890056_6189065936660049088_n-768x1024.jpg\" alt=\"\" class=\"wp-image-1814\" style=\"width:194px;height:auto\" srcset=\"https:\/\/boatmanboat.fr\/wp-content\/uploads\/2024\/11\/421681911_1004029047890056_6189065936660049088_n-768x1024.jpg 768w, https:\/\/boatmanboat.fr\/wp-content\/uploads\/2024\/11\/421681911_1004029047890056_6189065936660049088_n-225x300.jpg 225w, https:\/\/boatmanboat.fr\/wp-content\/uploads\/2024\/11\/421681911_1004029047890056_6189065936660049088_n-1152x1536.jpg 1152w, https:\/\/boatmanboat.fr\/wp-content\/uploads\/2024\/11\/421681911_1004029047890056_6189065936660049088_n-600x800.jpg 600w, https:\/\/boatmanboat.fr\/wp-content\/uploads\/2024\/11\/421681911_1004029047890056_6189065936660049088_n.jpg 1536w\" sizes=\"(max-width: 768px) 100vw, 768px\" \/><\/figure>\n<\/div>\n\n\n<p><br>Gr\u00e2ce \u00e0 sa conception (tumbler design), ce bateau revient toujours \u00e0 sa position correcte, m\u00eame dans de fortes vagues.<br>Le bateau emm\u00e8ne votre ligne d&rsquo;hame\u00e7on beaucoup plus loin que la canne \u00e0 lancer, jusqu&rsquo;\u00e0 500 m de profondeur, ce qui permet d&rsquo;atteindre tr\u00e8s facilement les nombreuses mules.<br><\/p>\n\n\n\n<p>Comme tous les bateaux-app\u00e2ts Boatman, ce bateau dispose \u00e9galement de la norme de navigation automatique d&rsquo;une minute.<\/p>\n\n\n<div class=\"wp-block-image\">\n<figure class=\"alignright size-full is-resized\"><img decoding=\"async\" width=\"885\" height=\"768\" src=\"https:\/\/boatmanboat.fr\/wp-content\/uploads\/2024\/11\/surfer2.png\" alt=\"\" class=\"wp-image-1806\" style=\"width:288px;height:auto\" srcset=\"https:\/\/boatmanboat.fr\/wp-content\/uploads\/2024\/11\/surfer2.png 885w, https:\/\/boatmanboat.fr\/wp-content\/uploads\/2024\/11\/surfer2-300x260.png 300w, https:\/\/boatmanboat.fr\/wp-content\/uploads\/2024\/11\/surfer2-768x666.png 768w, https:\/\/boatmanboat.fr\/wp-content\/uploads\/2024\/11\/surfer2-600x521.png 600w\" sizes=\"(max-width: 885px) 100vw, 885px\" \/><\/figure>\n<\/div>\n\n\n<p>Gr\u00e2ce \u00e0 la fonction GPS, le bateau reviendra toujours au point d&rsquo;origine en cas de perte de connexion.<br>Il existe 3 vitesses diff\u00e9rentes disponibles qui sont tr\u00e8s faciles \u00e0 s\u00e9lectionner.<br>Le largage de l&rsquo;hame\u00e7on garantit un placement correct de votre montage et esp\u00e9rons que les poissons l&rsquo;appr\u00e9cieront.<\/p>\n\n\n\n<figure class=\"wp-block-table aligncenter\"><table class=\"has-fixed-layout\"><tbody><tr><td class=\"has-text-align-center\" data-align=\"center\"><strong>Product parameters<\/strong><\/td><td class=\"has-text-align-center\" data-align=\"center\"><strong>Product parameters<\/strong><\/td><\/tr><tr><td class=\"has-text-align-center\" data-align=\"center\">Color: Yellow<\/td><td class=\"has-text-align-center\" data-align=\"center\">Waterproof rating: IP67<\/td><\/tr><tr><td class=\"has-text-align-center\" data-align=\"center\">Remote control distance: 500 M<\/td><td class=\"has-text-align-center\" data-align=\"center\">Anti wave level: Tumbler<\/td><\/tr><tr><td class=\"has-text-align-center\" data-align=\"center\">Maximum speed: 100 M\/ MIN<\/td><td class=\"has-text-align-center\" data-align=\"center\">Boat Endurance time: <br>1~1.5 H<\/td><\/tr><tr><td class=\"has-text-align-center\" data-align=\"center\">Remote Endurance time: <br>5~6 H<\/td><td class=\"has-text-align-center\" data-align=\"center\">Remote charging time: 4 H<\/td><\/tr><tr><td class=\"has-text-align-center\" data-align=\"center\">Battery charging time: 5 H<\/td><td class=\"has-text-align-center\" data-align=\"center\">Battery capacity: <br>22.2 V-10000 mAH<\/td><\/tr><tr><td class=\"has-text-align-center\" data-align=\"center\">Navigation waypoint: 16 Waypoints<\/td><td class=\"has-text-align-center\" data-align=\"center\">Product net weight: 4.5 KG<\/td><\/tr><tr><td class=\"has-text-align-center\" data-align=\"center\">Product size: 749*260*290 MM<\/td><td class=\"has-text-align-center\" data-align=\"center\">&nbsp;<\/td><\/tr><\/tbody><\/table><\/figure>\n","protected":false},"excerpt":{"rendered":"<p>PROFITEZ-EN MAINTENANT : Maintenant en pr\u00e9vente &#8211; 100 \u20ac Ce bateau est d&rsquo;une apparence unique en Europe et sans pr\u00e9c\u00e9dent. Gr\u00e2ce \u00e0 sa conception (tumbler design), ce bateau revient toujours [&hellip;]<\/p>\n","protected":false},"author":1,"featured_media":0,"parent":0,"menu_order":0,"comment_status":"closed","ping_status":"closed","template":"","meta":{"om_disable_all_campaigns":false,"_uag_custom_page_level_css":"","_monsterinsights_skip_tracking":false,"_monsterinsights_sitenote_active":false,"_monsterinsights_sitenote_note":"","_monsterinsights_sitenote_category":0,"footnotes":""},"class_list":["post-1813","page","type-page","status-publish","hentry"],"aioseo_notices":[],"uagb_featured_image_src":{"full":false,"thumbnail":false,"medium":false,"medium_large":false,"large":false,"1536x1536":false,"2048x2048":false,"woocommerce_thumbnail":false,"woocommerce_single":false,"woocommerce_gallery_thumbnail":false,"yith-woocompare-image":false},"uagb_author_info":{"display_name":"admin","author_link":"https:\/\/boatmanboat.fr\/?author=1"},"uagb_comment_info":0,"uagb_excerpt":"PROFITEZ-EN MAINTENANT : Maintenant en pr\u00e9vente &#8211; 100 \u20ac Ce bateau est d&rsquo;une apparence unique en Europe et sans pr\u00e9c\u00e9dent. Gr\u00e2ce \u00e0 sa conception (tumbler design), ce bateau revient toujours [&hellip;]","jetpack_sharing_enabled":true,"_links":{"self":[{"href":"https:\/\/boatmanboat.fr\/index.php?rest_route=\/wp\/v2\/pages\/1813","targetHints":{"allow":["GET"]}}],"collection":[{"href":"https:\/\/boatmanboat.fr\/index.php?rest_route=\/wp\/v2\/pages"}],"about":[{"href":"https:\/\/boatmanboat.fr\/index.php?rest_route=\/wp\/v2\/types\/page"}],"author":[{"embeddable":true,"href":"https:\/\/boatmanboat.fr\/index.php?rest_route=\/wp\/v2\/users\/1"}],"replies":[{"embeddable":true,"href":"https:\/\/boatmanboat.fr\/index.php?rest_route=%2Fwp%2Fv2%2Fcomments&post=1813"}],"version-history":[{"count":6,"href":"https:\/\/boatmanboat.fr\/index.php?rest_route=\/wp\/v2\/pages\/1813\/revisions"}],"predecessor-version":[{"id":2270,"href":"https:\/\/boatmanboat.fr\/index.php?rest_route=\/wp\/v2\/pages\/1813\/revisions\/2270"}],"wp:attachment":[{"href":"https:\/\/boatmanboat.fr\/index.php?rest_route=%2Fwp%2Fv2%2Fmedia&parent=1813"}],"curies":[{"name":"wp","href":"https:\/\/api.w.org\/{rel}","templated":true}]}}