{"id":1896,"date":"2024-11-30T13:16:48","date_gmt":"2024-11-30T13:16:48","guid":{"rendered":"https:\/\/boatmanboat.fr\/?page_id=1896"},"modified":"2024-12-12T15:18:32","modified_gmt":"2024-12-12T15:18:32","slug":"travailler-avec-le-gps","status":"publish","type":"page","link":"https:\/\/boatmanboat.fr\/?page_id=1896","title":{"rendered":"Travailler avec le GPS, c&rsquo;est facile"},"content":{"rendered":"\n<div class=\"wp-block-columns are-vertically-aligned-center is-layout-flex wp-container-core-columns-is-layout-9d6595d7 wp-block-columns-is-layout-flex\">\n<div class=\"wp-block-column is-vertically-aligned-center is-layout-flow wp-block-column-is-layout-flow\" style=\"flex-basis:25%\"><div class=\"wp-block-image\">\n<figure class=\"alignright size-large is-resized\"><img fetchpriority=\"high\" decoding=\"async\" width=\"1024\" height=\"755\" src=\"https:\/\/boatmanboat.fr\/wp-content\/uploads\/2024\/12\/Bateau-emetteur-1024x755.png\" alt=\"\" class=\"wp-image-2014\" style=\"width:150px\"\/><\/figure>\n<\/div><\/div>\n\n\n\n<div class=\"wp-block-column is-vertically-aligned-center is-layout-flow wp-block-column-is-layout-flow\" style=\"flex-basis:50%\">\n<p><strong>D\u00e9marrez votre \u00e9metteur et le bateau<\/strong><\/p>\n<\/div>\n\n\n\n<div class=\"wp-block-column is-vertically-aligned-center is-layout-flow wp-block-column-is-layout-flow\" style=\"flex-basis:25%\">\n<p class=\"has-text-align-left\"><em>Comme vous le savez, d&rsquo;abord votre \u00e9metteur, puis le bateau<\/em><\/p>\n<\/div>\n<\/div>\n\n\n\n<div class=\"wp-block-columns are-vertically-aligned-center is-layout-flex wp-container-core-columns-is-layout-9d6595d7 wp-block-columns-is-layout-flex\">\n<div class=\"wp-block-column is-vertically-aligned-center is-layout-flow wp-block-column-is-layout-flow\" style=\"flex-basis:25%\"><div class=\"wp-block-image\">\n<figure class=\"alignright size-thumbnail is-resized\"><img decoding=\"async\" width=\"85\" height=\"85\" src=\"https:\/\/boatmanboat.fr\/wp-content\/uploads\/2024\/12\/Suffisamment-de-satellites-85x85.png\" alt=\"\" class=\"wp-image-2015\" style=\"width:140px\"\/><\/figure>\n<\/div><\/div>\n\n\n\n<div class=\"wp-block-column is-vertically-aligned-center is-layout-flow wp-block-column-is-layout-flow\" style=\"flex-basis:50%\">\n<p><strong>Attendez d&rsquo;avoir suffisamment de satellites<\/strong><\/p>\n<\/div>\n\n\n\n<div class=\"wp-block-column is-vertically-aligned-center is-layout-flow wp-block-column-is-layout-flow\" style=\"flex-basis:25%\">\n<p class=\"has-text-align-left\"><em>Le GPS fonctionne \u00e0 partir de 4 \u00e0 5 satellites, l&rsquo;optimum est de 12 satellites<\/em><\/p>\n<\/div>\n<\/div>\n\n\n\n<div class=\"wp-block-columns are-vertically-aligned-center is-layout-flex wp-container-core-columns-is-layout-9d6595d7 wp-block-columns-is-layout-flex\">\n<div class=\"wp-block-column is-vertically-aligned-center is-layout-flow wp-block-column-is-layout-flow\" style=\"flex-basis:25%\"><div class=\"wp-block-image\">\n<figure class=\"alignright size-thumbnail is-resized\"><img decoding=\"async\" width=\"85\" height=\"85\" src=\"https:\/\/boatmanboat.fr\/wp-content\/uploads\/2024\/12\/Basculer-entre-les-points-85x85.png\" alt=\"\" class=\"wp-image-2016\" style=\"width:140px\"\/><\/figure>\n<\/div><\/div>\n\n\n\n<div class=\"wp-block-column is-vertically-aligned-center is-layout-flow wp-block-column-is-layout-flow\" style=\"flex-basis:50%\">\n<p><strong>Cr\u00e9ez d\u2019abord un point maison<\/strong> <strong>(point de depart)<\/strong><\/p>\n<\/div>\n\n\n\n<div class=\"wp-block-column is-vertically-aligned-center is-layout-flow wp-block-column-is-layout-flow\" style=\"flex-basis:25%\">\n<p class=\"has-text-align-left\"><em>Sans home point, le bateau ne peut pas revenir automatiquement vers vous,l&rsquo;home point sera mis \u00e0 0 sur votre \u00e9cran<\/em><\/p>\n<\/div>\n<\/div>\n\n\n\n<div class=\"wp-block-columns are-vertically-aligned-center is-layout-flex wp-container-core-columns-is-layout-9d6595d7 wp-block-columns-is-layout-flex\">\n<div class=\"wp-block-column is-vertically-aligned-center is-layout-flow wp-block-column-is-layout-flow\" style=\"flex-basis:25%\"><div class=\"wp-block-image\">\n<figure class=\"alignright size-thumbnail is-resized\"><img loading=\"lazy\" decoding=\"async\" width=\"85\" height=\"85\" src=\"https:\/\/boatmanboat.fr\/wp-content\/uploads\/2024\/12\/Naviguer-entre-les-points2-85x85.png\" alt=\"\" class=\"wp-image-2018\" style=\"width:140px\"\/><\/figure>\n<\/div><\/div>\n\n\n\n<div class=\"wp-block-column is-vertically-aligned-center is-layout-flow wp-block-column-is-layout-flow\" style=\"flex-basis:50%\">\n<p><strong><strong>Passez maintenant \u00e0 un autre cadre et au num\u00e9ro que vous souhaitez utiliser pour le point GPS suivant.<\/strong>&nbsp;<\/strong><\/p>\n<\/div>\n\n\n\n<div class=\"wp-block-column is-vertically-aligned-center is-layout-flow wp-block-column-is-layout-flow\" style=\"flex-basis:25%\">\n<p class=\"has-text-align-left\"><em>Le joystick se d\u00e9place vers la droite ou vers la gauche, selon le r\u00e9glage initial de l&rsquo;\u00e9metteur.&nbsp;<\/em><\/p>\n<\/div>\n<\/div>\n\n\n\n<div class=\"wp-block-columns are-vertically-aligned-center is-layout-flex wp-container-core-columns-is-layout-9d6595d7 wp-block-columns-is-layout-flex\">\n<div class=\"wp-block-column is-vertically-aligned-center is-layout-flow wp-block-column-is-layout-flow\" style=\"flex-basis:25%\"><div class=\"wp-block-image\">\n<figure class=\"alignright size-thumbnail is-resized\"><img loading=\"lazy\" decoding=\"async\" width=\"85\" height=\"85\" src=\"https:\/\/boatmanboat.fr\/wp-content\/uploads\/2024\/12\/Bouton-GPS-85x85.png\" alt=\"\" class=\"wp-image-2019\" style=\"width:140px\"\/><\/figure>\n<\/div><\/div>\n\n\n\n<div class=\"wp-block-column is-vertically-aligned-center is-layout-flow wp-block-column-is-layout-flow\" style=\"flex-basis:50%\">\n<p><strong>Appuyez une fois sur le bouton GPS<\/strong><\/p>\n<\/div>\n\n\n\n<div class=\"wp-block-column is-vertically-aligned-center is-layout-flow wp-block-column-is-layout-flow\" style=\"flex-basis:25%\">\n<p class=\"has-text-align-left\"><em>En appuyant une fois, un nouveau menu appara\u00eetra.&nbsp;<\/em><\/p>\n<\/div>\n<\/div>\n\n\n\n<div class=\"wp-block-columns are-vertically-aligned-center is-layout-flex wp-container-core-columns-is-layout-9d6595d7 wp-block-columns-is-layout-flex\">\n<div class=\"wp-block-column is-vertically-aligned-center is-layout-flow wp-block-column-is-layout-flow\" style=\"flex-basis:25%\"><div class=\"wp-block-image\">\n<figure class=\"alignright size-thumbnail is-resized\"><img loading=\"lazy\" decoding=\"async\" width=\"85\" height=\"85\" src=\"https:\/\/boatmanboat.fr\/wp-content\/uploads\/2024\/12\/donner-un-nom02-85x85.png\" alt=\"\" class=\"wp-image-2020\" style=\"width:140px\"\/><\/figure>\n<\/div><\/div>\n\n\n\n<div class=\"wp-block-column is-vertically-aligned-center is-layout-flow wp-block-column-is-layout-flow\" style=\"flex-basis:50%\">\n<p><strong>V<strong>ous pouvez maintenant donner un nom au point s\u00e9lectionn\u00e9.<\/strong>&nbsp;<\/strong><\/p>\n<\/div>\n\n\n\n<div class=\"wp-block-column is-vertically-aligned-center is-layout-flow wp-block-column-is-layout-flow\" style=\"flex-basis:25%\">\n<p class=\"has-text-align-left\"><em>La s\u00e9lection des chiffres et des lettres se fait gr\u00e2ce au joystick (gauche ou droite, selon la position de d\u00e9part).&nbsp;<\/em><\/p>\n<\/div>\n<\/div>\n\n\n\n<div class=\"wp-block-columns are-vertically-aligned-center is-layout-flex wp-container-core-columns-is-layout-9d6595d7 wp-block-columns-is-layout-flex\">\n<div class=\"wp-block-column is-vertically-aligned-center is-layout-flow wp-block-column-is-layout-flow\" style=\"flex-basis:25%\"><div class=\"wp-block-image\">\n<figure class=\"alignright size-medium is-resized\"><img loading=\"lazy\" decoding=\"async\" width=\"300\" height=\"221\" src=\"https:\/\/boatmanboat.fr\/wp-content\/uploads\/2024\/12\/Pour-confirmer-300x221.png\" alt=\"\" class=\"wp-image-2021\" style=\"width:140px\" srcset=\"https:\/\/boatmanboat.fr\/wp-content\/uploads\/2024\/12\/Pour-confirmer-300x221.png 300w, https:\/\/boatmanboat.fr\/wp-content\/uploads\/2024\/12\/Pour-confirmer-1024x755.png 1024w, https:\/\/boatmanboat.fr\/wp-content\/uploads\/2024\/12\/Pour-confirmer-768x567.png 768w, https:\/\/boatmanboat.fr\/wp-content\/uploads\/2024\/12\/Pour-confirmer-600x443.png 600w, https:\/\/boatmanboat.fr\/wp-content\/uploads\/2024\/12\/Pour-confirmer.png 1506w\" sizes=\"(max-width: 300px) 100vw, 300px\" \/><\/figure>\n<\/div><\/div>\n\n\n\n<div class=\"wp-block-column is-vertically-aligned-center is-layout-flow wp-block-column-is-layout-flow\" style=\"flex-basis:50%\">\n<p><strong>Une fois le nom cr\u00e9\u00e9, appuyez sur le bouton \u00ab\u00a0enter &amp; exit\u00a0\u00bb<\/strong><\/p>\n<\/div>\n\n\n\n<div class=\"wp-block-column is-vertically-aligned-center is-layout-flow wp-block-column-is-layout-flow\" style=\"flex-basis:25%\">\n<p class=\"has-text-align-left\"><em>Le nom du waypoint est maintenant enregistr\u00e9.\u00a0<\/em><\/p>\n\n\n\n<p class=\"has-text-align-left\"><em>PS : il n&rsquo;y a absolument aucune obligation de donner un nom \u00e0 son waypoint, 99% des utilisateurs ne le font.<\/em><\/p>\n<\/div>\n<\/div>\n\n\n\n<div class=\"wp-block-columns is-layout-flex wp-container-core-columns-is-layout-9d6595d7 wp-block-columns-is-layout-flex\">\n<div class=\"wp-block-column is-layout-flow wp-block-column-is-layout-flow\" style=\"flex-basis:25%\"><div class=\"wp-block-image\">\n<figure class=\"alignright size-medium is-resized\"><img loading=\"lazy\" decoding=\"async\" width=\"300\" height=\"221\" src=\"https:\/\/boatmanboat.fr\/wp-content\/uploads\/2024\/12\/Autres-points-evoques-300x221.png\" alt=\"\" class=\"wp-image-2022\" style=\"width:140px\"\/><\/figure>\n<\/div><\/div>\n\n\n\n<div class=\"wp-block-column is-layout-flow wp-block-column-is-layout-flow\" style=\"flex-basis:50%\">\n<p><strong><strong>D&rsquo;autres points \u00e9voqu\u00e9s.<\/strong>\u00a0<\/strong><\/p>\n<\/div>\n\n\n\n<div class=\"wp-block-column is-layout-flow wp-block-column-is-layout-flow\" style=\"flex-basis:25%\">\n<p class=\"has-text-align-left\"><em>D\u00e9sormais, lorsque vous naviguez entre les diff\u00e9rents points, vous verrez toujours le nom du point sp\u00e9cifi\u00e9.\u00a0<\/em><\/p>\n<\/div>\n<\/div>\n\n\n\n<div class=\"wp-block-columns are-vertically-aligned-center is-layout-flex wp-container-core-columns-is-layout-9d6595d7 wp-block-columns-is-layout-flex\">\n<div class=\"wp-block-column is-vertically-aligned-center is-layout-flow wp-block-column-is-layout-flow\" style=\"flex-basis:25%\"><div class=\"wp-block-image\">\n<figure class=\"alignright size-medium is-resized\"><img loading=\"lazy\" decoding=\"async\" width=\"300\" height=\"221\" src=\"https:\/\/boatmanboat.fr\/wp-content\/uploads\/2024\/12\/Sauvegarde-rapide-300x221.png\" alt=\"\" class=\"wp-image-2023\" style=\"width:140px\"\/><\/figure>\n<\/div><\/div>\n\n\n\n<div class=\"wp-block-column is-vertically-aligned-center is-layout-flow wp-block-column-is-layout-flow\" style=\"flex-basis:50%\">\n<p><strong>Vous pouvez enregistrer un point GPS souhait\u00e9 en appuyant deux fois de suite sur le bouton GPS.<\/strong><\/p>\n<\/div>\n\n\n\n<div class=\"wp-block-column is-vertically-aligned-center is-layout-flow wp-block-column-is-layout-flow\" style=\"flex-basis:25%\">\n<p class=\"has-text-align-left\"><em>99% des utilisateurs fonctionnement de cette fa\u00e7on, par exemple le waypoint 1 est la canne de gauche, le waypoint 2 est la canne du milieu, etc\u2026.\u00a0<\/em><\/p>\n<\/div>\n<\/div>\n\n\n\n<div class=\"wp-block-columns are-vertically-aligned-center is-layout-flex wp-container-core-columns-is-layout-9d6595d7 wp-block-columns-is-layout-flex\">\n<div class=\"wp-block-column is-vertically-aligned-center is-layout-flow wp-block-column-is-layout-flow\" style=\"flex-basis:25%\"><div class=\"wp-block-image\">\n<figure class=\"alignright size-medium is-resized\"><img loading=\"lazy\" decoding=\"async\" width=\"300\" height=\"221\" src=\"https:\/\/boatmanboat.fr\/wp-content\/uploads\/2024\/12\/Bouton-de-navigation-300x221.png\" alt=\"\" class=\"wp-image-2026\" style=\"width:140px\" srcset=\"https:\/\/boatmanboat.fr\/wp-content\/uploads\/2024\/12\/Bouton-de-navigation-300x221.png 300w, https:\/\/boatmanboat.fr\/wp-content\/uploads\/2024\/12\/Bouton-de-navigation-1024x755.png 1024w, https:\/\/boatmanboat.fr\/wp-content\/uploads\/2024\/12\/Bouton-de-navigation-768x567.png 768w, https:\/\/boatmanboat.fr\/wp-content\/uploads\/2024\/12\/Bouton-de-navigation-600x443.png 600w, https:\/\/boatmanboat.fr\/wp-content\/uploads\/2024\/12\/Bouton-de-navigation.png 1506w\" sizes=\"(max-width: 300px) 100vw, 300px\" \/><\/figure>\n<\/div><\/div>\n\n\n\n<div class=\"wp-block-column is-vertically-aligned-center is-layout-flow wp-block-column-is-layout-flow\" style=\"flex-basis:50%\">\n<p><strong><strong>Maintenant, appuyez sur le bouton de navigation et un nouvel \u00e9cran appara\u00eetra.<\/strong>\u00a0<\/strong><\/p>\n<\/div>\n\n\n\n<div class=\"wp-block-column is-vertically-aligned-center is-layout-flow wp-block-column-is-layout-flow\" style=\"flex-basis:25%\">\n<p class=\"has-text-align-left\"><em>Naturellement, vous s\u00e9lectionnez d\u2019abord le waypoint souhait\u00e9, puis appuyez sur le bouton de navigation.\u00a0<\/em><\/p>\n<\/div>\n<\/div>\n\n\n\n<div class=\"wp-block-columns are-vertically-aligned-center is-layout-flex wp-container-core-columns-is-layout-9d6595d7 wp-block-columns-is-layout-flex\">\n<div class=\"wp-block-column is-vertically-aligned-center is-layout-flow wp-block-column-is-layout-flow\" style=\"flex-basis:25%\"><div class=\"wp-block-image\">\n<figure class=\"alignright size-medium is-resized\"><img loading=\"lazy\" decoding=\"async\" width=\"300\" height=\"221\" src=\"https:\/\/boatmanboat.fr\/wp-content\/uploads\/2024\/12\/Fonctions-du-pilote-automatique-300x221.png\" alt=\"\" class=\"wp-image-2027\" style=\"width:140px\"\/><\/figure>\n<\/div><\/div>\n\n\n\n<div class=\"wp-block-column is-vertically-aligned-center is-layout-flow wp-block-column-is-layout-flow\" style=\"flex-basis:50%\">\n<p><strong><strong>En d\u00e9pla\u00e7ant le joystick vers la gauche ou la droite, vous pouvez s\u00e9lectionner ce que le bateau doit faire lorsqu&rsquo;il arrive au waypoint (point GPS).<\/strong>\u00a0<\/strong><\/p>\n<\/div>\n\n\n\n<div class=\"wp-block-column is-vertically-aligned-center is-layout-flow wp-block-column-is-layout-flow\" style=\"flex-basis:25%\">\n<p class=\"has-text-align-left\"><em>Pour revenir automatiquement au home point (point de d\u00e9part), appuyez bri\u00e8vement sur le bouton du home point (point de d\u00e9part), il en va de m\u00eame pour le largage de l&rsquo;hame\u00e7on.\u00a0<\/em><\/p>\n<\/div>\n<\/div>\n\n\n\n<div class=\"wp-block-columns are-vertically-aligned-center is-layout-flex wp-container-core-columns-is-layout-9d6595d7 wp-block-columns-is-layout-flex\">\n<div class=\"wp-block-column is-vertically-aligned-center is-layout-flow wp-block-column-is-layout-flow\" style=\"flex-basis:25%\"><div class=\"wp-block-image\">\n<figure class=\"alignright size-medium is-resized\"><img loading=\"lazy\" decoding=\"async\" width=\"300\" height=\"221\" src=\"https:\/\/boatmanboat.fr\/wp-content\/uploads\/2024\/12\/Navigue-300x221.png\" alt=\"\" class=\"wp-image-2028\" style=\"width:140px\"\/><\/figure>\n<\/div><\/div>\n\n\n\n<div class=\"wp-block-column is-vertically-aligned-center is-layout-flow wp-block-column-is-layout-flow\" style=\"flex-basis:50%\">\n<p><strong><strong>Appuyez \u00e0 nouveau sur le bouton de navigation et le bateau partira vers le waypoint choisi.<\/strong>\u00a0<\/strong><\/p>\n<\/div>\n\n\n\n<div class=\"wp-block-column is-vertically-aligned-center is-layout-flow wp-block-column-is-layout-flow\" style=\"flex-basis:25%\">\n<p class=\"has-text-align-left\"><em>Cette m\u00e9thode s&rsquo;applique \u00e0 tous les waypoints enregistr\u00e9s\u00a0<\/em><\/p>\n<\/div>\n<\/div>\n\n\n\n<p><\/p>\n\n\n\n<ul class=\"wp-block-list\">\n<li>Allumez l&rsquo;\u00e9metteur et d\u00e9marrez le bateau\u00a0<\/li>\n\n\n\n<li>Laissez le bateau naviguer et trouvez un endroit o\u00f9 vous souhaitez p\u00eacher\u00a0<\/li>\n\n\n\n<li>Une fois arriv\u00e9 \u00e0 un point choisi, cliquez sur le waypoint (bouton GPS) (une fois bri\u00e8vement pour saisir un nom ou deux fois de suite pour placer le waypoint sans nom)\u00a0<\/li>\n\n\n\n<li>Voici comment proc\u00e9der pour chaque waypoint que vous souhaitez cr\u00e9er\u00a0<\/li>\n\n\n\n<li>Amenez le bateau sur la berge, \u00e9quipez votre bateau de votre montage et de l&rsquo;app\u00e2t souhait\u00e9, s\u00e9lectionnez et naviguez jusqu&rsquo;au waypoint enregistr\u00e9 souhait\u00e9 (point GPS)\u00a0<\/li>\n\n\n\n<li>Choisissez maintenant les options, ouvrir ou non les compartiments \u00e0 l&rsquo;arriv\u00e9e au waypoint, revenir automatiquement apr\u00e8s largage, etc.\u00a0<\/li>\n\n\n\n<li>Appuyez maintenant bri\u00e8vement sur le bouton de navigation et le bateau partira vers le waypoint et pourra ou non l\u00e2cher automatiquement l&rsquo;app\u00e2t et revenir automatiquement au waypoint (point de d\u00e9part), selon la fa\u00e7on dont vous avez r\u00e9gl\u00e9 le GPS.\u00a0<\/li>\n<\/ul>\n\n\n\n<p>PS&nbsp;: <em>Le bateau peut naviguer de mani\u00e8re enti\u00e8rement automatique, mais peut \u00e9galement naviguer uniquement vers un waypoint et vous devez ensuite ouvrir manuellement les tr\u00e9mies et choisir manuellement de revenir au point d&rsquo;origine.<\/em><\/p>\n\n\n\n<p><\/p>\n","protected":false},"excerpt":{"rendered":"<p>D\u00e9marrez votre \u00e9metteur et le bateau Comme vous le savez, d&rsquo;abord votre \u00e9metteur, puis le bateau Attendez d&rsquo;avoir suffisamment de satellites Le GPS fonctionne \u00e0 partir de 4 \u00e0 5 [&hellip;]<\/p>\n","protected":false},"author":1,"featured_media":0,"parent":0,"menu_order":0,"comment_status":"closed","ping_status":"closed","template":"","meta":{"om_disable_all_campaigns":false,"_uag_custom_page_level_css":"","_monsterinsights_skip_tracking":false,"_monsterinsights_sitenote_active":false,"_monsterinsights_sitenote_note":"","_monsterinsights_sitenote_category":0,"footnotes":""},"class_list":["post-1896","page","type-page","status-publish","hentry"],"aioseo_notices":[],"uagb_featured_image_src":{"full":false,"thumbnail":false,"medium":false,"medium_large":false,"large":false,"1536x1536":false,"2048x2048":false,"woocommerce_thumbnail":false,"woocommerce_single":false,"woocommerce_gallery_thumbnail":false,"yith-woocompare-image":false},"uagb_author_info":{"display_name":"admin","author_link":"https:\/\/boatmanboat.fr\/?author=1"},"uagb_comment_info":0,"uagb_excerpt":"D\u00e9marrez votre \u00e9metteur et le bateau Comme vous le savez, d&rsquo;abord votre \u00e9metteur, puis le bateau Attendez d&rsquo;avoir suffisamment de satellites Le GPS fonctionne \u00e0 partir de 4 \u00e0 5 [&hellip;]","jetpack_sharing_enabled":true,"_links":{"self":[{"href":"https:\/\/boatmanboat.fr\/index.php?rest_route=\/wp\/v2\/pages\/1896","targetHints":{"allow":["GET"]}}],"collection":[{"href":"https:\/\/boatmanboat.fr\/index.php?rest_route=\/wp\/v2\/pages"}],"about":[{"href":"https:\/\/boatmanboat.fr\/index.php?rest_route=\/wp\/v2\/types\/page"}],"author":[{"embeddable":true,"href":"https:\/\/boatmanboat.fr\/index.php?rest_route=\/wp\/v2\/users\/1"}],"replies":[{"embeddable":true,"href":"https:\/\/boatmanboat.fr\/index.php?rest_route=%2Fwp%2Fv2%2Fcomments&post=1896"}],"version-history":[{"count":14,"href":"https:\/\/boatmanboat.fr\/index.php?rest_route=\/wp\/v2\/pages\/1896\/revisions"}],"predecessor-version":[{"id":2244,"href":"https:\/\/boatmanboat.fr\/index.php?rest_route=\/wp\/v2\/pages\/1896\/revisions\/2244"}],"wp:attachment":[{"href":"https:\/\/boatmanboat.fr\/index.php?rest_route=%2Fwp%2Fv2%2Fmedia&parent=1896"}],"curies":[{"name":"wp","href":"https:\/\/api.w.org\/{rel}","templated":true}]}}