{"id":2093,"date":"2024-12-04T12:38:09","date_gmt":"2024-12-04T12:38:09","guid":{"rendered":"https:\/\/boatmanboat.fr\/?page_id=2093"},"modified":"2024-12-04T12:38:30","modified_gmt":"2024-12-04T12:38:30","slug":"termes-et-conditions","status":"publish","type":"page","link":"https:\/\/boatmanboat.fr\/?page_id=2093","title":{"rendered":"Termes et conditions"},"content":{"rendered":"\n<h3 class=\"wp-block-heading\">Informations sur l&rsquo;entreprise<\/h3>\n\n\n\n<p>Nom de l&rsquo;entreprise: BV CarpFuture<br>Num\u00e9ro d&rsquo;entreprise: BE0803682711<br>Adresse professionnelle: Polenstraat 161 9940 Sleidinge Belgique<\/p>\n\n\n\n<h3 class=\"wp-block-heading\">Article 1: Dispositions g\u00e9n\u00e9rales<\/h3>\n\n\n\n<p>Cette boutique en ligne offre \u00e0 ses clients la possibilit\u00e9 d\u2019acheter les produits de sa boutique en ligne. Les pr\u00e9sentes conditions g\u00e9n\u00e9rales (\u00ab conditions \u00bb) s\u2019appliquent \u00e0 toute commande pass\u00e9e par un visiteur de cette boutique en ligne (\u00ab client \u00bb). Les conditions g\u00e9n\u00e9rales du client sont exclues, sauf si elles ont \u00e9t\u00e9 accept\u00e9es par \u00e9crit, \u00e0 l\u2019avance et explicitement.<\/p>\n\n\n\n<h3 class=\"wp-block-heading\">Article 2: Prix<\/h3>\n\n\n\n<p>Tous les prix indiqu\u00e9s sont exprim\u00e9s en euros et, sauf indication contraire, incluent la TVA. Si des frais de livraison, de r\u00e9servation ou administratifs sont factur\u00e9s, cela sera indiqu\u00e9 s\u00e9par\u00e9ment.<\/p>\n\n\n\n<p>La d\u00e9claration de prix s&rsquo;applique exclusivement aux articles tels que d\u00e9crits textuellement. Les photos qui l&rsquo;accompagnent sont d\u00e9coratives et peuvent contenir des \u00e9l\u00e9ments qui ne sont pas inclus dans le prix<\/p>\n\n\n\n<p>Les prix indiqu\u00e9s pour les produits sont sujets \u00e0 des erreurs.<\/p>\n\n\n\n<h3 class=\"wp-block-heading\">Article 3: Offre<\/h3>\n\n\n\n<p>Bien que le catalogue en ligne et la boutique en ligne aient \u00e9t\u00e9 \u00e9labor\u00e9s avec le plus grand soin, il est toujours possible que les informations fournies soient incompl\u00e8tes, contiennent des erreurs mat\u00e9rielles ou ne soient pas \u00e0 jour. Les erreurs ou erreurs \u00e9videntes dans l&rsquo;offre ne sont pas contraignantes. Le vendeur n&rsquo;est en aucun cas responsable en cas d&rsquo;erreurs mat\u00e9rielles manifestes, d&rsquo;erreurs de composition ou d&rsquo;impression. Si le Client a des questions sp\u00e9cifiques concernant, par exemple, les tailles, la couleur, la disponibilit\u00e9, le d\u00e9lai de livraison ou le mode de livraison, nous demandons au Client de contacter notre service client \u00e0 l&rsquo;avance.<\/p>\n\n\n\n<p>L&rsquo;offre est valable jusqu&rsquo;\u00e0 \u00e9puisement des stocks et peut \u00eatre ajust\u00e9e ou retir\u00e9e \u00e0 tout moment. Le vendeur ne peut \u00eatre tenu responsable de l&rsquo;indisponibilit\u00e9 d&rsquo;un produit<\/p>\n\n\n\n<h3 class=\"wp-block-heading\">Article 4: Achats en ligne<\/h3>\n\n\n\n<p>L&rsquo;offre est valable jusqu&rsquo;\u00e0 \u00e9puisement des stocks et peut \u00eatre ajust\u00e9e ou retir\u00e9e \u00e0 tout moment. Le vendeur ne peut \u00eatre tenu responsable de l&rsquo;indisponibilit\u00e9 d&rsquo;un produit<\/p>\n\n\n\n<p>Le vendeur est en droit de refuser une commande en raison d&rsquo;un manquement grave du Client au regard des commandes dans lesquelles le Client est impliqu\u00e9.<\/p>\n\n\n\n<h3 class=\"wp-block-heading\">Article 5: Livraison et ex\u00e9cution du contrat<\/h3>\n\n\n\n<p>Tout dommage visible et\/ou d\u00e9faut qualitatif d&rsquo;un article ou tout autre d\u00e9faut de livraison doit \u00eatre signal\u00e9 imm\u00e9diatement par le client.<\/p>\n\n\n\n<p>Le risque de perte ou de dommage est transf\u00e9r\u00e9 au Client une fois que lui (ou un tiers d\u00e9sign\u00e9 par lui, qui n&rsquo;est pas le transporteur) a pris physiquement possession de la marchandise.<\/p>\n\n\n\n<h3 class=\"wp-block-heading\">Article 6: R\u00e9serve de propri\u00e9t\u00e9<\/h3>\n\n\n\n<p>Les objets livr\u00e9s restent en place jusqu\u2019au moment de paiement int\u00e9gral par le client, propri\u00e9t\u00e9 exclusive du vendeur.<\/p>\n\n\n\n<h3 class=\"wp-block-heading\">Article 7: Droit de r\u00e9tractation<\/h3>\n\n\n\n<p>Les dispositions du pr\u00e9sent article s&rsquo;appliquent uniquement aux Clients qui ach\u00e8tent des articles en ligne en leur qualit\u00e9 de consommateurs.<\/p>\n\n\n\n<p>Le consommateur a le droit de r\u00e9silier le contrat dans un d\u00e9lai de 14 jours calendaires, sauf indication contraire, sans indication de motifs, \u00e9tant donn\u00e9 que le droit de r\u00e9tractation s&rsquo;applique au bien ou au service command\u00e9 par le client. Pour exercer le droit de r\u00e9tractation, le Client doit informer le vendeur en temps utile de sa d\u00e9cision de r\u00e9silier le contrat par une d\u00e9claration sans \u00e9quivoque (par exemple par \u00e9crit par courrier ou par e-mail). Le client doit restituer ou remettre la marchandise imm\u00e9diatement apr\u00e8s sa d\u00e9cision de r\u00e9silier le contrat. Les frais directs de retour de la marchandise seront \u00e0 la charge du Client sauf accord contraire.<\/p>\n\n\n\n<p>Si la valeur du produit retourn\u00e9 a \u00e9t\u00e9 r\u00e9duite de quelque mani\u00e8re que ce soit, il se r\u00e9serve le droit de tenir le Client responsable et de r\u00e9clamer une indemnisation pour toute r\u00e9duction de valeur. Seuls les articles qui sont dans leur emballage d&rsquo;origine, accompagn\u00e9s de tous les accessoires, du mode d&#8217;emploi et de la facture ou preuve d&rsquo;achat, peuvent \u00eatre retourn\u00e9s.<\/p>\n\n\n\n<p>Dans le cas o\u00f9 le contrat comprend la prestation de services et si le Client a demand\u00e9 que la prestation de services commence pendant le d\u00e9lai de r\u00e9tractation, le Client paiera un montant proportionnel \u00e0 ce qui a \u00e9t\u00e9 pay\u00e9 au moment o\u00f9 il nous a inform\u00e9 que le contrat avait d\u00e9j\u00e0 \u00e9t\u00e9 conclu. livr\u00e9, par rapport \u00e0 la pleine ex\u00e9cution de l\u2019accord.<\/p>\n\n\n\n<h3 class=\"wp-block-heading\">Article 8: Garantie<\/h3>\n\n\n\n<p>En vertu de la loi du 21 septembre 2004 relative \u00e0 la protection des consommateurs lors de la vente de biens de consommation, les consommateurs disposent de droits l\u00e9gaux. Cette garantie l\u00e9gale s&rsquo;applique \u00e0 compter de la date de livraison au premier propri\u00e9taire. Pour invoquer la garantie, le Client doit \u00eatre en mesure de fournir une preuve d&rsquo;achat.<\/p>\n\n\n\n<p>La garantie (commerciale et\/ou l\u00e9gale) ne s&rsquo;applique jamais aux d\u00e9fauts r\u00e9sultant d&rsquo;accidents, de n\u00e9gligences, de chutes, d&rsquo;une utilisation de l&rsquo;article contraire \u00e0 l&rsquo;usage pour lequel il a \u00e9t\u00e9 con\u00e7u, du non-respect des instructions d&rsquo;utilisation ou du manuel, d&rsquo;ajustements. ou des modifications apport\u00e9es \u00e0 l&rsquo;article, une utilisation intensive, un mauvais entretien ou toute autre utilisation anormale ou incorrecte.<\/p>\n\n\n\n<h3 class=\"wp-block-heading\">Article 9: Penalties for non-payment<\/h3>\n\n\n\n<p>Sans pr\u00e9judice de l\u2019exercice des autres droits, en cas de non-paiement ou de retard de paiement \u00e0 compter de la date du manquement, le Client est redevable d\u2019un int\u00e9r\u00eat sur le non-paiement. montant pay\u00e9. Sans pr\u00e9judice de ce qui pr\u00e9c\u00e8de, le droit de reprendre les articles qui n\u2019ont pas \u00e9t\u00e9 pay\u00e9s (int\u00e9gralement) est conserv\u00e9.<\/p>\n\n\n\n<h3 class=\"wp-block-heading\">Article 10: Politique de confidentialit\u00e9<\/h3>\n\n\n\n<p>Le vendeur se r\u00e9serve le droit de l\u2019utiliser exclusivement \u00e0 des fins internes. collecter des donn\u00e9es aupr\u00e8s de l\u2019utilisateur, \u00e0 la fois directement via la collecte des donn\u00e9es fournies par l\u2019utilisateur au moment de la commande et indirectement (par exemple, via l\u2019utilisation de cookies, qui sont de courtes cha\u00eenes de donn\u00e9es sur l\u2019ordinateur de l\u2019utilisateur du site qui permet au vendeur d\u2019adapter de mani\u00e8re optimale le contenu et la pr\u00e9sentation du site \u00e0 l\u2019utilisateur). Ces donn\u00e9es ne seront pas transmises aux organisations contractuellement associ\u00e9es au vendeur. Conform\u00e9ment \u00e0 la loi du 8 d\u00e9cembre 1992 sur la protection de la vie priv\u00e9e \u00e0 l\u2019\u00e9gard des donn\u00e9es \u00e0 caract\u00e8re personnel, l\u2019utilisateur a le droit de visualiser, de modifier, de corriger et de faire supprimer ces donn\u00e9es s\u2019il ne souhaite plus recevoir d\u2019informations concernant des donn\u00e9es \u00e0 caract\u00e8re personnel. nos activit\u00e9s. Pour cela, ils peuvent contacter le service client\u00e8le du vendeur par \u00e9crit.<\/p>\n\n\n\n<h3 class=\"wp-block-heading\">Article 11: Validit\u00e9 de validit\u00e9 \u2013 non-annulation<\/h3>\n\n\n\n<p>Si une disposition des pr\u00e9sentes conditions est d\u00e9clar\u00e9e invalide, ill\u00e9gale ou invalide, cela n\u2019affectera en rien la validit\u00e9, la l\u00e9galit\u00e9 et l\u2019applicabilit\u00e9 des autres dispositions. Si le vendeur omet \u00e0 tout moment d\u2019appliquer ou d\u2019exercer l\u2019un quelconque des droits \u00e9num\u00e9r\u00e9s dans les pr\u00e9sentes Conditions g\u00e9n\u00e9rales, ne sera jamais consid\u00e9r\u00e9 comme une renonciation \u00e0 cette disposition et n\u2019affectera jamais la validit\u00e9 de ces droits. .<\/p>\n\n\n\n<h3 class=\"wp-block-heading\">Article 12: Modification des conditions<\/h3>\n\n\n\n<p>Ces Conditions sont compl\u00e9t\u00e9es par d\u2019autres conditions qui sont explicitement mentionn\u00e9es, ainsi que les conditions g\u00e9n\u00e9rales de vente du vendeur. En cas de conflit, les pr\u00e9sentes conditions pr\u00e9valent.<\/p>\n\n\n\n<h3 class=\"wp-block-heading\">Article 13: Loi applicable<\/h3>\n\n\n\n<p>Le droit belge est applicable. Les tribunaux du lieu de r\u00e9sidence du vendeur sont comp\u00e9tents pour les litiges. Le vendeur peut \u00e9galement se tourner vers la plate-forme ODR.<\/p>\n","protected":false},"excerpt":{"rendered":"<p>Informations sur l&rsquo;entreprise Nom de l&rsquo;entreprise: BV CarpFutureNum\u00e9ro d&rsquo;entreprise: BE0803682711Adresse professionnelle: Polenstraat 161 9940 Sleidinge Belgique Article 1: Dispositions g\u00e9n\u00e9rales Cette boutique en ligne offre \u00e0 ses clients la possibilit\u00e9 [&hellip;]<\/p>\n","protected":false},"author":1,"featured_media":0,"parent":0,"menu_order":0,"comment_status":"closed","ping_status":"closed","template":"","meta":{"om_disable_all_campaigns":false,"_uag_custom_page_level_css":"","_monsterinsights_skip_tracking":false,"_monsterinsights_sitenote_active":false,"_monsterinsights_sitenote_note":"","_monsterinsights_sitenote_category":0,"footnotes":""},"class_list":["post-2093","page","type-page","status-publish","hentry"],"aioseo_notices":[],"uagb_featured_image_src":{"full":false,"thumbnail":false,"medium":false,"medium_large":false,"large":false,"1536x1536":false,"2048x2048":false,"woocommerce_thumbnail":false,"woocommerce_single":false,"woocommerce_gallery_thumbnail":false,"yith-woocompare-image":false},"uagb_author_info":{"display_name":"admin","author_link":"https:\/\/boatmanboat.fr\/?author=1"},"uagb_comment_info":0,"uagb_excerpt":"Informations sur l&rsquo;entreprise Nom de l&rsquo;entreprise: BV CarpFutureNum\u00e9ro d&rsquo;entreprise: BE0803682711Adresse professionnelle: Polenstraat 161 9940 Sleidinge Belgique Article 1: Dispositions g\u00e9n\u00e9rales Cette boutique en ligne offre \u00e0 ses clients la possibilit\u00e9 [&hellip;]","jetpack_sharing_enabled":true,"_links":{"self":[{"href":"https:\/\/boatmanboat.fr\/index.php?rest_route=\/wp\/v2\/pages\/2093","targetHints":{"allow":["GET"]}}],"collection":[{"href":"https:\/\/boatmanboat.fr\/index.php?rest_route=\/wp\/v2\/pages"}],"about":[{"href":"https:\/\/boatmanboat.fr\/index.php?rest_route=\/wp\/v2\/types\/page"}],"author":[{"embeddable":true,"href":"https:\/\/boatmanboat.fr\/index.php?rest_route=\/wp\/v2\/users\/1"}],"replies":[{"embeddable":true,"href":"https:\/\/boatmanboat.fr\/index.php?rest_route=%2Fwp%2Fv2%2Fcomments&post=2093"}],"version-history":[{"count":3,"href":"https:\/\/boatmanboat.fr\/index.php?rest_route=\/wp\/v2\/pages\/2093\/revisions"}],"predecessor-version":[{"id":2097,"href":"https:\/\/boatmanboat.fr\/index.php?rest_route=\/wp\/v2\/pages\/2093\/revisions\/2097"}],"wp:attachment":[{"href":"https:\/\/boatmanboat.fr\/index.php?rest_route=%2Fwp%2Fv2%2Fmedia&parent=2093"}],"curies":[{"name":"wp","href":"https:\/\/api.w.org\/{rel}","templated":true}]}}