{"id":1447,"date":"2024-11-27T14:35:00","date_gmt":"2024-11-27T14:35:00","guid":{"rendered":"https:\/\/boatmanboat.fr\/?post_type=product&#038;p=1447"},"modified":"2025-12-29T13:41:23","modified_gmt":"2025-12-29T13:41:23","slug":"actor-5ah-noire","status":"publish","type":"product","link":"https:\/\/boatmanboat.fr\/?product=actor-5ah-noire","title":{"rendered":"Actor"},"content":{"rendered":"\r\n<p>Ce bateau est id\u00e9al pour les d\u00e9butants, mais aussi pour les carpistes plus avanc\u00e9s qui n&rsquo;ont pas besoin de beaucoup de caract\u00e9ristiques sp\u00e9ciales et qui recherchent un bateau amorceur peable.<\/p>\r\n\r\n\r\n\r\n<p>Dans la jungle des bateaux d&rsquo;amor\u00e7age, l&rsquo;Actor se d\u00e9marque nettement.<\/p>\r\n\r\n\r\n<div class=\"wp-block-image\">\r\n<figure class=\"alignleft size-full is-resized\"><img fetchpriority=\"high\" decoding=\"async\" class=\"wp-image-2106\" src=\"https:\/\/boatmanboat.fr\/wp-content\/uploads\/2024\/12\/IMG_6058-e1733389352565.jpg\" alt=\"\" width=\"267\" height=\"200\" \/><\/figure>\r\n<\/div>\r\n\r\n\r\n<p>Compact, pratique et l\u00e9ger, ce bateau amorceur vous permet de metre vos app\u00e2ts et vos lignes dans les eaux les plus sauvage sans le poids d&rsquo;un gros bateau amorceur.<\/p>\r\n\r\n\r\n\r\n<p>Avec son poids de 2 kg et ses dimensions compactes, le bateau est tr\u00e8s facile \u00e0 emporter lors de sessions courtes, il ne prend presque pas de place mais vous permet toujours de amorcee ou de deposer votre hame\u00e7on de fa\u00e7on tr\u00e8s pr\u00e9cise.<\/p>\r\n\r\n\r\n<div class=\"wp-block-image\">\r\n<figure class=\"alignright size-full is-resized\"><img decoding=\"async\" class=\"wp-image-2108\" src=\"https:\/\/boatmanboat.fr\/wp-content\/uploads\/2024\/12\/IMG_6100.jpg\" alt=\"\" width=\"257\" height=\"343\" srcset=\"https:\/\/boatmanboat.fr\/wp-content\/uploads\/2024\/12\/IMG_6100.jpg 1800w, https:\/\/boatmanboat.fr\/wp-content\/uploads\/2024\/12\/IMG_6100-225x300.jpg 225w, https:\/\/boatmanboat.fr\/wp-content\/uploads\/2024\/12\/IMG_6100-768x1024.jpg 768w, https:\/\/boatmanboat.fr\/wp-content\/uploads\/2024\/12\/IMG_6100-1152x1536.jpg 1152w, https:\/\/boatmanboat.fr\/wp-content\/uploads\/2024\/12\/IMG_6100-1536x2048.jpg 1536w, https:\/\/boatmanboat.fr\/wp-content\/uploads\/2024\/12\/IMG_6100-600x800.jpg 600w\" sizes=\"(max-width: 257px) 100vw, 257px\" \/><\/figure>\r\n<\/div>\r\n\r\n\r\n<p>La distance atteignable est en fait superflue \u00e0 mentionner, jusqu&rsquo;\u00e0 500m mais soyons r\u00e9alistes, nous n&rsquo;allons pas pr\u00e9senter le bateau pour cela.<\/p>\r\n\r\n\r\n\r\n<p>L&rsquo;Actor peut utiliser <a title=\"Batteries\" href=\"https:\/\/boatmanboat.fr\/?page_id=1626\">2 types de batteries<\/a>, \u00e0 savoir la <a title=\"Batteries\" href=\"https:\/\/boatmanboat.fr\/?page_id=1626\">7,4v 5ah<\/a> ou la <a title=\"Batteries\" href=\"https:\/\/boatmanboat.fr\/?page_id=1626\">7,4v 10ah<\/a>.<\/p>\r\n\r\n\r\n\r\n<p>Bien entendu, le temps de navigation avec la <a title=\"Batteries\" href=\"https:\/\/boatmanboat.fr\/?page_id=1626\">batterie 7,4v 10ah<\/a> doublera par rapport \u00e0 la <a title=\"Batteries\" href=\"https:\/\/boatmanboat.fr\/?page_id=1626\">batterie 7,4v 5ah<\/a>.<\/p>\r\n\r\n\r\n\r\n<p>Dans les eaux les plus sauvage, ce bateau continue \u00e0 faire son travail , ne vous laissez pas tromper du fait de la petite taille de l&rsquo;\u00e9metteur, il tient particuli\u00e8rement bien dans la main et le bateau suit votre navigation de mani\u00e8re transparente.. Nous tenons \u00e9galement \u00e0 mentionner sa vitesse, qui atteint 70 m\/min, ce qui n&rsquo;est pas n\u00e9gligeable pour un si petit bateau.<\/p>\r\n\r\n\r\n<div class=\"wp-block-image\">\r\n<figure class=\"alignleft size-large is-resized\"><img decoding=\"async\" class=\"wp-image-2109\" src=\"https:\/\/boatmanboat.fr\/wp-content\/uploads\/2024\/12\/IMG_6112-768x1024.jpg\" alt=\"\" width=\"249\" height=\"332\" srcset=\"https:\/\/boatmanboat.fr\/wp-content\/uploads\/2024\/12\/IMG_6112-768x1024.jpg 768w, https:\/\/boatmanboat.fr\/wp-content\/uploads\/2024\/12\/IMG_6112-225x300.jpg 225w, https:\/\/boatmanboat.fr\/wp-content\/uploads\/2024\/12\/IMG_6112-1152x1536.jpg 1152w, https:\/\/boatmanboat.fr\/wp-content\/uploads\/2024\/12\/IMG_6112-1536x2048.jpg 1536w, https:\/\/boatmanboat.fr\/wp-content\/uploads\/2024\/12\/IMG_6112-600x800.jpg 600w, https:\/\/boatmanboat.fr\/wp-content\/uploads\/2024\/12\/IMG_6112.jpg 1800w\" sizes=\"(max-width: 249px) 100vw, 249px\" \/><\/figure>\r\n<\/div>\r\n\r\n\r\n<p>Le bateau peut transporter jusqu&rsquo;\u00e0 1,5 kg d&rsquo;amorce sur votre poste, il est \u00e9quip\u00e9 d&rsquo;un puissant \u00e9clairage frontal, bref, tout ce que vous pouvez attendre d&rsquo;un bateau aussi petit mais tr\u00e8s facile \u00e0 utiliser.<\/p>\r\n\r\n\r\n\r\n<p>Et pour le prix, vous ne pouvez pas vous en priver !<\/p>\r\n\r\n\r\n\r\n<p>Il est possible de l&rsquo;\u00e9quiper ult\u00e9rieurement : par exemple d&rsquo;un GPS ou d&rsquo;un sonar (ou des deux) : GPS ou Sonar (ou les deux)<\/p>\r\n\r\n\r\n\r\n<p>\u00c9quipez votre Actor d\u00e8s maintenant avec le dernier <a title=\"Boatman l\u00e9pandeur\" href=\"https:\/\/boatmanboat.fr\/?page_id=1238\">\u00e9pandeur d&rsquo;aliments<\/a> de Boatman<\/p>\r\n\r\n\r\n\r\n<p>Les <a title=\"Sacs de transport\" href=\"https:\/\/boatmanboat.fr\/?page_id=1602\">sacs de transport<\/a> assortis sont disponibles en <a title=\"Sacs de transport\" href=\"https:\/\/boatmanboat.fr\/?page_id=1602\">2 couleurs<\/a>.<\/p>\r\n\r\n\r\n\r\n<p>Un <a title=\"Sacs de pluie\" href=\"https:\/\/boatmanboat.fr\/?product=sacs-de-pluie\">sac de pluie<\/a> est disponible pour prot\u00e9ger votre \u00e9metteur contre les conditions humides<\/p>\r\n\r\n\r\n\r\n<p>Le bateau a diff\u00e9rents designs et couleurs.<\/p>\r\n","protected":false},"excerpt":{"rendered":"<p>Ce bateau amorceur est id\u00e9al pour les d\u00e9butants mais aussi pour les p\u00eacheurs de carpes plus avanc\u00e9s qui n&rsquo;ont pas besoin de beaucoup de fonctionnalit\u00e9s sp\u00e9ciales et qui recherchent un bateau amorceur abordable.<\/p>\n","protected":false},"featured_media":2125,"comment_status":"open","ping_status":"closed","template":"","meta":{"om_disable_all_campaigns":false,"_uag_custom_page_level_css":"","_monsterinsights_skip_tracking":false,"_monsterinsights_sitenote_active":false,"_monsterinsights_sitenote_note":"","_monsterinsights_sitenote_category":0},"product_brand":[],"product_cat":[73,81],"product_tag":[82,83,85,84,86,87],"class_list":{"0":"post-1447","1":"product","2":"type-product","3":"status-publish","4":"has-post-thumbnail","6":"product_cat-actor","7":"product_cat-bateau-amorceur","8":"product_tag-actor","9":"product_tag-actor-gps","10":"product_tag-actor-pro","11":"product_tag-actor-sonar","12":"product_tag-bateau-amorceur","13":"product_tag-boatman","14":"product_shipping_class-gratis","16":"first","17":"instock","18":"taxable","19":"shipping-taxable","20":"purchasable","21":"product-type-variable","22":"has-default-attributes"},"aioseo_notices":[],"uagb_featured_image_src":{"full":["https:\/\/boatmanboat.fr\/wp-content\/uploads\/2024\/11\/IMG_6064.jpg",1800,2400,false],"thumbnail":["https:\/\/boatmanboat.fr\/wp-content\/uploads\/2024\/11\/IMG_6064-85x85.jpg",85,85,true],"medium":["https:\/\/boatmanboat.fr\/wp-content\/uploads\/2024\/11\/IMG_6064-225x300.jpg",225,300,true],"medium_large":["https:\/\/boatmanboat.fr\/wp-content\/uploads\/2024\/11\/IMG_6064-768x1024.jpg",768,1024,true],"large":["https:\/\/boatmanboat.fr\/wp-content\/uploads\/2024\/11\/IMG_6064-768x1024.jpg",768,1024,true],"1536x1536":["https:\/\/boatmanboat.fr\/wp-content\/uploads\/2024\/11\/IMG_6064-1152x1536.jpg",1152,1536,true],"2048x2048":["https:\/\/boatmanboat.fr\/wp-content\/uploads\/2024\/11\/IMG_6064-1536x2048.jpg",1536,2048,true],"woocommerce_thumbnail":["https:\/\/boatmanboat.fr\/wp-content\/uploads\/2024\/11\/IMG_6064-300x300.jpg",300,300,true],"woocommerce_single":["https:\/\/boatmanboat.fr\/wp-content\/uploads\/2024\/11\/IMG_6064-600x800.jpg",600,800,true],"woocommerce_gallery_thumbnail":["https:\/\/boatmanboat.fr\/wp-content\/uploads\/2024\/11\/IMG_6064-100x100.jpg",100,100,true],"yith-woocompare-image":["https:\/\/boatmanboat.fr\/wp-content\/uploads\/2024\/11\/IMG_6064-220x154.jpg",220,154,true]},"uagb_author_info":{"display_name":"admin","author_link":"https:\/\/boatmanboat.fr\/?author=0"},"uagb_comment_info":1,"uagb_excerpt":"Ce bateau amorceur est id\u00e9al pour les d\u00e9butants mais aussi pour les p\u00eacheurs de carpes plus avanc\u00e9s qui n'ont pas besoin de beaucoup de fonctionnalit\u00e9s sp\u00e9ciales et qui recherchent un bateau amorceur abordable.","jetpack_sharing_enabled":true,"_links":{"self":[{"href":"https:\/\/boatmanboat.fr\/index.php?rest_route=\/wp\/v2\/product\/1447","targetHints":{"allow":["GET"]}}],"collection":[{"href":"https:\/\/boatmanboat.fr\/index.php?rest_route=\/wp\/v2\/product"}],"about":[{"href":"https:\/\/boatmanboat.fr\/index.php?rest_route=\/wp\/v2\/types\/product"}],"replies":[{"embeddable":true,"href":"https:\/\/boatmanboat.fr\/index.php?rest_route=%2Fwp%2Fv2%2Fcomments&post=1447"}],"wp:featuredmedia":[{"embeddable":true,"href":"https:\/\/boatmanboat.fr\/index.php?rest_route=\/wp\/v2\/media\/2125"}],"wp:attachment":[{"href":"https:\/\/boatmanboat.fr\/index.php?rest_route=%2Fwp%2Fv2%2Fmedia&parent=1447"}],"wp:term":[{"taxonomy":"product_brand","embeddable":true,"href":"https:\/\/boatmanboat.fr\/index.php?rest_route=%2Fwp%2Fv2%2Fproduct_brand&post=1447"},{"taxonomy":"product_cat","embeddable":true,"href":"https:\/\/boatmanboat.fr\/index.php?rest_route=%2Fwp%2Fv2%2Fproduct_cat&post=1447"},{"taxonomy":"product_tag","embeddable":true,"href":"https:\/\/boatmanboat.fr\/index.php?rest_route=%2Fwp%2Fv2%2Fproduct_tag&post=1447"}],"curies":[{"name":"wp","href":"https:\/\/api.w.org\/{rel}","templated":true}]}}