{"id":1534,"date":"2024-11-27T18:40:51","date_gmt":"2024-11-27T18:40:51","guid":{"rendered":"https:\/\/boatmanboat.fr\/?post_type=product&#038;p=1534"},"modified":"2025-12-29T13:41:22","modified_gmt":"2025-12-29T13:41:22","slug":"vulcan","status":"publish","type":"product","link":"https:\/\/boatmanboat.fr\/?product=vulcan","title":{"rendered":"Vulcan V2"},"content":{"rendered":"\r\n<p>Le nouveau bateau amorceur Vulcan V2 compl\u00e8te la gamme de bateaux amorceurs Boatman.<\/p>\r\n\r\n\r\n<div class=\"wp-block-image\">\r\n<figure class=\"alignleft size-full is-resized\"><img decoding=\"async\" class=\"alignleft  wp-image-2303\" src=\"https:\/\/boatmanboat.fr\/wp-content\/uploads\/2024\/11\/PRO-black-300x300.jpg\" alt=\"\" width=\"219\" height=\"219\" srcset=\"https:\/\/boatmanboat.fr\/wp-content\/uploads\/2024\/11\/PRO-black-300x300.jpg 300w, https:\/\/boatmanboat.fr\/wp-content\/uploads\/2024\/11\/PRO-black-85x85.jpg 85w, https:\/\/boatmanboat.fr\/wp-content\/uploads\/2024\/11\/PRO-black-768x767.jpg 768w, https:\/\/boatmanboat.fr\/wp-content\/uploads\/2024\/11\/PRO-black-600x599.jpg 600w, https:\/\/boatmanboat.fr\/wp-content\/uploads\/2024\/11\/PRO-black-100x100.jpg 100w, https:\/\/boatmanboat.fr\/wp-content\/uploads\/2024\/11\/PRO-black.jpg 1001w\" sizes=\"(max-width: 219px) 100vw, 219px\" \/><\/figure>\r\n<\/div>\r\n\r\n\r\n<p>Ce nouveau bateau dispose de 3 vitesses facilement r\u00e9glables (H high &#8211; M medium &#8211; L low) et de 2 compartiments \u00e0 app\u00e2ts contr\u00f4l\u00e9s individuellement.<\/p>\r\n\r\n\r\n<div class=\"wp-block-image\">\r\n<figure class=\"alignright size-large is-resized\"><img decoding=\"async\" class=\"wp-image-1231 alignright\" src=\"https:\/\/boatmanboat.fr\/wp-content\/uploads\/2024\/11\/vulcan002-768x1024.png\" alt=\"\" width=\"181\" height=\"242\" srcset=\"https:\/\/boatmanboat.fr\/wp-content\/uploads\/2024\/11\/vulcan002-768x1024.png 768w, https:\/\/boatmanboat.fr\/wp-content\/uploads\/2024\/11\/vulcan002-225x300.png 225w, https:\/\/boatmanboat.fr\/wp-content\/uploads\/2024\/11\/vulcan002-1152x1536.png 1152w, https:\/\/boatmanboat.fr\/wp-content\/uploads\/2024\/11\/vulcan002-1536x2048.png 1536w, https:\/\/boatmanboat.fr\/wp-content\/uploads\/2024\/11\/vulcan002-600x800.png 600w, https:\/\/boatmanboat.fr\/wp-content\/uploads\/2024\/11\/vulcan002.png 1800w\" sizes=\"(max-width: 181px) 100vw, 181px\" \/><\/figure>\r\n<\/div>\r\n\r\n\r\n<p>Toutes les versions sont disponible en 3 couleurs : noir, carbone et camouflage.<\/p>\r\n\r\n\r\n\r\n<p>\u00c0 l&rsquo;arri\u00e8re, un volet pivotant permet de placer facilement la ligne de p\u00eache, sans passer par le fond.<\/p>\r\n\r\n\r\n\r\n\r\n\r\n<p>Chaque Vulcan V2 peut \u00eatre \u00e9quip\u00e9 de <a href=\"https:\/\/boatmanboat.fr\/?product=epandeur\">l&rsquo;\u00e9pandeur Boatman<\/a>.<\/p>\r\n\r\n\r\n\r\n<p><img fetchpriority=\"high\" decoding=\"async\" class=\"alignleft size-medium wp-image-2304\" src=\"https:\/\/boatmanboat.fr\/wp-content\/uploads\/2024\/11\/Basic-Carbon-300x300.jpg\" alt=\"\" width=\"300\" height=\"300\" srcset=\"https:\/\/boatmanboat.fr\/wp-content\/uploads\/2024\/11\/Basic-Carbon-300x300.jpg 300w, https:\/\/boatmanboat.fr\/wp-content\/uploads\/2024\/11\/Basic-Carbon-85x85.jpg 85w, https:\/\/boatmanboat.fr\/wp-content\/uploads\/2024\/11\/Basic-Carbon-768x768.jpg 768w, https:\/\/boatmanboat.fr\/wp-content\/uploads\/2024\/11\/Basic-Carbon-600x600.jpg 600w, https:\/\/boatmanboat.fr\/wp-content\/uploads\/2024\/11\/Basic-Carbon-100x100.jpg 100w, https:\/\/boatmanboat.fr\/wp-content\/uploads\/2024\/11\/Basic-Carbon.jpg 1000w\" sizes=\"(max-width: 300px) 100vw, 300px\" \/><\/p>\r\n<p>Le Vulcan V2 poss\u00e8de 2 <a href=\"https:\/\/boatmanboat.fr\/?product=batteries\">batteries<\/a> de 7,4 V et 10 Ah, ce qui lui conf\u00e8re une autonomie de 1 \u00e0 5 heures, en fonction de la vitesse utilis\u00e9e.<\/p>\r\n\r\n\r\n\r\n\r\n\r\n<figure class=\"wp-block-video\"><\/figure>\r\n\r\n\r\n\r\n<p>La nouvelle version Vulcan V2 est d\u00e9sormais \u00e9quip\u00e9e de protections anti-algues int\u00e9gr\u00e9es tr\u00e8s ing\u00e9nieuses. En marche avant, elles s&rsquo;ouvrent automatiquement\u00a0; d\u00e8s que vous reculez, m\u00eame l\u00e9g\u00e8rement, elles se ferment, limitant ainsi imm\u00e9diatement l&rsquo;accumulation d&rsquo;algues ou autres d\u00e9bris.<\/p>\r\n<p><img loading=\"lazy\" decoding=\"async\" class=\"wp-image-2306 alignright\" src=\"https:\/\/boatmanboat.fr\/wp-content\/uploads\/2024\/11\/Vulcan-GPS-300x300.jpg\" alt=\"\" width=\"337\" height=\"337\" srcset=\"https:\/\/boatmanboat.fr\/wp-content\/uploads\/2024\/11\/Vulcan-GPS-300x300.jpg 300w, https:\/\/boatmanboat.fr\/wp-content\/uploads\/2024\/11\/Vulcan-GPS-85x85.jpg 85w, https:\/\/boatmanboat.fr\/wp-content\/uploads\/2024\/11\/Vulcan-GPS-768x768.jpg 768w, https:\/\/boatmanboat.fr\/wp-content\/uploads\/2024\/11\/Vulcan-GPS-600x600.jpg 600w, https:\/\/boatmanboat.fr\/wp-content\/uploads\/2024\/11\/Vulcan-GPS-100x100.jpg 100w, https:\/\/boatmanboat.fr\/wp-content\/uploads\/2024\/11\/Vulcan-GPS.jpg 1000w\" sizes=\"(max-width: 337px) 100vw, 337px\" \/><\/p>\r\n<p>&nbsp;<\/p>\r\n<p>&nbsp;<\/p>\r\n<p><strong>Pr\u00e9sentation du Vulcan V2 de base<\/strong><\/p>\r\n\r\n\r\n\r\n\r\n\r\n<ul class=\"wp-block-list\">\r\n<li>\r\n<p>Conception de catamaran, navigation fluide et silencieuse, difficile \u00e0 renverser.<\/p>\r\n<\/li>\r\n<li>\r\n<p>Conception de largage d&rsquo;app\u00e2ts t\u00e9l\u00e9command\u00e9e : la tr\u00e9mie centrale s&rsquo;ouvre s\u00e9par\u00e9ment \u00e0 gauche, \u00e0 droite ou simultan\u00e9ment.<\/p>\r\n<\/li>\r\n<li>\r\n<p>Port\u00e9e de la t\u00e9l\u00e9commande : jusqu&rsquo;\u00e0 500 m\u00e8tres, capacit\u00e9 de la tr\u00e9mie : jusqu&rsquo;\u00e0 2,5 kg, pour une pose facile des app\u00e2ts et de l&rsquo;hame\u00e7on.<\/p>\r\n<\/li>\r\n<li>\r\n<p>T\u00e9l\u00e9commande \u00e0 une main, plus pratique.<\/p>\r\n<\/li>\r\n<li>\r\n<p>T\u00e9l\u00e9commande \u00e9tanche.<\/p>\r\n<\/li>\r\n<li>\r\n<p>Navigation avec pilote automatique : 1, 2 ou 3 minutes.<\/p>\r\n<\/li>\r\n<\/ul>\r\n<p><strong>Pr\u00e9sentation du Vulcan GPS V2<\/strong><\/p>\r\n<ul>\r\n<li>Conception de catamaran, conduite fluide et silencieuse, difficile \u00e0 renverser.<\/li>\r\n<li>Conception de largage d&rsquo;app\u00e2ts t\u00e9l\u00e9command\u00e9e : la tr\u00e9mie centrale s&rsquo;ouvre s\u00e9par\u00e9ment \u00e0 gauche, \u00e0 droite ou simultan\u00e9ment.<\/li>\r\n<li>Port\u00e9e de la t\u00e9l\u00e9commande : jusqu&rsquo;\u00e0 500 m\u00e8tres, capacit\u00e9 de la tr\u00e9mie : plus de 3 kg.<\/li>\r\n<li>Affichage de la distance et fonction GPS, pour une pose facile des app\u00e2ts et de l&rsquo;hame\u00e7on.<\/li>\r\n<li>T\u00e9l\u00e9commande \u00e0 une main, plus pratique.<\/li>\r\n<li>T\u00e9l\u00e9commande \u00e9tanche.<\/li>\r\n<li>Navigation avec pilote automatique et largage automatique des app\u00e2ts : une p\u00eache facile et amusante.<\/li>\r\n<li>Aucun retour de signal et retour automatique au point de d\u00e9part apr\u00e8s le l\u00e2cher des app\u00e2ts.<\/li>\r\n<\/ul>\r\n<p><strong>Pr\u00e9sentation du Vulcan Sonar V2<\/strong><\/p>\r\n<ul>\r\n<li>Conception de type catamaran, conduite fluide et silencieuse, pas de retournement facile.<\/li>\r\n<li>Conception de type largage d&rsquo;app\u00e2ts t\u00e9l\u00e9command\u00e9e : la tr\u00e9mie centrale peut s&rsquo;ouvrir s\u00e9par\u00e9ment \u00e0 gauche, \u00e0 droite ou les deux simultan\u00e9ment.<\/li>\r\n<li>Port\u00e9e de la t\u00e9l\u00e9commande : jusqu&rsquo;\u00e0 500 m\u00e8tres, capacit\u00e9 de la tr\u00e9mie : plus de 3 kg.<\/li>\r\n<li>T\u00e9l\u00e9commande \u00e0 une main, plus pratique.<\/li>\r\n<li>T\u00e9l\u00e9commande \u00e9tanche.<\/li>\r\n<li>Navigation en pilote automatique : 1, 2 ou 3 minutes.<\/li>\r\n<li>Sonar \u00e9tanche.<\/li>\r\n<li>Sonar \u00e0 \u00e9cran partag\u00e9.<\/li>\r\n<\/ul>\r\n<p><strong>Pr\u00e9sentation du Vulcan Pro V2<\/strong><\/p>\r\n<ul>\r\n<li style=\"text-align: left;\">Conception de type catamaran, conduite fluide et silencieuse, pas de retournement facile.<\/li>\r\n<li style=\"text-align: left;\">Conception de type largage d&rsquo;app\u00e2ts t\u00e9l\u00e9command\u00e9e : la tr\u00e9mie centrale peut s&rsquo;ouvrir s\u00e9par\u00e9ment \u00e0 gauche, \u00e0 droite ou les deux simultan\u00e9ment.<\/li>\r\n<li style=\"text-align: left;\">Port\u00e9e de la t\u00e9l\u00e9commande jusqu&rsquo;\u00e0 500 m\u00e8tres, capacit\u00e9 de la tr\u00e9mie sup\u00e9rieure \u00e0 3 kg<\/li>\r\n<li style=\"text-align: left;\">Affichage de la distance et fonction GPS pour une pose facile des app\u00e2ts et de l&rsquo;hame\u00e7on.<\/li>\r\n<li style=\"text-align: left;\">T\u00e9l\u00e9commande \u00e0 une main, plus pratique.<\/li>\r\n<li style=\"text-align: left;\">T\u00e9l\u00e9commande \u00e9tanche.<\/li>\r\n<li style=\"text-align: left;\">Navigation par pilote automatique, largage automatique des app\u00e2ts, pour une p\u00eache facile et amusante.<\/li>\r\n<li style=\"text-align: left;\">Aucun retour de signal et retour automatique au point de d\u00e9part apr\u00e8s le largage des app\u00e2ts.<\/li>\r\n<li style=\"text-align: left;\">Sonar \u00e9tanche<\/li>\r\n<li style=\"text-align: left;\">Sonar \u00e0 \u00e9cran partag\u00e9<\/li>\r\n<\/ul>\r\n<p><strong>Param\u00e8tres\u00a0:<\/strong><\/p>\r\n<ul>\r\n<li>noir &#8211; carbone &#8211; camouflage<\/li>\r\n<li>Distance de navigation : 500 m<\/li>\r\n<li>Vitesse maximale : 75 m par minute<\/li>\r\n<li>Batterie de l&rsquo;\u00e9metteur : 5-6 h<\/li>\r\n<li>Capacit\u00e9 de la trappe d&rsquo;alimentation : +\/- 2,5 kg<\/li>\r\n<li>Autonomie maximale : 1 h \u00e0 5 h (selon la vitesse choisie)<\/li>\r\n<li>Poids : 3,75 kg<\/li>\r\n<li>Dimensions : 52 cm x 29,7 cm x 23,1 cm<\/li>\r\n<li>16 points de cheminement GPS (versions GPS et Pro)<\/li>\r\n<li>Sonar \u00e9tanche ( versions sonar et Pro)<\/li>\r\n<\/ul>\r\n<ul class=\"wp-block-list\"><\/ul>\r\n","protected":false},"excerpt":{"rendered":"<p>Le nouveau bateau amorceur Vulcan compl\u00e8te la gamme de bateaux amorceurs Boatman.<\/p>\n","protected":false},"featured_media":2307,"comment_status":"open","ping_status":"closed","template":"","meta":{"om_disable_all_campaigns":false,"_uag_custom_page_level_css":"","_monsterinsights_skip_tracking":false,"_monsterinsights_sitenote_active":false,"_monsterinsights_sitenote_note":"","_monsterinsights_sitenote_category":0},"product_brand":[],"product_cat":[81,75],"product_tag":[110,101,86,87,111,114,108,109,112,113,105,106,107],"class_list":{"0":"post-1534","1":"product","2":"type-product","3":"status-publish","4":"has-post-thumbnail","6":"product_cat-bateau-amorceur","7":"product_cat-vulcan-v2","8":"product_tag-amorce","9":"product_tag-bateau","10":"product_tag-bateau-amorceur","11":"product_tag-boatman","12":"product_tag-boatmanboat","13":"product_tag-bouillettes","14":"product_tag-camou","15":"product_tag-carbon","16":"product_tag-gps","17":"product_tag-sonar","18":"product_tag-vulcan","19":"product_tag-vulcan-basic","20":"product_tag-vulcan-gps","21":"product_shipping_class-gratis","23":"first","24":"instock","25":"taxable","26":"shipping-taxable","27":"purchasable","28":"product-type-variable"},"aioseo_notices":[],"uagb_featured_image_src":{"full":["https:\/\/boatmanboat.fr\/wp-content\/uploads\/2024\/11\/PRO-Camo.jpg",1001,1000,false],"thumbnail":["https:\/\/boatmanboat.fr\/wp-content\/uploads\/2024\/11\/PRO-Camo-85x85.jpg",85,85,true],"medium":["https:\/\/boatmanboat.fr\/wp-content\/uploads\/2024\/11\/PRO-Camo-300x300.jpg",300,300,true],"medium_large":["https:\/\/boatmanboat.fr\/wp-content\/uploads\/2024\/11\/PRO-Camo-768x767.jpg",768,767,true],"large":["https:\/\/boatmanboat.fr\/wp-content\/uploads\/2024\/11\/PRO-Camo.jpg",1001,1000,false],"1536x1536":["https:\/\/boatmanboat.fr\/wp-content\/uploads\/2024\/11\/PRO-Camo.jpg",1001,1000,false],"2048x2048":["https:\/\/boatmanboat.fr\/wp-content\/uploads\/2024\/11\/PRO-Camo.jpg",1001,1000,false],"woocommerce_thumbnail":["https:\/\/boatmanboat.fr\/wp-content\/uploads\/2024\/11\/PRO-Camo-300x300.jpg",300,300,true],"woocommerce_single":["https:\/\/boatmanboat.fr\/wp-content\/uploads\/2024\/11\/PRO-Camo-600x599.jpg",600,599,true],"woocommerce_gallery_thumbnail":["https:\/\/boatmanboat.fr\/wp-content\/uploads\/2024\/11\/PRO-Camo-100x100.jpg",100,100,true],"yith-woocompare-image":["https:\/\/boatmanboat.fr\/wp-content\/uploads\/2024\/11\/PRO-Camo-220x154.jpg",220,154,true]},"uagb_author_info":{"display_name":"admin","author_link":"https:\/\/boatmanboat.fr\/?author=0"},"uagb_comment_info":2,"uagb_excerpt":"Le nouveau bateau amorceur Vulcan compl\u00e8te la gamme de bateaux amorceurs Boatman.","jetpack_sharing_enabled":true,"_links":{"self":[{"href":"https:\/\/boatmanboat.fr\/index.php?rest_route=\/wp\/v2\/product\/1534","targetHints":{"allow":["GET"]}}],"collection":[{"href":"https:\/\/boatmanboat.fr\/index.php?rest_route=\/wp\/v2\/product"}],"about":[{"href":"https:\/\/boatmanboat.fr\/index.php?rest_route=\/wp\/v2\/types\/product"}],"replies":[{"embeddable":true,"href":"https:\/\/boatmanboat.fr\/index.php?rest_route=%2Fwp%2Fv2%2Fcomments&post=1534"}],"wp:featuredmedia":[{"embeddable":true,"href":"https:\/\/boatmanboat.fr\/index.php?rest_route=\/wp\/v2\/media\/2307"}],"wp:attachment":[{"href":"https:\/\/boatmanboat.fr\/index.php?rest_route=%2Fwp%2Fv2%2Fmedia&parent=1534"}],"wp:term":[{"taxonomy":"product_brand","embeddable":true,"href":"https:\/\/boatmanboat.fr\/index.php?rest_route=%2Fwp%2Fv2%2Fproduct_brand&post=1534"},{"taxonomy":"product_cat","embeddable":true,"href":"https:\/\/boatmanboat.fr\/index.php?rest_route=%2Fwp%2Fv2%2Fproduct_cat&post=1534"},{"taxonomy":"product_tag","embeddable":true,"href":"https:\/\/boatmanboat.fr\/index.php?rest_route=%2Fwp%2Fv2%2Fproduct_tag&post=1534"}],"curies":[{"name":"wp","href":"https:\/\/api.w.org\/{rel}","templated":true}]}}