{"id":1546,"date":"2024-11-27T20:12:27","date_gmt":"2024-11-27T20:12:27","guid":{"rendered":"https:\/\/boatmanboat.fr\/?post_type=product&#038;p=1546"},"modified":"2024-12-10T07:45:51","modified_gmt":"2024-12-10T07:45:51","slug":"fighter","status":"publish","type":"product","link":"https:\/\/boatmanboat.fr\/?product=fighter","title":{"rendered":"Fighter"},"content":{"rendered":"<p><img fetchpriority=\"high\" decoding=\"async\" class=\"alignleft size-medium wp-image-1252\" src=\"https:\/\/boatmanboat.fr\/wp-content\/uploads\/2024\/11\/Handed-Fighter-300x300.png\" alt=\"\" width=\"300\" height=\"300\" srcset=\"https:\/\/boatmanboat.fr\/wp-content\/uploads\/2024\/11\/Handed-Fighter-300x300.png 300w, https:\/\/boatmanboat.fr\/wp-content\/uploads\/2024\/11\/Handed-Fighter-150x150.png 150w, https:\/\/boatmanboat.fr\/wp-content\/uploads\/2024\/11\/Handed-Fighter-768x768.png 768w, https:\/\/boatmanboat.fr\/wp-content\/uploads\/2024\/11\/Handed-Fighter-600x600.png 600w, https:\/\/boatmanboat.fr\/wp-content\/uploads\/2024\/11\/Handed-Fighter-100x100.png 100w, https:\/\/boatmanboat.fr\/wp-content\/uploads\/2024\/11\/Handed-Fighter.png 1000w\" sizes=\"(max-width: 300px) 100vw, 300px\" \/>Le Fighter pro est \u00e9quip\u00e9 d&rsquo;un GPS avec 28 waypoints, ce qui est largement suffisant, et d&rsquo;un Echosondeur cliquable sur l&rsquo;\u00e9metteur, rien de plus simple ! L&rsquo;\u00e9cran couleur de 3,5 pouces est un appareil propre \u00e0 Boatman et fonctionne \u00e9tonnamment bien, m\u00eame les pierres de moins de 10 cm sont affich\u00e9es sur l&rsquo;\u00e9cran et dans une v\u00e9g\u00e9tation dense, la sensibilit\u00e9 peut \u00eatre suffisamment ajust\u00e9e pour obtenir une vue claire du fond. Au milieu du bateau se trouvent deux trappes d&rsquo;alimentation qui peuvent \u00eatre ouvertes ensemble ou s\u00e9par\u00e9ment.<\/p>\r\n<p><img decoding=\"async\" class=\"size-medium wp-image-1253 alignright\" src=\"https:\/\/boatmanboat.fr\/wp-content\/uploads\/2024\/11\/Fighter-side-view-black-300x300.png\" alt=\"\" width=\"300\" height=\"300\" srcset=\"https:\/\/boatmanboat.fr\/wp-content\/uploads\/2024\/11\/Fighter-side-view-black-300x300.png 300w, https:\/\/boatmanboat.fr\/wp-content\/uploads\/2024\/11\/Fighter-side-view-black-150x150.png 150w, https:\/\/boatmanboat.fr\/wp-content\/uploads\/2024\/11\/Fighter-side-view-black-768x768.png 768w, https:\/\/boatmanboat.fr\/wp-content\/uploads\/2024\/11\/Fighter-side-view-black-600x600.png 600w, https:\/\/boatmanboat.fr\/wp-content\/uploads\/2024\/11\/Fighter-side-view-black-100x100.png 100w, https:\/\/boatmanboat.fr\/wp-content\/uploads\/2024\/11\/Fighter-side-view-black.png 1000w\" sizes=\"(max-width: 300px) 100vw, 300px\" \/>A l&rsquo;arri\u00e8re, il y a 2 autres belles mangeoires , tr\u00e8s int\u00e9ressantes pour d\u00e9poser quelques d\u00e9clencheurs (bouillettes) \u00e0 c\u00f4t\u00e9 de la zone d&rsquo;alimentation. La section mangeoires peut \u00eatre divis\u00e9e en 2 au moyen d&rsquo;une cloison incluse.<img decoding=\"async\" class=\"alignleft size-medium wp-image-1254\" src=\"https:\/\/boatmanboat.fr\/wp-content\/uploads\/2024\/11\/Fighter-back-view-300x300.png\" alt=\"\" width=\"300\" height=\"300\" srcset=\"https:\/\/boatmanboat.fr\/wp-content\/uploads\/2024\/11\/Fighter-back-view-300x300.png 300w, https:\/\/boatmanboat.fr\/wp-content\/uploads\/2024\/11\/Fighter-back-view-150x150.png 150w, https:\/\/boatmanboat.fr\/wp-content\/uploads\/2024\/11\/Fighter-back-view-768x768.png 768w, https:\/\/boatmanboat.fr\/wp-content\/uploads\/2024\/11\/Fighter-back-view-600x600.png 600w, https:\/\/boatmanboat.fr\/wp-content\/uploads\/2024\/11\/Fighter-back-view-100x100.png 100w, https:\/\/boatmanboat.fr\/wp-content\/uploads\/2024\/11\/Fighter-back-view.png 1000w\" sizes=\"(max-width: 300px) 100vw, 300px\" \/> Le GPS fonctionne \u00e0 merveille et une fois que vous vous y serez habitu\u00e9, vous ne voudrez plus vous en passer, car en fin de compte, tout le processus de navigation, d&rsquo;atteinte d&rsquo;un point, de largage de l&rsquo;app\u00e2t et de l&rsquo;hame\u00e7on et finalement du retour \u00e0 la rive peut \u00eatre contr\u00f4l\u00e9 de mani\u00e8re enti\u00e8rement automatique.<\/p>\r\n<p>Au fait, une distance de navigation de 500 m d\u00e9passe la limite souhait\u00e9e, vous ne manquerez donc de rien. Et \u00e0 l&rsquo;arri\u00e8re, un hook release est \u00e9galement pr\u00e9vu !<\/p>\r\n<p>Le Fighter utilise <a title=\"Batteries\" href=\"https:\/\/boatmanboat.fr\/?page_id=1626\">1 batterie 7,4v 20ah<\/a>, ce qui donne une autonomie de navigation allant jusqu&rsquo;\u00e0 2.5 heures, selon la vitesse utilis\u00e9e et les conditions.<\/p>\r\n<p>Un <a title=\"Sacs de pluie\" href=\"https:\/\/boatmanboat.fr\/?product=sacs-de-pluie\">sac de pluie<\/a> est disponible pour prot\u00e9ger votre \u00e9metteur contre les conditions humides. Et il y a aussi un crochet de d\u00e9verrouillage \u00e0 l&rsquo;arri\u00e8re ! \u00a0 \u00a0 \u00a0<\/p>\r\n\r\n<ul class=\"wp-block-list\">\r\n<li>Bateau complet<\/li>\r\n\r\n\r\n\r\n<li>GPS 28 points de cheminement<\/li>\r\n\r\n\r\n\r\n<li>Pilote enti\u00e8rement automatique<\/li>\r\n\r\n\r\n\r\n<li>Port\u00e9e de navigation de 500 m<\/li>\r\n\r\n\r\n\r\n<li>Le sondeur fonctionne dans des conditions id\u00e9ales jusqu&rsquo;\u00e0 +\/- 300m<\/li>\r\n\r\n\r\n\r\n<li>2,5 heures de navigation avec <a title=\"Batteries\" href=\"https:\/\/boatmanboat.fr\/?page_id=1626\">batterie 7.4v 20ah<\/a><\/li>\r\n\r\n\r\n\r\n<li>Sac gratuit (inclus)<\/li>\r\n\r\n\r\n\r\n<li>D\u00e9verrouillage du crochet fourni<\/li>\r\n<\/ul>\r\n","protected":false},"excerpt":{"rendered":"<p>Le Fighter pro est un touche-\u00e0-tout, un GPS avec 28 waypoints, largement suffisant et dispose d&rsquo;un profondim\u00e8tre cliquable sur l&rsquo;\u00e9metteur pour plus de commodit\u00e9, rien de plus simple !<\/p>\n","protected":false},"featured_media":1257,"comment_status":"open","ping_status":"closed","template":"","meta":{"om_disable_all_campaigns":false,"_uag_custom_page_level_css":"","_monsterinsights_skip_tracking":false,"_monsterinsights_sitenote_active":false,"_monsterinsights_sitenote_note":"","_monsterinsights_sitenote_category":0},"product_brand":[],"product_cat":[81,76],"product_tag":[110,101,86,87,114,115,116,112,113],"class_list":{"0":"post-1546","1":"product","2":"type-product","3":"status-publish","4":"has-post-thumbnail","6":"product_cat-bateau-amorceur","7":"product_cat-fighter","8":"product_tag-amorce","9":"product_tag-bateau","10":"product_tag-bateau-amorceur","11":"product_tag-boatman","12":"product_tag-bouillettes","13":"product_tag-fighter","14":"product_tag-fighter-pro","15":"product_tag-gps","16":"product_tag-sonar","17":"product_shipping_class-gratis","19":"first","20":"instock","21":"taxable","22":"shipping-taxable","23":"purchasable","24":"product-type-variable"},"aioseo_notices":[],"uagb_featured_image_src":{"full":["https:\/\/boatmanboat.fr\/wp-content\/uploads\/2024\/11\/Fighter-Camou-side.jpg",1000,1000,false],"thumbnail":["https:\/\/boatmanboat.fr\/wp-content\/uploads\/2024\/11\/Fighter-Camou-side-150x150.jpg",85,85,true],"medium":["https:\/\/boatmanboat.fr\/wp-content\/uploads\/2024\/11\/Fighter-Camou-side-300x300.jpg",300,300,true],"medium_large":["https:\/\/boatmanboat.fr\/wp-content\/uploads\/2024\/11\/Fighter-Camou-side-768x768.jpg",768,768,true],"large":["https:\/\/boatmanboat.fr\/wp-content\/uploads\/2024\/11\/Fighter-Camou-side.jpg",1000,1000,false],"1536x1536":["https:\/\/boatmanboat.fr\/wp-content\/uploads\/2024\/11\/Fighter-Camou-side.jpg",1000,1000,false],"2048x2048":["https:\/\/boatmanboat.fr\/wp-content\/uploads\/2024\/11\/Fighter-Camou-side.jpg",1000,1000,false],"woocommerce_thumbnail":["https:\/\/boatmanboat.fr\/wp-content\/uploads\/2024\/11\/Fighter-Camou-side-300x300.jpg",300,300,true],"woocommerce_single":["https:\/\/boatmanboat.fr\/wp-content\/uploads\/2024\/11\/Fighter-Camou-side-600x600.jpg",600,600,true],"woocommerce_gallery_thumbnail":["https:\/\/boatmanboat.fr\/wp-content\/uploads\/2024\/11\/Fighter-Camou-side-100x100.jpg",100,100,true],"yith-woocompare-image":["https:\/\/boatmanboat.fr\/wp-content\/uploads\/2024\/11\/Fighter-Camou-side-220x154.jpg",220,154,true]},"uagb_author_info":{"display_name":"admin","author_link":"https:\/\/boatmanboat.fr\/?author=0"},"uagb_comment_info":0,"uagb_excerpt":"Le Fighter pro est un touche-\u00e0-tout, un GPS avec 28 waypoints, largement suffisant et dispose d'un profondim\u00e8tre cliquable sur l'\u00e9metteur pour plus de commodit\u00e9, rien de plus simple !","jetpack_sharing_enabled":true,"_links":{"self":[{"href":"https:\/\/boatmanboat.fr\/index.php?rest_route=\/wp\/v2\/product\/1546","targetHints":{"allow":["GET"]}}],"collection":[{"href":"https:\/\/boatmanboat.fr\/index.php?rest_route=\/wp\/v2\/product"}],"about":[{"href":"https:\/\/boatmanboat.fr\/index.php?rest_route=\/wp\/v2\/types\/product"}],"replies":[{"embeddable":true,"href":"https:\/\/boatmanboat.fr\/index.php?rest_route=%2Fwp%2Fv2%2Fcomments&post=1546"}],"wp:featuredmedia":[{"embeddable":true,"href":"https:\/\/boatmanboat.fr\/index.php?rest_route=\/wp\/v2\/media\/1257"}],"wp:attachment":[{"href":"https:\/\/boatmanboat.fr\/index.php?rest_route=%2Fwp%2Fv2%2Fmedia&parent=1546"}],"wp:term":[{"taxonomy":"product_brand","embeddable":true,"href":"https:\/\/boatmanboat.fr\/index.php?rest_route=%2Fwp%2Fv2%2Fproduct_brand&post=1546"},{"taxonomy":"product_cat","embeddable":true,"href":"https:\/\/boatmanboat.fr\/index.php?rest_route=%2Fwp%2Fv2%2Fproduct_cat&post=1546"},{"taxonomy":"product_tag","embeddable":true,"href":"https:\/\/boatmanboat.fr\/index.php?rest_route=%2Fwp%2Fv2%2Fproduct_tag&post=1546"}],"curies":[{"name":"wp","href":"https:\/\/api.w.org\/{rel}","templated":true}]}}