{"id":1551,"date":"2024-11-27T20:22:25","date_gmt":"2024-11-27T20:22:25","guid":{"rendered":"https:\/\/boatmanboat.fr\/?post_type=product&#038;p=1551"},"modified":"2024-12-09T08:07:32","modified_gmt":"2024-12-09T08:07:32","slug":"leader","status":"publish","type":"product","link":"https:\/\/boatmanboat.fr\/?product=leader","title":{"rendered":"Leader"},"content":{"rendered":"\r\n<p><\/p>\r\n<p>La premi\u00e8re impression indique imm\u00e9diatement que pas mal de choses ont chang\u00e9 et, r\u00e9trospectivement, nous ne pouvons que nous en f\u00e9liciter.<\/p>\r\n<p>\r\n\r\n<\/p>\r\n<p>Ce qui est imm\u00e9diatement visible, ce sont les nouveaux pare-chocs \u00e0 l&rsquo;avant et \u00e0 l&rsquo;arri\u00e8re, ceux-ci constituent une valeur ajout\u00e9e absolue pour prot\u00e9ger la coque contre les impacts ind\u00e9sirables contre les rochers ou les quais en b\u00e9ton, qui n&rsquo;en a jamais eu auparavant&#8230; dites jamais&#8230; jamais&#8230; .<\/p>\r\n<p>\r\n\r\n<\/p>\r\n<p>Le bateau lui-m\u00eame dans ce mod\u00e8le est carbone.<\/p>\r\n<p>\r\n\r\n<\/p>\r\n<p>Dans la version 2024, le bateau a re\u00e7u quelques belles am\u00e9liorations.<\/p>\r\n<p>\r\n\r\n<div class=\"wp-block-image\"><\/p>\r\n<figure class=\"alignleft size-full\"><img decoding=\"async\" width=\"198\" height=\"243\" class=\"wp-image-1263\" src=\"https:\/\/boatmanboat.fr\/wp-content\/uploads\/2024\/11\/Leader_handle_S_png.png\" alt=\"\" \/><\/figure>\r\n<p><\/div>\r\n\r\n<\/p>\r\n<p>L\u2019un d\u2019eux est la nouvelle poign\u00e9e, quelle am\u00e9lioration fantastique, si nous le disons nous-m\u00eames.<\/p>\r\n<p>\r\n\r\n<\/p>\r\n<p>La poign\u00e9e est d\u00e9sormais doublement extensible, ce qui permet un transport facile, m\u00eame avec la nouvelle extension pour la trappe d&rsquo;alimentation.<\/p>\r\n<p>\r\n\r\n<div class=\"wp-block-image\"><\/p>\r\n<figure class=\"alignright size-large is-resized\"><img fetchpriority=\"high\" decoding=\"async\" class=\"wp-image-1268\" src=\"https:\/\/boatmanboat.fr\/wp-content\/uploads\/2024\/11\/leader-boilies-768x1024.jpg\" alt=\"\" width=\"255\" height=\"340\" srcset=\"https:\/\/boatmanboat.fr\/wp-content\/uploads\/2024\/11\/leader-boilies-768x1024.jpg 768w, https:\/\/boatmanboat.fr\/wp-content\/uploads\/2024\/11\/leader-boilies-225x300.jpg 225w, https:\/\/boatmanboat.fr\/wp-content\/uploads\/2024\/11\/leader-boilies-1152x1536.jpg 1152w, https:\/\/boatmanboat.fr\/wp-content\/uploads\/2024\/11\/leader-boilies-1536x2048.jpg 1536w, https:\/\/boatmanboat.fr\/wp-content\/uploads\/2024\/11\/leader-boilies-600x800.jpg 600w, https:\/\/boatmanboat.fr\/wp-content\/uploads\/2024\/11\/leader-boilies-scaled.jpg 1920w\" sizes=\"(max-width: 255px) 100vw, 255px\" \/><\/figure>\r\n<p><\/div>\r\n\r\n<\/p>\r\n<p>Le bateau se sent compl\u00e8tement diff\u00e9rent de son pr\u00e9d\u00e9cesseur et certainement de mani\u00e8re positive.<\/p>\r\n<p>\r\n\r\n<\/p>\r\n<p>De plus, <a href=\"https:\/\/boatmanboat.fr\/?product=tremie-leader-dextension\">l&rsquo;extension<\/a> d\u00e9crite ci-dessus est \u00e9galement une s\u00e9rieuse valeur ajout\u00e9e, en augmentant votre capacit\u00e9 d&rsquo;alimentation \u00e0 pas moins de 7,2 kg de bouillettes (en fonction des bouillettes elles-m\u00eames). Et avec les particules, cela deviendra encore plus.<\/p>\r\n<p>\r\n\r\n<\/p>\r\n<p><a href=\"https:\/\/boatmanboat.fr\/?product=tremie-leader-dextension\">L&rsquo;extension<\/a> et la nouvelle poign\u00e9e peuvent \u00e9galement \u00eatre utilis\u00e9es sur les mod\u00e8les pr\u00e9c\u00e9dents du Leader.<\/p>\r\n<p>\r\n\r\n<div class=\"wp-block-image\"><\/p>\r\n<figure class=\"alignleft size-full\"><img decoding=\"async\" width=\"198\" height=\"233\" class=\"wp-image-1265\" src=\"https:\/\/boatmanboat.fr\/wp-content\/uploads\/2024\/11\/on_off_button_S_png.png\" alt=\"\" \/><\/figure>\r\n<p><\/div>\r\n\r\n<\/p>\r\n<p>Le Leader utilise <a title=\"Batteries\" href=\"https:\/\/boatmanboat.fr\/?page_id=1626\">2 batteries 7,4v 10ah<\/a>, ce qui donne une autonomie de navigation allant jusqu&rsquo;\u00e0 4 heures, selon la vitesse utilis\u00e9e et les conditions.<\/p>\r\n<p>\r\n\r\n<\/p>\r\n<p>Ce qui est \u00e9galement nouveau, c&rsquo;est la possibilit\u00e9 d&rsquo;\u00e9teindre votre sonar. Dans les eaux o\u00f9 les bateaux amorceurs sont fr\u00e9quents, appuyer sur le sonar peut provoquer une r\u00e9action de sursaut chez les carpes pr\u00e9sentes sur le site. D&rsquo;o\u00f9 le bouton marche\/arr\u00eat suppl\u00e9mentaire \u00e0 c\u00f4t\u00e9 du bouton marche\/arr\u00eat pour l&rsquo;ensemble du bateau.<\/p>\r\n<p>\r\n\r\n<\/p>\r\n<p>Une petite antenne conique remplace la plus grande antenne sonar et l&rsquo;antenne du bateau est d\u00e9sormais devenue une antenne d\u00e9tachable.<\/p>\r\n<p>\r\n\r\n<div class=\"wp-block-image\"><\/p>\r\n<figure class=\"alignright size-full is-resized\"><img loading=\"lazy\" decoding=\"async\" width=\"198\" height=\"229\" class=\"wp-image-1264\" src=\"https:\/\/boatmanboat.fr\/wp-content\/uploads\/2024\/11\/new_cover02_S_png.png\" alt=\"\" \/><\/figure>\r\n<p><\/div>\r\n\r\n<\/p>\r\n<p>Et enfin, les points de connexion des antennes sont d\u00e9sormais mieux prot\u00e9g\u00e9s par des capuchons, \u00e9quip\u00e9s de languettes pratiques pour ne plus pouvoir les perdre.<\/p>\r\n<p>\r\n\r\n<\/p>\r\n<p>Nous pensons qu&rsquo;il s&rsquo;agit d&rsquo;une mise \u00e0 niveau int\u00e9ressante et cette mise \u00e0 niveau rend le bateau beaucoup plus attractif sans avoir \u00e0 modifier le prix.<\/p>\r\n<p>\r\n\r\n<\/p>\r\n<p>Concernant le fonctionnement :<\/p>\r\n<p>\r\n\r\n<\/p>\r\n<p>Un petit ajustement a \u00e9galement \u00e9t\u00e9 apport\u00e9 \u00e0 l&rsquo;\u00e9metteur, le cadre autour du waypoint a enfin \u00e9t\u00e9 rendu plus clair afin qu&rsquo;il soit \u00e9galement mieux visible \u00e0 la lumi\u00e8re du jour.<\/p>\r\n<p>\r\n\r\n<div class=\"wp-block-image\"><\/p>\r\n<figure class=\"alignleft size-large is-resized\"><img loading=\"lazy\" decoding=\"async\" class=\"wp-image-1269\" src=\"https:\/\/boatmanboat.fr\/wp-content\/uploads\/2024\/11\/remote-768x1024.jpg\" alt=\"\" width=\"266\" height=\"355\" srcset=\"https:\/\/boatmanboat.fr\/wp-content\/uploads\/2024\/11\/remote-768x1024.jpg 768w, https:\/\/boatmanboat.fr\/wp-content\/uploads\/2024\/11\/remote-225x300.jpg 225w, https:\/\/boatmanboat.fr\/wp-content\/uploads\/2024\/11\/remote-1152x1536.jpg 1152w, https:\/\/boatmanboat.fr\/wp-content\/uploads\/2024\/11\/remote-1536x2048.jpg 1536w, https:\/\/boatmanboat.fr\/wp-content\/uploads\/2024\/11\/remote-600x800.jpg 600w, https:\/\/boatmanboat.fr\/wp-content\/uploads\/2024\/11\/remote.jpg 1800w\" sizes=\"(max-width: 266px) 100vw, 266px\" \/><\/figure>\r\n<p><\/div>\r\n\r\n<\/p>\r\n<p>Le fonctionnement de l&rsquo;\u00e9metteur portatif n&rsquo;est peut-\u00eatre pas le plus courant sur le march\u00e9, mais le manuel apportera un certain soulagement lors de la premi\u00e8re utilisation. L&rsquo;\u00e9metteur est tr\u00e8s visuel et, une fois ma\u00eetris\u00e9, devient un \u00e9l\u00e9ment indispensable de votre bateau et dot\u00e9 de fonctionnalit\u00e9s tr\u00e8s utiles.<\/p>\r\n<p>\r\n\r\n<\/p>\r\n<p>Est-ce que tout cela doit \u00eatre utilis\u00e9, bien s\u00fbr non, le bateau peut \u00e9galement \u00eatre contr\u00f4l\u00e9 manuellement, mais croyez-moi, une fois que vous avez utilis\u00e9 ses gadgets suppl\u00e9mentaires, vous ne voulez plus vous en passer. Je la compare \u00e0 une voiture \u00ab automatique \u00bb, on n&rsquo;en veut pas, mais une fois qu&rsquo;on l&rsquo;a utilis\u00e9e, on ne veut plus s&rsquo;en passer.<\/p>\r\n<p>\r\n\r\n<\/p>\r\n<p>Le GPS contient 56 waypoints, \u00e9videmment beaucoup trop, mais bon, ils sont l\u00e0 maintenant. Lors de la cr\u00e9ation d&rsquo;un waypoint, vous pouvez d\u00e9sormais \u00e9galement donner \u00e0 chaque point un nom ou un num\u00e9ro, comme vous le souhaitez. Cela semble peut-\u00eatre redondant, mais je pense que c\u2019est une \u00e9norme am\u00e9lioration.<\/p>\r\n<p>\r\n\r\n<\/p>\r\n<p>Sur l&rsquo;\u00e9cran de l&rsquo;\u00e9metteur, vous pouvez voir clairement la connexion au bateau, la puissance de la batterie du bateau et bien s\u00fbr l&rsquo;\u00e9tat de la batterie de l&rsquo;\u00e9metteur.<\/p>\r\n<p>\r\n\r\n<\/p>\r\n<p>Vous verrez \u00e9galement le nombre de satellites connect\u00e9s, l&rsquo;\u00e9tat de la connexion avec le bateau ainsi qu&rsquo;un indicateur de direction (direction dans laquelle vous naviguez avec le bateau).<\/p>\r\n<p>\r\n\r\n<div class=\"wp-block-image\"><\/p>\r\n<figure class=\"alignright size-full is-resized\"><img loading=\"lazy\" decoding=\"async\" class=\"wp-image-1267\" src=\"https:\/\/boatmanboat.fr\/wp-content\/uploads\/2024\/11\/Leader-with-extention.jpg\" alt=\"\" width=\"360\" height=\"360\" srcset=\"https:\/\/boatmanboat.fr\/wp-content\/uploads\/2024\/11\/Leader-with-extention.jpg 1000w, https:\/\/boatmanboat.fr\/wp-content\/uploads\/2024\/11\/Leader-with-extention-300x300.jpg 300w, https:\/\/boatmanboat.fr\/wp-content\/uploads\/2024\/11\/Leader-with-extention-150x150.jpg 150w, https:\/\/boatmanboat.fr\/wp-content\/uploads\/2024\/11\/Leader-with-extention-768x768.jpg 768w, https:\/\/boatmanboat.fr\/wp-content\/uploads\/2024\/11\/Leader-with-extention-600x600.jpg 600w, https:\/\/boatmanboat.fr\/wp-content\/uploads\/2024\/11\/Leader-with-extention-100x100.jpg 100w\" sizes=\"(max-width: 360px) 100vw, 360px\" \/><\/figure>\r\n<p><\/div>\r\n\r\n<\/p>\r\n<p>De plus, les 2 trappes d&rsquo;alimentation sont indiqu\u00e9es visuellement et par un num\u00e9ro. Lorsque les trappes sont ouvertes, cela est \u00e9galement imm\u00e9diatement visible sur l&rsquo;\u00e9cran.<\/p>\r\n<p>\r\n\r\n<\/p>\r\n<p>Il y a aussi une ic\u00f4ne de \u00ab crochet de lib\u00e9ration \u00bb sur l&rsquo;\u00e9metteur, le \u00ab crochet de lib\u00e9ration \u00bb est fix\u00e9 \u00e0 l&rsquo;arri\u00e8re du bateau et est en fait id\u00e9al pour utiliser un c\u00e2ble arri\u00e8re, il peut donc bien s\u00fbr \u00e9galement \u00eatre utilis\u00e9 pour attacher votre crochet. ligne, mais vous pouvez choisir la v\u00f4tre, nous ne sommes pas imm\u00e9diatement d&rsquo;accord avec cela.<\/p>\r\n<p>\r\n\r\n<\/p>\r\n<p>Un <a title=\"Sacs de pluie\" href=\"https:\/\/boatmanboat.fr\/?product=sacs-de-pluie\">sac de pluie<\/a> est disponible pour prot\u00e9ger votre \u00e9metteur contre les conditions humides<\/p>\r\n<p>\r\n\r\n<div class=\"wp-block-image\"><\/p>\r\n<figure class=\"alignleft size-large is-resized\"><img loading=\"lazy\" decoding=\"async\" class=\"wp-image-1272\" src=\"https:\/\/boatmanboat.fr\/wp-content\/uploads\/2024\/11\/Leader-on-the-water-748x1024.png\" alt=\"\" width=\"244\" height=\"334\" srcset=\"https:\/\/boatmanboat.fr\/wp-content\/uploads\/2024\/11\/Leader-on-the-water-748x1024.png 748w, https:\/\/boatmanboat.fr\/wp-content\/uploads\/2024\/11\/Leader-on-the-water-219x300.png 219w, https:\/\/boatmanboat.fr\/wp-content\/uploads\/2024\/11\/Leader-on-the-water-768x1051.png 768w, https:\/\/boatmanboat.fr\/wp-content\/uploads\/2024\/11\/Leader-on-the-water-1122x1536.png 1122w, https:\/\/boatmanboat.fr\/wp-content\/uploads\/2024\/11\/Leader-on-the-water-1496x2048.png 1496w, https:\/\/boatmanboat.fr\/wp-content\/uploads\/2024\/11\/Leader-on-the-water-600x821.png 600w, https:\/\/boatmanboat.fr\/wp-content\/uploads\/2024\/11\/Leader-on-the-water.png 1722w\" sizes=\"(max-width: 244px) 100vw, 244px\" \/><\/figure>\r\n<p><\/div>\r\n\r\n<\/p>\r\n<p>On parle de trappes, mais le bateau dispose au milieu de sa coque de 2 trappes d&rsquo;alimentation \u00e0 commande s\u00e9par\u00e9e que vous pouvez ouvrir ensemble ou s\u00e9par\u00e9ment selon vos envies.<\/p>\r\n<p>\r\n\r\n<\/p>\r\n<p>De plus, il y a un bouton sur l&rsquo;\u00e9metteur pour calibrer le bateau, c&rsquo;est id\u00e9al pour garantir le bon fonctionnement du compas. Utilisez ce calibrage \u00e0 chaque fois que vous d\u00e9marrez une nouvelle session. Ce bouton est \u00e9galement utilis\u00e9 pour ouvrir ou fermer manuellement le d\u00e9verrouillage du crochet.<\/p>\r\n<p>\r\n\r\n<\/p>\r\n<p>Le bateau est \u00ab enti\u00e8rement automatique \u00bb, ce qui signifie qu&rsquo;une fois les waypoints d\u00e9termin\u00e9s, vous pouvez les approcher de mani\u00e8re enti\u00e8rement automatique. D\u00e8s que vous demandez \u00e0 naviguer vers un waypoint, l&rsquo;\u00e9metteur demande si le bateau doit ouvrir ses \u00e9coutilles de ravitaillement \u00e0 son arriv\u00e9e au waypoint choisi.<\/p>\r\n<p>\r\n\r\n\r\n\r\n<\/p>\r\n<p>Sur votre commande, le bateau part en toute autonomie jusqu&rsquo;au waypoint et largue automatiquement toute la nourriture si vous le souhaitez. Et maintenant, \u00e7a arrive&#8230; le bateau est si avanc\u00e9 qu&rsquo;il retourne m\u00eame au \u00ab point d&rsquo;origine \u00bb sans votre propre intervention. Supposons que l&rsquo;\u00e9metteur soit \u00e0 court de batterie, le bateau reviendra \u00e9galement au \u00ab point d&rsquo;origine \u00bb.<\/p>\r\n<p>\r\n\r\n<\/p>\r\n<p>Tout ce qui pr\u00e9c\u00e8de peut bien s\u00fbr \u00eatre effectu\u00e9 manuellement, mais la commodit\u00e9 sert les personnes et la technologie et pourquoi ne l&rsquo;utiliseriez-vous pas.<\/p>\r\n<p>\r\n\r\n<div class=\"wp-block-image\"><\/p>\r\n<figure class=\"alignright size-large is-resized\"><img loading=\"lazy\" decoding=\"async\" class=\"wp-image-1271\" src=\"https:\/\/boatmanboat.fr\/wp-content\/uploads\/2024\/11\/Transportcase-768x1024.jpg\" alt=\"\" width=\"202\" height=\"269\" \/><\/figure>\r\n<p><\/div>\r\n\r\n<\/p>\r\n<p>Il y a \u00e9galement un support en haut de l&rsquo;\u00e9metteur, sur lequel vous pouvez cliquer sur la jauge de profondeur, ce qui maintient le tout tr\u00e8s facilement.<\/p>\r\n<p>\r\n\r\n<\/p>\r\n<p>Le sondeur a une port\u00e9e d&rsquo;environ 300m (mesur\u00e9 379m !!!!), le bateau lui-m\u00eame a une port\u00e9e de +\/- 500m.<\/p>\r\n<p>\r\n\r\n<\/p>\r\n<p>Lors de la mise en marche de l&rsquo;\u00e9metteur, vous pouvez choisir de quel c\u00f4t\u00e9 se trouvent les commandes, cela d\u00e9pend donc si vous \u00eates gaucher ou droitier.<\/p>\r\n<p>\r\n\r\n<\/p>\r\n<p>Vous voyez, beaucoup de bateau et \u00e9galement \u00e9quip\u00e9 d&rsquo;une valise de transport tr\u00e8s solide, que demander de plus ?<\/p>\r\n<p><\/p>\r\n<p>&nbsp;<\/p>\r\n","protected":false},"excerpt":{"rendered":"","protected":false},"featured_media":1552,"comment_status":"open","ping_status":"closed","template":"","meta":{"om_disable_all_campaigns":false,"_uag_custom_page_level_css":"","_monsterinsights_skip_tracking":false,"_monsterinsights_sitenote_active":false,"_monsterinsights_sitenote_note":"","_monsterinsights_sitenote_category":0},"product_brand":[],"product_cat":[81,77],"product_tag":[110,132,101,86,87,131,129,130],"class_list":{"0":"post-1551","1":"product","2":"type-product","3":"status-publish","4":"has-post-thumbnail","6":"product_cat-bateau-amorceur","7":"product_cat-leader","8":"product_tag-amorce","9":"product_tag-amorceur","10":"product_tag-bateau","11":"product_tag-bateau-amorceur","12":"product_tag-boatman","13":"product_tag-extention","14":"product_tag-leader","15":"product_tag-leader-pro","16":"product_shipping_class-gratis","18":"first","19":"instock","20":"taxable","21":"shipping-taxable","22":"purchasable","23":"product-type-variable"},"aioseo_notices":[],"uagb_featured_image_src":{"full":["https:\/\/boatmanboat.fr\/wp-content\/uploads\/2024\/11\/Leader.png",567,647,false],"thumbnail":["https:\/\/boatmanboat.fr\/wp-content\/uploads\/2024\/11\/Leader-150x150.png",85,85,true],"medium":["https:\/\/boatmanboat.fr\/wp-content\/uploads\/2024\/11\/Leader-263x300.png",263,300,true],"medium_large":["https:\/\/boatmanboat.fr\/wp-content\/uploads\/2024\/11\/Leader.png",567,647,false],"large":["https:\/\/boatmanboat.fr\/wp-content\/uploads\/2024\/11\/Leader.png",567,647,false],"1536x1536":["https:\/\/boatmanboat.fr\/wp-content\/uploads\/2024\/11\/Leader.png",567,647,false],"2048x2048":["https:\/\/boatmanboat.fr\/wp-content\/uploads\/2024\/11\/Leader.png",567,647,false],"woocommerce_thumbnail":["https:\/\/boatmanboat.fr\/wp-content\/uploads\/2024\/11\/Leader-300x300.png",300,300,true],"woocommerce_single":["https:\/\/boatmanboat.fr\/wp-content\/uploads\/2024\/11\/Leader.png",567,647,false],"woocommerce_gallery_thumbnail":["https:\/\/boatmanboat.fr\/wp-content\/uploads\/2024\/11\/Leader-100x100.png",100,100,true],"yith-woocompare-image":["https:\/\/boatmanboat.fr\/wp-content\/uploads\/2024\/11\/Leader-220x154.png",220,154,true]},"uagb_author_info":{"display_name":"admin","author_link":"https:\/\/boatmanboat.fr\/?author=0"},"uagb_comment_info":0,"uagb_excerpt":null,"jetpack_sharing_enabled":true,"_links":{"self":[{"href":"https:\/\/boatmanboat.fr\/index.php?rest_route=\/wp\/v2\/product\/1551","targetHints":{"allow":["GET"]}}],"collection":[{"href":"https:\/\/boatmanboat.fr\/index.php?rest_route=\/wp\/v2\/product"}],"about":[{"href":"https:\/\/boatmanboat.fr\/index.php?rest_route=\/wp\/v2\/types\/product"}],"replies":[{"embeddable":true,"href":"https:\/\/boatmanboat.fr\/index.php?rest_route=%2Fwp%2Fv2%2Fcomments&post=1551"}],"wp:featuredmedia":[{"embeddable":true,"href":"https:\/\/boatmanboat.fr\/index.php?rest_route=\/wp\/v2\/media\/1552"}],"wp:attachment":[{"href":"https:\/\/boatmanboat.fr\/index.php?rest_route=%2Fwp%2Fv2%2Fmedia&parent=1551"}],"wp:term":[{"taxonomy":"product_brand","embeddable":true,"href":"https:\/\/boatmanboat.fr\/index.php?rest_route=%2Fwp%2Fv2%2Fproduct_brand&post=1551"},{"taxonomy":"product_cat","embeddable":true,"href":"https:\/\/boatmanboat.fr\/index.php?rest_route=%2Fwp%2Fv2%2Fproduct_cat&post=1551"},{"taxonomy":"product_tag","embeddable":true,"href":"https:\/\/boatmanboat.fr\/index.php?rest_route=%2Fwp%2Fv2%2Fproduct_tag&post=1551"}],"curies":[{"name":"wp","href":"https:\/\/api.w.org\/{rel}","templated":true}]}}