{"id":1559,"date":"2024-11-27T20:47:51","date_gmt":"2024-11-27T20:47:51","guid":{"rendered":"https:\/\/boatmanboat.fr\/?post_type=product&#038;p=1559"},"modified":"2024-12-04T11:27:14","modified_gmt":"2024-12-04T11:27:14","slug":"sac-de-chargement-lipo","status":"publish","type":"product","link":"https:\/\/boatmanboat.fr\/?product=sac-de-chargement-lipo","title":{"rendered":"Sac de chargement LiPo"},"content":{"rendered":"","protected":false},"excerpt":{"rendered":"<div>Toutes les batteries Boatman peuvent \u00eatre charg\u00e9es dans ce sac ignifuge.<\/div>\n<div>Bien entendu, vous pouvez \u00e9galement charger ici des batteries d&rsquo;autres marques.<\/div>\n","protected":false},"featured_media":1560,"comment_status":"open","ping_status":"closed","template":"","meta":{"om_disable_all_campaigns":false,"_uag_custom_page_level_css":"","_monsterinsights_skip_tracking":false,"_monsterinsights_sitenote_active":false,"_monsterinsights_sitenote_note":"","_monsterinsights_sitenote_category":0},"product_brand":[],"product_cat":[50],"product_tag":[119,120,87,122,121,123,118,117],"class_list":{"0":"post-1559","1":"product","2":"type-product","3":"status-publish","4":"has-post-thumbnail","6":"product_cat-accessories","7":"product_tag-bag","8":"product_tag-batterie","9":"product_tag-boatman","10":"product_tag-charge","11":"product_tag-chargeur","12":"product_tag-lipo","13":"product_tag-safe","14":"product_tag-safebag","15":"product_shipping_class-normaal","17":"first","18":"instock","19":"taxable","20":"shipping-taxable","21":"purchasable","22":"product-type-simple"},"aioseo_notices":[],"uagb_featured_image_src":{"full":["https:\/\/boatmanboat.fr\/wp-content\/uploads\/2024\/11\/safebag001.png",425,318,false],"thumbnail":["https:\/\/boatmanboat.fr\/wp-content\/uploads\/2024\/11\/safebag001-150x150.png",85,85,true],"medium":["https:\/\/boatmanboat.fr\/wp-content\/uploads\/2024\/11\/safebag001-300x224.png",300,224,true],"medium_large":["https:\/\/boatmanboat.fr\/wp-content\/uploads\/2024\/11\/safebag001.png",425,318,false],"large":["https:\/\/boatmanboat.fr\/wp-content\/uploads\/2024\/11\/safebag001.png",425,318,false],"1536x1536":["https:\/\/boatmanboat.fr\/wp-content\/uploads\/2024\/11\/safebag001.png",425,318,false],"2048x2048":["https:\/\/boatmanboat.fr\/wp-content\/uploads\/2024\/11\/safebag001.png",425,318,false],"woocommerce_thumbnail":["https:\/\/boatmanboat.fr\/wp-content\/uploads\/2024\/11\/safebag001-300x300.png",300,300,true],"woocommerce_single":["https:\/\/boatmanboat.fr\/wp-content\/uploads\/2024\/11\/safebag001.png",425,318,false],"woocommerce_gallery_thumbnail":["https:\/\/boatmanboat.fr\/wp-content\/uploads\/2024\/11\/safebag001-100x100.png",100,100,true],"yith-woocompare-image":["https:\/\/boatmanboat.fr\/wp-content\/uploads\/2024\/11\/safebag001-220x154.png",220,154,true]},"uagb_author_info":{"display_name":"admin","author_link":"https:\/\/boatmanboat.fr\/?author=0"},"uagb_comment_info":0,"uagb_excerpt":"Toutes les batteries Boatman peuvent \u00eatre charg\u00e9es dans ce sac ignifuge. Bien entendu, vous pouvez \u00e9galement charger ici des batteries d'autres marques.","jetpack_sharing_enabled":true,"_links":{"self":[{"href":"https:\/\/boatmanboat.fr\/index.php?rest_route=\/wp\/v2\/product\/1559","targetHints":{"allow":["GET"]}}],"collection":[{"href":"https:\/\/boatmanboat.fr\/index.php?rest_route=\/wp\/v2\/product"}],"about":[{"href":"https:\/\/boatmanboat.fr\/index.php?rest_route=\/wp\/v2\/types\/product"}],"replies":[{"embeddable":true,"href":"https:\/\/boatmanboat.fr\/index.php?rest_route=%2Fwp%2Fv2%2Fcomments&post=1559"}],"wp:featuredmedia":[{"embeddable":true,"href":"https:\/\/boatmanboat.fr\/index.php?rest_route=\/wp\/v2\/media\/1560"}],"wp:attachment":[{"href":"https:\/\/boatmanboat.fr\/index.php?rest_route=%2Fwp%2Fv2%2Fmedia&parent=1559"}],"wp:term":[{"taxonomy":"product_brand","embeddable":true,"href":"https:\/\/boatmanboat.fr\/index.php?rest_route=%2Fwp%2Fv2%2Fproduct_brand&post=1559"},{"taxonomy":"product_cat","embeddable":true,"href":"https:\/\/boatmanboat.fr\/index.php?rest_route=%2Fwp%2Fv2%2Fproduct_cat&post=1559"},{"taxonomy":"product_tag","embeddable":true,"href":"https:\/\/boatmanboat.fr\/index.php?rest_route=%2Fwp%2Fv2%2Fproduct_tag&post=1559"}],"curies":[{"name":"wp","href":"https:\/\/api.w.org\/{rel}","templated":true}]}}