{"id":1573,"date":"2024-11-27T21:08:23","date_gmt":"2024-11-27T21:08:23","guid":{"rendered":"https:\/\/boatmanboat.fr\/?post_type=product&#038;p=1573"},"modified":"2024-12-04T11:27:06","modified_gmt":"2024-12-04T11:27:06","slug":"blue-grease","status":"publish","type":"product","link":"https:\/\/boatmanboat.fr\/?product=blue-grease","title":{"rendered":"Blue grease"},"content":{"rendered":"","protected":false},"excerpt":{"rendered":"<p>Blue Grease est une graisse multifonctionnelle imperm\u00e9able de haute qualit\u00e9, id\u00e9ale pour l&rsquo;entretien de votre bateau.<\/p>\n","protected":false},"featured_media":1566,"comment_status":"open","ping_status":"closed","template":"","meta":{"om_disable_all_campaigns":false,"_uag_custom_page_level_css":"","_monsterinsights_skip_tracking":false,"_monsterinsights_sitenote_active":false,"_monsterinsights_sitenote_note":"","_monsterinsights_sitenote_category":0},"product_brand":[],"product_cat":[50],"product_tag":[127,124,87,126,125,128],"class_list":{"0":"post-1573","1":"product","2":"type-product","3":"status-publish","4":"has-post-thumbnail","6":"product_cat-accessories","7":"product_tag-axes","8":"product_tag-blue-grease","9":"product_tag-boatman","10":"product_tag-kent","11":"product_tag-lubricant","12":"product_tag-maintenance","13":"product_shipping_class-normaal","15":"first","16":"instock","17":"sale","18":"taxable","19":"shipping-taxable","20":"purchasable","21":"product-type-simple"},"aioseo_notices":[],"uagb_featured_image_src":{"full":["https:\/\/boatmanboat.fr\/wp-content\/uploads\/2024\/11\/blue-grease.jpg",1080,1080,false],"thumbnail":["https:\/\/boatmanboat.fr\/wp-content\/uploads\/2024\/11\/blue-grease-150x150.jpg",85,85,true],"medium":["https:\/\/boatmanboat.fr\/wp-content\/uploads\/2024\/11\/blue-grease-300x300.jpg",300,300,true],"medium_large":["https:\/\/boatmanboat.fr\/wp-content\/uploads\/2024\/11\/blue-grease-768x768.jpg",768,768,true],"large":["https:\/\/boatmanboat.fr\/wp-content\/uploads\/2024\/11\/blue-grease-1024x1024.jpg",1024,1024,true],"1536x1536":["https:\/\/boatmanboat.fr\/wp-content\/uploads\/2024\/11\/blue-grease.jpg",1080,1080,false],"2048x2048":["https:\/\/boatmanboat.fr\/wp-content\/uploads\/2024\/11\/blue-grease.jpg",1080,1080,false],"woocommerce_thumbnail":["https:\/\/boatmanboat.fr\/wp-content\/uploads\/2024\/11\/blue-grease-300x300.jpg",300,300,true],"woocommerce_single":["https:\/\/boatmanboat.fr\/wp-content\/uploads\/2024\/11\/blue-grease-600x600.jpg",600,600,true],"woocommerce_gallery_thumbnail":["https:\/\/boatmanboat.fr\/wp-content\/uploads\/2024\/11\/blue-grease-100x100.jpg",100,100,true],"yith-woocompare-image":["https:\/\/boatmanboat.fr\/wp-content\/uploads\/2024\/11\/blue-grease-220x154.jpg",220,154,true]},"uagb_author_info":{"display_name":"admin","author_link":"https:\/\/boatmanboat.fr\/?author=0"},"uagb_comment_info":0,"uagb_excerpt":"Blue Grease est une graisse multifonctionnelle imperm\u00e9able de haute qualit\u00e9, id\u00e9ale pour l'entretien de votre bateau.","jetpack_sharing_enabled":true,"_links":{"self":[{"href":"https:\/\/boatmanboat.fr\/index.php?rest_route=\/wp\/v2\/product\/1573","targetHints":{"allow":["GET"]}}],"collection":[{"href":"https:\/\/boatmanboat.fr\/index.php?rest_route=\/wp\/v2\/product"}],"about":[{"href":"https:\/\/boatmanboat.fr\/index.php?rest_route=\/wp\/v2\/types\/product"}],"replies":[{"embeddable":true,"href":"https:\/\/boatmanboat.fr\/index.php?rest_route=%2Fwp%2Fv2%2Fcomments&post=1573"}],"wp:featuredmedia":[{"embeddable":true,"href":"https:\/\/boatmanboat.fr\/index.php?rest_route=\/wp\/v2\/media\/1566"}],"wp:attachment":[{"href":"https:\/\/boatmanboat.fr\/index.php?rest_route=%2Fwp%2Fv2%2Fmedia&parent=1573"}],"wp:term":[{"taxonomy":"product_brand","embeddable":true,"href":"https:\/\/boatmanboat.fr\/index.php?rest_route=%2Fwp%2Fv2%2Fproduct_brand&post=1573"},{"taxonomy":"product_cat","embeddable":true,"href":"https:\/\/boatmanboat.fr\/index.php?rest_route=%2Fwp%2Fv2%2Fproduct_cat&post=1573"},{"taxonomy":"product_tag","embeddable":true,"href":"https:\/\/boatmanboat.fr\/index.php?rest_route=%2Fwp%2Fv2%2Fproduct_tag&post=1573"}],"curies":[{"name":"wp","href":"https:\/\/api.w.org\/{rel}","templated":true}]}}