{"id":1694,"date":"2024-11-28T09:29:37","date_gmt":"2024-11-28T09:29:37","guid":{"rendered":"https:\/\/boatmanboat.fr\/?post_type=product&#038;p=1694"},"modified":"2024-12-04T11:26:31","modified_gmt":"2024-12-04T11:26:31","slug":"rallonge-leader","status":"publish","type":"product","link":"https:\/\/boatmanboat.fr\/?product=rallonge-leader","title":{"rendered":"Rallonge Leader"},"content":{"rendered":"","protected":false},"excerpt":{"rendered":"<p>En utilisant cette extension, vous augmentez consid\u00e9rablement votre capacit\u00e9 d&rsquo;alimentation.<\/p>\n<div>De cette mani\u00e8re, jusqu&rsquo;\u00e0 7,2 kg de bouillettes peuvent \u00eatre l\u00e2ch\u00e9es en une seule fois. Et lors de l\u2019utilisation de particules, le poids sera encore plus \u00e9lev\u00e9.<\/div>\n","protected":false},"featured_media":1696,"comment_status":"open","ping_status":"closed","template":"","meta":{"om_disable_all_campaigns":false,"_uag_custom_page_level_css":"","_monsterinsights_skip_tracking":false,"_monsterinsights_sitenote_active":false,"_monsterinsights_sitenote_note":"","_monsterinsights_sitenote_category":0},"product_brand":[],"product_cat":[50],"product_tag":[101,86,87,144,129],"class_list":{"0":"post-1694","1":"product","2":"type-product","3":"status-publish","4":"has-post-thumbnail","6":"product_cat-accessories","7":"product_tag-bateau","8":"product_tag-bateau-amorceur","9":"product_tag-boatman","10":"product_tag-extentuion","11":"product_tag-leader","12":"product_shipping_class-normaal","14":"first","15":"instock","16":"taxable","17":"shipping-taxable","18":"purchasable","19":"product-type-simple"},"aioseo_notices":[],"uagb_featured_image_src":{"full":["https:\/\/boatmanboat.fr\/wp-content\/uploads\/2024\/11\/4035629151.png",567,556,false],"thumbnail":["https:\/\/boatmanboat.fr\/wp-content\/uploads\/2024\/11\/4035629151-150x150.png",85,85,true],"medium":["https:\/\/boatmanboat.fr\/wp-content\/uploads\/2024\/11\/4035629151-300x294.png",300,294,true],"medium_large":["https:\/\/boatmanboat.fr\/wp-content\/uploads\/2024\/11\/4035629151.png",567,556,false],"large":["https:\/\/boatmanboat.fr\/wp-content\/uploads\/2024\/11\/4035629151.png",567,556,false],"1536x1536":["https:\/\/boatmanboat.fr\/wp-content\/uploads\/2024\/11\/4035629151.png",567,556,false],"2048x2048":["https:\/\/boatmanboat.fr\/wp-content\/uploads\/2024\/11\/4035629151.png",567,556,false],"woocommerce_thumbnail":["https:\/\/boatmanboat.fr\/wp-content\/uploads\/2024\/11\/4035629151-300x300.png",300,300,true],"woocommerce_single":["https:\/\/boatmanboat.fr\/wp-content\/uploads\/2024\/11\/4035629151.png",567,556,false],"woocommerce_gallery_thumbnail":["https:\/\/boatmanboat.fr\/wp-content\/uploads\/2024\/11\/4035629151-100x100.png",100,100,true],"yith-woocompare-image":["https:\/\/boatmanboat.fr\/wp-content\/uploads\/2024\/11\/4035629151-220x154.png",220,154,true]},"uagb_author_info":{"display_name":"admin","author_link":"https:\/\/boatmanboat.fr\/?author=0"},"uagb_comment_info":0,"uagb_excerpt":"En utilisant cette extension, vous augmentez consid\u00e9rablement votre capacit\u00e9 d'alimentation. De cette mani\u00e8re, jusqu'\u00e0 7,2 kg de bouillettes peuvent \u00eatre l\u00e2ch\u00e9es en une seule fois. Et lors de l\u2019utilisation de particules, le poids sera encore plus \u00e9lev\u00e9.","jetpack_sharing_enabled":true,"_links":{"self":[{"href":"https:\/\/boatmanboat.fr\/index.php?rest_route=\/wp\/v2\/product\/1694","targetHints":{"allow":["GET"]}}],"collection":[{"href":"https:\/\/boatmanboat.fr\/index.php?rest_route=\/wp\/v2\/product"}],"about":[{"href":"https:\/\/boatmanboat.fr\/index.php?rest_route=\/wp\/v2\/types\/product"}],"replies":[{"embeddable":true,"href":"https:\/\/boatmanboat.fr\/index.php?rest_route=%2Fwp%2Fv2%2Fcomments&post=1694"}],"wp:featuredmedia":[{"embeddable":true,"href":"https:\/\/boatmanboat.fr\/index.php?rest_route=\/wp\/v2\/media\/1696"}],"wp:attachment":[{"href":"https:\/\/boatmanboat.fr\/index.php?rest_route=%2Fwp%2Fv2%2Fmedia&parent=1694"}],"wp:term":[{"taxonomy":"product_brand","embeddable":true,"href":"https:\/\/boatmanboat.fr\/index.php?rest_route=%2Fwp%2Fv2%2Fproduct_brand&post=1694"},{"taxonomy":"product_cat","embeddable":true,"href":"https:\/\/boatmanboat.fr\/index.php?rest_route=%2Fwp%2Fv2%2Fproduct_cat&post=1694"},{"taxonomy":"product_tag","embeddable":true,"href":"https:\/\/boatmanboat.fr\/index.php?rest_route=%2Fwp%2Fv2%2Fproduct_tag&post=1694"}],"curies":[{"name":"wp","href":"https:\/\/api.w.org\/{rel}","templated":true}]}}