{"id":1726,"date":"2024-11-28T11:36:26","date_gmt":"2024-11-28T11:36:26","guid":{"rendered":"https:\/\/boatmanboat.fr\/?post_type=product&#038;p=1726"},"modified":"2024-12-04T11:25:27","modified_gmt":"2024-12-04T11:25:27","slug":"nouveau-tremie-de-lactor","status":"publish","type":"product","link":"https:\/\/boatmanboat.fr\/?product=nouveau-tremie-de-lactor","title":{"rendered":"Nouveau tr\u00e9mie de l&rsquo;Actor"},"content":{"rendered":"","protected":false},"excerpt":{"rendered":"<p>L&rsquo;actor extr\u00eamement populaire b\u00e9n\u00e9ficie d&rsquo;une belle mise \u00e0 niveau avec ce bol d&rsquo;alimentation pratique.<\/p>\n","protected":false},"featured_media":1727,"comment_status":"open","ping_status":"closed","template":"","meta":{"om_disable_all_campaigns":false,"_uag_custom_page_level_css":"","_monsterinsights_skip_tracking":false,"_monsterinsights_sitenote_active":false,"_monsterinsights_sitenote_note":"","_monsterinsights_sitenote_category":0},"product_brand":[],"product_cat":[50],"product_tag":[82,101,86,87,111,155],"class_list":{"0":"post-1726","1":"product","2":"type-product","3":"status-publish","4":"has-post-thumbnail","6":"product_cat-accessories","7":"product_tag-actor","8":"product_tag-bateau","9":"product_tag-bateau-amorceur","10":"product_tag-boatman","11":"product_tag-boatmanboat","12":"product_tag-tremie","13":"product_shipping_class-normaal","15":"first","16":"instock","17":"taxable","18":"shipping-taxable","19":"purchasable","20":"product-type-simple"},"aioseo_notices":[],"uagb_featured_image_src":{"full":["https:\/\/boatmanboat.fr\/wp-content\/uploads\/2024\/11\/4038590172.jpg",720,1080,false],"thumbnail":["https:\/\/boatmanboat.fr\/wp-content\/uploads\/2024\/11\/4038590172-150x150.jpg",85,85,true],"medium":["https:\/\/boatmanboat.fr\/wp-content\/uploads\/2024\/11\/4038590172-200x300.jpg",200,300,true],"medium_large":["https:\/\/boatmanboat.fr\/wp-content\/uploads\/2024\/11\/4038590172.jpg",720,1080,false],"large":["https:\/\/boatmanboat.fr\/wp-content\/uploads\/2024\/11\/4038590172-683x1024.jpg",683,1024,true],"1536x1536":["https:\/\/boatmanboat.fr\/wp-content\/uploads\/2024\/11\/4038590172.jpg",720,1080,false],"2048x2048":["https:\/\/boatmanboat.fr\/wp-content\/uploads\/2024\/11\/4038590172.jpg",720,1080,false],"woocommerce_thumbnail":["https:\/\/boatmanboat.fr\/wp-content\/uploads\/2024\/11\/4038590172-300x300.jpg",300,300,true],"woocommerce_single":["https:\/\/boatmanboat.fr\/wp-content\/uploads\/2024\/11\/4038590172-600x900.jpg",600,900,true],"woocommerce_gallery_thumbnail":["https:\/\/boatmanboat.fr\/wp-content\/uploads\/2024\/11\/4038590172-100x100.jpg",100,100,true],"yith-woocompare-image":["https:\/\/boatmanboat.fr\/wp-content\/uploads\/2024\/11\/4038590172-220x154.jpg",220,154,true]},"uagb_author_info":{"display_name":"admin","author_link":"https:\/\/boatmanboat.fr\/?author=0"},"uagb_comment_info":0,"uagb_excerpt":"L'actor extr\u00eamement populaire b\u00e9n\u00e9ficie d'une belle mise \u00e0 niveau avec ce bol d'alimentation pratique.","jetpack_sharing_enabled":true,"_links":{"self":[{"href":"https:\/\/boatmanboat.fr\/index.php?rest_route=\/wp\/v2\/product\/1726","targetHints":{"allow":["GET"]}}],"collection":[{"href":"https:\/\/boatmanboat.fr\/index.php?rest_route=\/wp\/v2\/product"}],"about":[{"href":"https:\/\/boatmanboat.fr\/index.php?rest_route=\/wp\/v2\/types\/product"}],"replies":[{"embeddable":true,"href":"https:\/\/boatmanboat.fr\/index.php?rest_route=%2Fwp%2Fv2%2Fcomments&post=1726"}],"wp:featuredmedia":[{"embeddable":true,"href":"https:\/\/boatmanboat.fr\/index.php?rest_route=\/wp\/v2\/media\/1727"}],"wp:attachment":[{"href":"https:\/\/boatmanboat.fr\/index.php?rest_route=%2Fwp%2Fv2%2Fmedia&parent=1726"}],"wp:term":[{"taxonomy":"product_brand","embeddable":true,"href":"https:\/\/boatmanboat.fr\/index.php?rest_route=%2Fwp%2Fv2%2Fproduct_brand&post=1726"},{"taxonomy":"product_cat","embeddable":true,"href":"https:\/\/boatmanboat.fr\/index.php?rest_route=%2Fwp%2Fv2%2Fproduct_cat&post=1726"},{"taxonomy":"product_tag","embeddable":true,"href":"https:\/\/boatmanboat.fr\/index.php?rest_route=%2Fwp%2Fv2%2Fproduct_tag&post=1726"}],"curies":[{"name":"wp","href":"https:\/\/api.w.org\/{rel}","templated":true}]}}