{"id":1739,"date":"2024-11-28T12:06:04","date_gmt":"2024-11-28T12:06:04","guid":{"rendered":"https:\/\/boatmanboat.fr\/?post_type=product&#038;p=1739"},"modified":"2024-12-04T11:24:29","modified_gmt":"2024-12-04T11:24:29","slug":"couvercle-du-compartiment-a-piles-avec-bouton-marche-arret-externe","status":"publish","type":"product","link":"https:\/\/boatmanboat.fr\/?product=couvercle-du-compartiment-a-piles-avec-bouton-marche-arret-externe","title":{"rendered":"Couvercle du compartiment \u00e0 piles avec bouton marche\/arr\u00eat externe"},"content":{"rendered":"<p><img decoding=\"async\" class=\"alignleft wp-image-1740\" src=\"https:\/\/boatmanboat.fr\/wp-content\/uploads\/2024\/11\/4122017696-300x300.png\" alt=\"\" width=\"111\" height=\"111\" srcset=\"https:\/\/boatmanboat.fr\/wp-content\/uploads\/2024\/11\/4122017696-300x300.png 300w, https:\/\/boatmanboat.fr\/wp-content\/uploads\/2024\/11\/4122017696-150x150.png 150w, https:\/\/boatmanboat.fr\/wp-content\/uploads\/2024\/11\/4122017696-100x100.png 100w, https:\/\/boatmanboat.fr\/wp-content\/uploads\/2024\/11\/4122017696.png 567w\" sizes=\"(max-width: 111px) 100vw, 111px\" \/> <img decoding=\"async\" class=\"alignleft wp-image-1741\" src=\"https:\/\/boatmanboat.fr\/wp-content\/uploads\/2024\/11\/4122024820-300x292.png\" alt=\"\" width=\"114\" height=\"111\" srcset=\"https:\/\/boatmanboat.fr\/wp-content\/uploads\/2024\/11\/4122024820-300x292.png 300w, https:\/\/boatmanboat.fr\/wp-content\/uploads\/2024\/11\/4122024820.png 567w\" sizes=\"(max-width: 114px) 100vw, 114px\" \/> <img decoding=\"async\" class=\"alignleft wp-image-1742\" src=\"https:\/\/boatmanboat.fr\/wp-content\/uploads\/2024\/11\/4122027561-291x300.png\" alt=\"\" width=\"109\" height=\"113\" srcset=\"https:\/\/boatmanboat.fr\/wp-content\/uploads\/2024\/11\/4122027561-291x300.png 291w, https:\/\/boatmanboat.fr\/wp-content\/uploads\/2024\/11\/4122027561.png 567w\" sizes=\"(max-width: 109px) 100vw, 109px\" \/><\/p>\n","protected":false},"excerpt":{"rendered":"<p>Remplace le bouton d&rsquo;alimentation interne par un bouton d&rsquo;alimentation externe.<\/p>\n<div>Attention, vous devez quand m\u00eame ouvrir cette valve apr\u00e8s la p\u00eache pour permettre \u00e0 toute condensation de s&rsquo;\u00e9vaporer.<\/div>\n","protected":false},"featured_media":1740,"comment_status":"open","ping_status":"closed","template":"","meta":{"om_disable_all_campaigns":false,"_uag_custom_page_level_css":"","_monsterinsights_skip_tracking":false,"_monsterinsights_sitenote_active":false,"_monsterinsights_sitenote_note":"","_monsterinsights_sitenote_category":0},"product_brand":[],"product_cat":[50],"product_tag":[82,101,86,87,111],"class_list":{"0":"post-1739","1":"product","2":"type-product","3":"status-publish","4":"has-post-thumbnail","6":"product_cat-accessories","7":"product_tag-actor","8":"product_tag-bateau","9":"product_tag-bateau-amorceur","10":"product_tag-boatman","11":"product_tag-boatmanboat","12":"product_shipping_class-normaal","14":"first","15":"instock","16":"taxable","17":"shipping-taxable","18":"purchasable","19":"product-type-variable"},"aioseo_notices":[],"uagb_featured_image_src":{"full":["https:\/\/boatmanboat.fr\/wp-content\/uploads\/2024\/11\/4122017696.png",567,567,false],"thumbnail":["https:\/\/boatmanboat.fr\/wp-content\/uploads\/2024\/11\/4122017696-150x150.png",85,85,true],"medium":["https:\/\/boatmanboat.fr\/wp-content\/uploads\/2024\/11\/4122017696-300x300.png",300,300,true],"medium_large":["https:\/\/boatmanboat.fr\/wp-content\/uploads\/2024\/11\/4122017696.png",567,567,false],"large":["https:\/\/boatmanboat.fr\/wp-content\/uploads\/2024\/11\/4122017696.png",567,567,false],"1536x1536":["https:\/\/boatmanboat.fr\/wp-content\/uploads\/2024\/11\/4122017696.png",567,567,false],"2048x2048":["https:\/\/boatmanboat.fr\/wp-content\/uploads\/2024\/11\/4122017696.png",567,567,false],"woocommerce_thumbnail":["https:\/\/boatmanboat.fr\/wp-content\/uploads\/2024\/11\/4122017696-300x300.png",300,300,true],"woocommerce_single":["https:\/\/boatmanboat.fr\/wp-content\/uploads\/2024\/11\/4122017696.png",567,567,false],"woocommerce_gallery_thumbnail":["https:\/\/boatmanboat.fr\/wp-content\/uploads\/2024\/11\/4122017696-100x100.png",100,100,true],"yith-woocompare-image":["https:\/\/boatmanboat.fr\/wp-content\/uploads\/2024\/11\/4122017696-220x154.png",220,154,true]},"uagb_author_info":{"display_name":"admin","author_link":"https:\/\/boatmanboat.fr\/?author=0"},"uagb_comment_info":0,"uagb_excerpt":"Remplace le bouton d'alimentation interne par un bouton d'alimentation externe. Attention, vous devez quand m\u00eame ouvrir cette valve apr\u00e8s la p\u00eache pour permettre \u00e0 toute condensation de s'\u00e9vaporer.","jetpack_sharing_enabled":true,"_links":{"self":[{"href":"https:\/\/boatmanboat.fr\/index.php?rest_route=\/wp\/v2\/product\/1739","targetHints":{"allow":["GET"]}}],"collection":[{"href":"https:\/\/boatmanboat.fr\/index.php?rest_route=\/wp\/v2\/product"}],"about":[{"href":"https:\/\/boatmanboat.fr\/index.php?rest_route=\/wp\/v2\/types\/product"}],"replies":[{"embeddable":true,"href":"https:\/\/boatmanboat.fr\/index.php?rest_route=%2Fwp%2Fv2%2Fcomments&post=1739"}],"wp:featuredmedia":[{"embeddable":true,"href":"https:\/\/boatmanboat.fr\/index.php?rest_route=\/wp\/v2\/media\/1740"}],"wp:attachment":[{"href":"https:\/\/boatmanboat.fr\/index.php?rest_route=%2Fwp%2Fv2%2Fmedia&parent=1739"}],"wp:term":[{"taxonomy":"product_brand","embeddable":true,"href":"https:\/\/boatmanboat.fr\/index.php?rest_route=%2Fwp%2Fv2%2Fproduct_brand&post=1739"},{"taxonomy":"product_cat","embeddable":true,"href":"https:\/\/boatmanboat.fr\/index.php?rest_route=%2Fwp%2Fv2%2Fproduct_cat&post=1739"},{"taxonomy":"product_tag","embeddable":true,"href":"https:\/\/boatmanboat.fr\/index.php?rest_route=%2Fwp%2Fv2%2Fproduct_tag&post=1739"}],"curies":[{"name":"wp","href":"https:\/\/api.w.org\/{rel}","templated":true}]}}