{"id":1757,"date":"2024-11-28T12:25:50","date_gmt":"2024-11-28T12:25:50","guid":{"rendered":"https:\/\/boatmanboat.fr\/?post_type=product&#038;p=1757"},"modified":"2024-12-04T11:23:47","modified_gmt":"2024-12-04T11:23:47","slug":"gps-upgrade-actor","status":"publish","type":"product","link":"https:\/\/boatmanboat.fr\/?product=gps-upgrade-actor","title":{"rendered":"GPS upgrade Actor"},"content":{"rendered":"<div>Nous r\u00e9aliserons cette mise \u00e0 niveau pour vous et vous disposerez de pas moins de 16 waypoints, sans compter le homepoint.<\/div>\n<div>Rien ne facilite la recherche constante du spot parfait, vous n&rsquo;avez m\u00eame pas besoin de le chercher vous-m\u00eame, gr\u00e2ce aux waypoints enregistr\u00e9s, le bateau trouvera sans probl\u00e8me ce rebord ou ce petit plateau.<\/div>\n<div>Le bateau navigue automatiquement jusqu&rsquo;au spot, l\u00e2che l&rsquo;app\u00e2t et votre ligne d&rsquo;hame\u00e7on puis revient au point d&rsquo;origine de mani\u00e8re totalement automatique, rien de plus simple.<\/div>\n<div>Faites-le aujourd&rsquo;hui et d\u00e9couvrez cette mise \u00e0 niveau sensationnelle pour l&rsquo;actor !<\/div>\n<p><img fetchpriority=\"high\" decoding=\"async\" class=\"alignleft size-medium wp-image-1760\" src=\"https:\/\/boatmanboat.fr\/wp-content\/uploads\/2024\/11\/4168360750-300x200.jpg\" alt=\"\" width=\"300\" height=\"200\" srcset=\"https:\/\/boatmanboat.fr\/wp-content\/uploads\/2024\/11\/4168360750-300x200.jpg 300w, https:\/\/boatmanboat.fr\/wp-content\/uploads\/2024\/11\/4168360750-1024x683.jpg 1024w, https:\/\/boatmanboat.fr\/wp-content\/uploads\/2024\/11\/4168360750-768x512.jpg 768w, https:\/\/boatmanboat.fr\/wp-content\/uploads\/2024\/11\/4168360750-600x400.jpg 600w, https:\/\/boatmanboat.fr\/wp-content\/uploads\/2024\/11\/4168360750.jpg 1500w\" sizes=\"(max-width: 300px) 100vw, 300px\" \/> <img decoding=\"async\" class=\"alignleft size-medium wp-image-1758\" src=\"https:\/\/boatmanboat.fr\/wp-content\/uploads\/2024\/11\/4168349495-300x200.jpg\" alt=\"\" width=\"300\" height=\"200\" srcset=\"https:\/\/boatmanboat.fr\/wp-content\/uploads\/2024\/11\/4168349495-300x200.jpg 300w, https:\/\/boatmanboat.fr\/wp-content\/uploads\/2024\/11\/4168349495-1024x683.jpg 1024w, https:\/\/boatmanboat.fr\/wp-content\/uploads\/2024\/11\/4168349495-768x512.jpg 768w, https:\/\/boatmanboat.fr\/wp-content\/uploads\/2024\/11\/4168349495-600x400.jpg 600w, https:\/\/boatmanboat.fr\/wp-content\/uploads\/2024\/11\/4168349495.jpg 1500w\" sizes=\"(max-width: 300px) 100vw, 300px\" \/><\/p>\n","protected":false},"excerpt":{"rendered":"<p>Transformez votre Actor en un bateau amorceur \u00ab pilote enti\u00e8rement automatique \u00bb. (GPS)<\/p>\n","protected":false},"featured_media":1759,"comment_status":"open","ping_status":"closed","template":"","meta":{"om_disable_all_campaigns":false,"_uag_custom_page_level_css":"","_monsterinsights_skip_tracking":false,"_monsterinsights_sitenote_active":false,"_monsterinsights_sitenote_note":"","_monsterinsights_sitenote_category":0},"product_brand":[],"product_cat":[50],"product_tag":[82,168,101,86,87,111,112],"class_list":{"0":"post-1757","1":"product","2":"type-product","3":"status-publish","4":"has-post-thumbnail","6":"product_cat-accessories","7":"product_tag-actor","8":"product_tag-auto-pilote","9":"product_tag-bateau","10":"product_tag-bateau-amorceur","11":"product_tag-boatman","12":"product_tag-boatmanboat","13":"product_tag-gps","14":"product_shipping_class-normaal","16":"first","17":"instock","18":"sale","19":"taxable","20":"shipping-taxable","21":"purchasable","22":"product-type-simple"},"aioseo_notices":[],"uagb_featured_image_src":{"full":["https:\/\/boatmanboat.fr\/wp-content\/uploads\/2024\/11\/4168354627.jpg",1500,1000,false],"thumbnail":["https:\/\/boatmanboat.fr\/wp-content\/uploads\/2024\/11\/4168354627-150x150.jpg",85,85,true],"medium":["https:\/\/boatmanboat.fr\/wp-content\/uploads\/2024\/11\/4168354627-300x200.jpg",300,200,true],"medium_large":["https:\/\/boatmanboat.fr\/wp-content\/uploads\/2024\/11\/4168354627-768x512.jpg",768,512,true],"large":["https:\/\/boatmanboat.fr\/wp-content\/uploads\/2024\/11\/4168354627-1024x683.jpg",1024,683,true],"1536x1536":["https:\/\/boatmanboat.fr\/wp-content\/uploads\/2024\/11\/4168354627.jpg",1500,1000,false],"2048x2048":["https:\/\/boatmanboat.fr\/wp-content\/uploads\/2024\/11\/4168354627.jpg",1500,1000,false],"woocommerce_thumbnail":["https:\/\/boatmanboat.fr\/wp-content\/uploads\/2024\/11\/4168354627-300x300.jpg",300,300,true],"woocommerce_single":["https:\/\/boatmanboat.fr\/wp-content\/uploads\/2024\/11\/4168354627-600x400.jpg",600,400,true],"woocommerce_gallery_thumbnail":["https:\/\/boatmanboat.fr\/wp-content\/uploads\/2024\/11\/4168354627-100x100.jpg",100,100,true],"yith-woocompare-image":["https:\/\/boatmanboat.fr\/wp-content\/uploads\/2024\/11\/4168354627-220x154.jpg",220,154,true]},"uagb_author_info":{"display_name":"admin","author_link":"https:\/\/boatmanboat.fr\/?author=0"},"uagb_comment_info":0,"uagb_excerpt":"Transformez votre Actor en un bateau amorceur \u00ab pilote enti\u00e8rement automatique \u00bb. (GPS)","jetpack_sharing_enabled":true,"_links":{"self":[{"href":"https:\/\/boatmanboat.fr\/index.php?rest_route=\/wp\/v2\/product\/1757","targetHints":{"allow":["GET"]}}],"collection":[{"href":"https:\/\/boatmanboat.fr\/index.php?rest_route=\/wp\/v2\/product"}],"about":[{"href":"https:\/\/boatmanboat.fr\/index.php?rest_route=\/wp\/v2\/types\/product"}],"replies":[{"embeddable":true,"href":"https:\/\/boatmanboat.fr\/index.php?rest_route=%2Fwp%2Fv2%2Fcomments&post=1757"}],"wp:featuredmedia":[{"embeddable":true,"href":"https:\/\/boatmanboat.fr\/index.php?rest_route=\/wp\/v2\/media\/1759"}],"wp:attachment":[{"href":"https:\/\/boatmanboat.fr\/index.php?rest_route=%2Fwp%2Fv2%2Fmedia&parent=1757"}],"wp:term":[{"taxonomy":"product_brand","embeddable":true,"href":"https:\/\/boatmanboat.fr\/index.php?rest_route=%2Fwp%2Fv2%2Fproduct_brand&post=1757"},{"taxonomy":"product_cat","embeddable":true,"href":"https:\/\/boatmanboat.fr\/index.php?rest_route=%2Fwp%2Fv2%2Fproduct_cat&post=1757"},{"taxonomy":"product_tag","embeddable":true,"href":"https:\/\/boatmanboat.fr\/index.php?rest_route=%2Fwp%2Fv2%2Fproduct_tag&post=1757"}],"curies":[{"name":"wp","href":"https:\/\/api.w.org\/{rel}","templated":true}]}}