{"id":1770,"date":"2024-11-28T12:44:07","date_gmt":"2024-11-28T12:44:07","guid":{"rendered":"https:\/\/boatmanboat.fr\/?post_type=product&#038;p=1770"},"modified":"2024-12-04T11:19:02","modified_gmt":"2024-12-04T11:19:02","slug":"maisons-a-helices","status":"publish","type":"product","link":"https:\/\/boatmanboat.fr\/?product=maisons-a-helices","title":{"rendered":"Maisons \u00e0 h\u00e9lices"},"content":{"rendered":"","protected":false},"excerpt":{"rendered":"<p>Remplace tout bo\u00eetier d&rsquo;h\u00e9lice cass\u00e9<\/p>\n<p>Attention, il existe 2 versions sur le march\u00e9, v\u00e9rifiez donc bien votre bateau, montage avec 3 ou 4 vis.<\/p>\n","protected":false},"featured_media":1771,"comment_status":"open","ping_status":"closed","template":"","meta":{"om_disable_all_campaigns":false,"_uag_custom_page_level_css":"","_monsterinsights_skip_tracking":false,"_monsterinsights_sitenote_active":false,"_monsterinsights_sitenote_note":"","_monsterinsights_sitenote_category":0},"product_brand":[],"product_cat":[50],"product_tag":[82,104,101,86,87,111,158],"class_list":{"0":"post-1770","1":"product","2":"type-product","3":"status-publish","4":"has-post-thumbnail","6":"product_cat-accessories","7":"product_tag-actor","8":"product_tag-actor-plus","9":"product_tag-bateau","10":"product_tag-bateau-amorceur","11":"product_tag-boatman","12":"product_tag-boatmanboat","13":"product_tag-helices","14":"product_shipping_class-normaal","16":"first","17":"instock","18":"taxable","19":"shipping-taxable","20":"purchasable","21":"product-type-variable"},"aioseo_notices":[],"uagb_featured_image_src":{"full":["https:\/\/boatmanboat.fr\/wp-content\/uploads\/2024\/11\/4595896002.jpg",320,320,false],"thumbnail":["https:\/\/boatmanboat.fr\/wp-content\/uploads\/2024\/11\/4595896002-150x150.jpg",85,85,true],"medium":["https:\/\/boatmanboat.fr\/wp-content\/uploads\/2024\/11\/4595896002-300x300.jpg",300,300,true],"medium_large":["https:\/\/boatmanboat.fr\/wp-content\/uploads\/2024\/11\/4595896002.jpg",320,320,false],"large":["https:\/\/boatmanboat.fr\/wp-content\/uploads\/2024\/11\/4595896002.jpg",320,320,false],"1536x1536":["https:\/\/boatmanboat.fr\/wp-content\/uploads\/2024\/11\/4595896002.jpg",320,320,false],"2048x2048":["https:\/\/boatmanboat.fr\/wp-content\/uploads\/2024\/11\/4595896002.jpg",320,320,false],"woocommerce_thumbnail":["https:\/\/boatmanboat.fr\/wp-content\/uploads\/2024\/11\/4595896002-300x300.jpg",300,300,true],"woocommerce_single":["https:\/\/boatmanboat.fr\/wp-content\/uploads\/2024\/11\/4595896002.jpg",320,320,false],"woocommerce_gallery_thumbnail":["https:\/\/boatmanboat.fr\/wp-content\/uploads\/2024\/11\/4595896002-100x100.jpg",100,100,true],"yith-woocompare-image":["https:\/\/boatmanboat.fr\/wp-content\/uploads\/2024\/11\/4595896002-220x154.jpg",220,154,true]},"uagb_author_info":{"display_name":"admin","author_link":"https:\/\/boatmanboat.fr\/?author=0"},"uagb_comment_info":0,"uagb_excerpt":"Remplace tout bo\u00eetier d'h\u00e9lice cass\u00e9 Attention, il existe 2 versions sur le march\u00e9, v\u00e9rifiez donc bien votre bateau, montage avec 3 ou 4 vis.","jetpack_sharing_enabled":true,"_links":{"self":[{"href":"https:\/\/boatmanboat.fr\/index.php?rest_route=\/wp\/v2\/product\/1770","targetHints":{"allow":["GET"]}}],"collection":[{"href":"https:\/\/boatmanboat.fr\/index.php?rest_route=\/wp\/v2\/product"}],"about":[{"href":"https:\/\/boatmanboat.fr\/index.php?rest_route=\/wp\/v2\/types\/product"}],"replies":[{"embeddable":true,"href":"https:\/\/boatmanboat.fr\/index.php?rest_route=%2Fwp%2Fv2%2Fcomments&post=1770"}],"wp:featuredmedia":[{"embeddable":true,"href":"https:\/\/boatmanboat.fr\/index.php?rest_route=\/wp\/v2\/media\/1771"}],"wp:attachment":[{"href":"https:\/\/boatmanboat.fr\/index.php?rest_route=%2Fwp%2Fv2%2Fmedia&parent=1770"}],"wp:term":[{"taxonomy":"product_brand","embeddable":true,"href":"https:\/\/boatmanboat.fr\/index.php?rest_route=%2Fwp%2Fv2%2Fproduct_brand&post=1770"},{"taxonomy":"product_cat","embeddable":true,"href":"https:\/\/boatmanboat.fr\/index.php?rest_route=%2Fwp%2Fv2%2Fproduct_cat&post=1770"},{"taxonomy":"product_tag","embeddable":true,"href":"https:\/\/boatmanboat.fr\/index.php?rest_route=%2Fwp%2Fv2%2Fproduct_tag&post=1770"}],"curies":[{"name":"wp","href":"https:\/\/api.w.org\/{rel}","templated":true}]}}