{"id":1830,"date":"2024-11-29T08:39:00","date_gmt":"2024-11-29T08:39:00","guid":{"rendered":"https:\/\/boatmanboat.fr\/?post_type=product&#038;p=1830"},"modified":"2024-12-04T11:12:41","modified_gmt":"2024-12-04T11:12:41","slug":"carte-de-mere-actor-plus-basic","status":"publish","type":"product","link":"https:\/\/boatmanboat.fr\/?product=carte-de-mere-actor-plus-basic","title":{"rendered":"Carte de mere Actor Plus Basic"},"content":{"rendered":"","protected":false},"excerpt":{"rendered":"<p>Carte m\u00e8re de remplacement pour l&rsquo;Actor plus basic avec boussole.<\/p>\n<p>Si vous souhaitez utiliser une boussole, votre \u00e9metteur doit \u00eatre adapt\u00e9 \u00e0 cela. (Les boutons de l&rsquo;\u00e9metteur sont gris clair)<\/p>\n","protected":false},"featured_media":1831,"comment_status":"open","ping_status":"closed","template":"","meta":{"om_disable_all_campaigns":false,"_uag_custom_page_level_css":"","_monsterinsights_skip_tracking":false,"_monsterinsights_sitenote_active":false,"_monsterinsights_sitenote_note":"","_monsterinsights_sitenote_category":0},"product_brand":[],"product_cat":[50],"product_tag":[104,87,111,187],"class_list":{"0":"post-1830","1":"product","2":"type-product","3":"status-publish","4":"has-post-thumbnail","6":"product_cat-accessories","7":"product_tag-actor-plus","8":"product_tag-boatman","9":"product_tag-boatmanboat","10":"product_tag-carte-de-mere","11":"product_shipping_class-normaal","13":"first","14":"instock","15":"taxable","16":"shipping-taxable","17":"purchasable","18":"product-type-simple"},"aioseo_notices":[],"uagb_featured_image_src":{"full":["https:\/\/boatmanboat.fr\/wp-content\/uploads\/2024\/11\/4329943212.jpg",1125,1500,false],"thumbnail":["https:\/\/boatmanboat.fr\/wp-content\/uploads\/2024\/11\/4329943212-150x150.jpg",85,85,true],"medium":["https:\/\/boatmanboat.fr\/wp-content\/uploads\/2024\/11\/4329943212-225x300.jpg",225,300,true],"medium_large":["https:\/\/boatmanboat.fr\/wp-content\/uploads\/2024\/11\/4329943212-768x1024.jpg",768,1024,true],"large":["https:\/\/boatmanboat.fr\/wp-content\/uploads\/2024\/11\/4329943212-768x1024.jpg",768,1024,true],"1536x1536":["https:\/\/boatmanboat.fr\/wp-content\/uploads\/2024\/11\/4329943212.jpg",1125,1500,false],"2048x2048":["https:\/\/boatmanboat.fr\/wp-content\/uploads\/2024\/11\/4329943212.jpg",1125,1500,false],"woocommerce_thumbnail":["https:\/\/boatmanboat.fr\/wp-content\/uploads\/2024\/11\/4329943212-300x300.jpg",300,300,true],"woocommerce_single":["https:\/\/boatmanboat.fr\/wp-content\/uploads\/2024\/11\/4329943212-600x800.jpg",600,800,true],"woocommerce_gallery_thumbnail":["https:\/\/boatmanboat.fr\/wp-content\/uploads\/2024\/11\/4329943212-100x100.jpg",100,100,true],"yith-woocompare-image":["https:\/\/boatmanboat.fr\/wp-content\/uploads\/2024\/11\/4329943212-220x154.jpg",220,154,true]},"uagb_author_info":{"display_name":"admin","author_link":"https:\/\/boatmanboat.fr\/?author=0"},"uagb_comment_info":0,"uagb_excerpt":"Carte m\u00e8re de remplacement pour l'Actor plus basic avec boussole. Si vous souhaitez utiliser une boussole, votre \u00e9metteur doit \u00eatre adapt\u00e9 \u00e0 cela. (Les boutons de l'\u00e9metteur sont gris clair)","jetpack_sharing_enabled":true,"_links":{"self":[{"href":"https:\/\/boatmanboat.fr\/index.php?rest_route=\/wp\/v2\/product\/1830","targetHints":{"allow":["GET"]}}],"collection":[{"href":"https:\/\/boatmanboat.fr\/index.php?rest_route=\/wp\/v2\/product"}],"about":[{"href":"https:\/\/boatmanboat.fr\/index.php?rest_route=\/wp\/v2\/types\/product"}],"replies":[{"embeddable":true,"href":"https:\/\/boatmanboat.fr\/index.php?rest_route=%2Fwp%2Fv2%2Fcomments&post=1830"}],"wp:featuredmedia":[{"embeddable":true,"href":"https:\/\/boatmanboat.fr\/index.php?rest_route=\/wp\/v2\/media\/1831"}],"wp:attachment":[{"href":"https:\/\/boatmanboat.fr\/index.php?rest_route=%2Fwp%2Fv2%2Fmedia&parent=1830"}],"wp:term":[{"taxonomy":"product_brand","embeddable":true,"href":"https:\/\/boatmanboat.fr\/index.php?rest_route=%2Fwp%2Fv2%2Fproduct_brand&post=1830"},{"taxonomy":"product_cat","embeddable":true,"href":"https:\/\/boatmanboat.fr\/index.php?rest_route=%2Fwp%2Fv2%2Fproduct_cat&post=1830"},{"taxonomy":"product_tag","embeddable":true,"href":"https:\/\/boatmanboat.fr\/index.php?rest_route=%2Fwp%2Fv2%2Fproduct_tag&post=1830"}],"curies":[{"name":"wp","href":"https:\/\/api.w.org\/{rel}","templated":true}]}}