{"id":2491,"date":"2025-12-30T07:56:57","date_gmt":"2025-12-30T07:56:57","guid":{"rendered":"https:\/\/boatmanboat.fr\/?post_type=product&#038;p=2491"},"modified":"2026-03-15T06:25:06","modified_gmt":"2026-03-15T06:25:06","slug":"vulcan-mini","status":"publish","type":"product","link":"https:\/\/boatmanboat.fr\/?product=vulcan-mini","title":{"rendered":"Vulcan Mini"},"content":{"rendered":"<h2>La toute derni\u00e8re sensation pour 2026<\/h2>\r\n<p>\u00a0Le nouveau bateau amorceur Vulcan Mini de Boatman repr\u00e9sente une solution avanc\u00e9e pour amorcer les carpes ou placer votre montage. <img fetchpriority=\"high\" decoding=\"async\" class=\"size-medium wp-image-2484 aligncenter\" src=\"https:\/\/boatmanboat.fr\/wp-content\/uploads\/2025\/12\/side-right-300x246.png\" alt=\"\" width=\"300\" height=\"246\" srcset=\"https:\/\/boatmanboat.fr\/wp-content\/uploads\/2025\/12\/side-right-300x246.png 300w, https:\/\/boatmanboat.fr\/wp-content\/uploads\/2025\/12\/side-right-188x154.png 188w, https:\/\/boatmanboat.fr\/wp-content\/uploads\/2025\/12\/side-right.png 567w\" sizes=\"(max-width: 300px) 100vw, 300px\" \/>Gr\u00e2ce \u00e0 sa conception compacte et \u00e0 ses technologies innovantes, ce bateau amorceur offre une pr\u00e9cision et une fiabilit\u00e9 optimales.<\/p>\r\n<p>Le Vulcan Mini est \u00e9quip\u00e9 de fonctions conviviales qui rendent son utilisation plus efficace, tandis que sa construction durable garantit des performances durables dans diverses conditions.<\/p>\r\n<p>Cette introduction souligne l&rsquo;engagement de Boatman en faveur de la qualit\u00e9 et de l&rsquo;innovation dans le secteur des bateaux d&rsquo;amorceurs. \u00a0 \u00a0 \u00a0<\/p>\r\n<p><strong>Pourquoi choisir le Vulcan Mini ?<\/strong><\/p>\r\n<p>Si vous recherchez le meilleur bateau amorceur compact pour la p\u00eache, le Vulcan Mini offre des performances in\u00e9gal\u00e9es, une fiabilit\u00e9 \u00e0 toute \u00e9preuve et un prix remarquablement attractif.<\/p>\r\n<p>Que vous soyez un p\u00eacheur exp\u00e9riment\u00e9 ou d\u00e9butant, le Vulcan Mini offre un excellent rapport qualit\u00e9-prix et des fonctionnalit\u00e9s haut de gamme dans un format incroyablement portable.<\/p>\r\n<p>Le Vulcan Mini est sans aucun doute l&rsquo;un des bateaux amorceurs les plus performants de la gamme Boatman. <img decoding=\"async\" class=\" wp-image-2487 aligncenter\" src=\"https:\/\/boatmanboat.fr\/wp-content\/uploads\/2025\/12\/overview-300x234.png\" alt=\"\" width=\"430\" height=\"335\" srcset=\"https:\/\/boatmanboat.fr\/wp-content\/uploads\/2025\/12\/overview-300x234.png 300w, https:\/\/boatmanboat.fr\/wp-content\/uploads\/2025\/12\/overview-198x154.png 198w, https:\/\/boatmanboat.fr\/wp-content\/uploads\/2025\/12\/overview.png 567w\" sizes=\"(max-width: 430px) 100vw, 430px\" \/> En effet, il est tr\u00e8s similaire \u00e0 son grand fr\u00e8re, le tr\u00e8s populaire Vulcan V2, compact, polyvalent et surtout abordable : voil\u00e0 comment d\u00e9crire au mieux le petit dernier de la famille Boatman. Ce bateau tr\u00e8s maniable est disponible en trois versions, dont le mod\u00e8le Basic, notre mod\u00e8le d&rsquo;entr\u00e9e de gamme.<\/p>\r\n<p>Vous pouvez \u00e9galement opter pour une version GPS ou PRO, \u00e9quip\u00e9e d&rsquo;un GPS et d&rsquo;un sonar int\u00e9gr\u00e9s. <img decoding=\"async\" class=\"alignleft size-medium wp-image-2488\" src=\"https:\/\/boatmanboat.fr\/wp-content\/uploads\/2025\/12\/back-300x260.png\" alt=\"\" width=\"300\" height=\"260\" srcset=\"https:\/\/boatmanboat.fr\/wp-content\/uploads\/2025\/12\/back-300x260.png 300w, https:\/\/boatmanboat.fr\/wp-content\/uploads\/2025\/12\/back-177x154.png 177w, https:\/\/boatmanboat.fr\/wp-content\/uploads\/2025\/12\/back.png 567w\" sizes=\"(max-width: 300px) 100vw, 300px\" \/>Le pilotage est incroyablement simple gr\u00e2ce \u00e0 la nouvelle t\u00e9l\u00e9commande. Enregistrer ou s\u00e9lectionner des points GPS est un jeu d&rsquo;enfant avec les versions GPS et PRO. En quelques \u00e9tapes simples, vous pouvez guider le bateau jusqu&rsquo;\u00e0 votre destination en toute autonomie : un v\u00e9ritable pilote automatique !<\/p>\r\n<p>Il convient de souligner l&rsquo;exceptionnelle pr\u00e9cision du GPS, qui s&rsquo;approche de votre point de passage \u00e0 moins d&rsquo;un m\u00e8tre, une performance naturellement tr\u00e8s pr\u00e9cise. De nuit, par temps de brouillard ou de pluie, vous profiterez pleinement de ce GPS haute pr\u00e9cision.<img loading=\"lazy\" decoding=\"async\" class=\"size-medium wp-image-2486 alignright\" src=\"https:\/\/boatmanboat.fr\/wp-content\/uploads\/2025\/12\/front-left-300x236.png\" alt=\"\" width=\"300\" height=\"236\" srcset=\"https:\/\/boatmanboat.fr\/wp-content\/uploads\/2025\/12\/front-left-300x236.png 300w, https:\/\/boatmanboat.fr\/wp-content\/uploads\/2025\/12\/front-left-1024x804.png 1024w, https:\/\/boatmanboat.fr\/wp-content\/uploads\/2025\/12\/front-left-768x603.png 768w, https:\/\/boatmanboat.fr\/wp-content\/uploads\/2025\/12\/front-left-600x471.png 600w, https:\/\/boatmanboat.fr\/wp-content\/uploads\/2025\/12\/front-left-196x154.png 196w, https:\/\/boatmanboat.fr\/wp-content\/uploads\/2025\/12\/front-left.png 1161w\" sizes=\"(max-width: 300px) 100vw, 300px\" \/><\/p>\r\n<p>Gr\u00e2ce \u00e0 l&rsquo;\u00e9metteur pratique, vous pouvez tout contr\u00f4ler en toute simplicit\u00e9, sans avoir besoin d&rsquo;\u00e9crans, d&rsquo;iPads ou de tablettes suppl\u00e9mentaires.<\/p>\r\n<p>Rien de plus simple que le NOUVEAU VULCAN MINI. Le Vulcan Mini est aliment\u00e9 par deux batteries internes de 5 Ah et se recharge directement via le port de charge externe.<\/p>\r\n<p>Deux ouvertures de ventilation permettent d&rsquo;\u00e9vacuer efficacement l&rsquo;humidit\u00e9 pendant la charge et extr\u00eamement silencieux gr\u00e2ce \u00e0 ses moteurs de derni\u00e8re g\u00e9n\u00e9ration.<\/p>\r\n\r\n<ul class=\"wp-block-list\">\r\n<li>Format pratique<\/li>\r\n\r\n\r\n\r\n<li>Maniabilit\u00e9 ais\u00e9e<\/li>\r\n\r\n\r\n\r\n<li>Polyvalent<\/li>\r\n\r\n\r\n\r\n<li>Chargement par le pont, sans trappe<\/li>\r\n\r\n\r\n\r\n<li>Acc\u00e8s aux zones les plus recul\u00e9es<\/li>\r\n\r\n\r\n\r\n<li>Fonctionnement tr\u00e8s silencieux<\/li>\r\n\r\n\r\n\r\n<li>Capacit\u00e9 d&rsquo;app\u00e2t jusqu&rsquo;\u00e0 2 kg dans la tr\u00e9mie unique (selon l&rsquo;app\u00e2t utilis\u00e9)<\/li>\r\n\r\n\r\n\r\n<li>Autonomie maximale de 500 m<\/li>\r\n\r\n\r\n\r\n<li>Jusqu&rsquo;\u00e0 3 heures de navigation<\/li>\r\n\r\n\r\n\r\n<li>GPS 16 waypoints<\/li>\r\n\r\n\r\n\r\n<li>Sondeur tr\u00e8s pratique et pr\u00e9cis<\/li>\r\n<\/ul>\r\n","protected":false},"excerpt":{"rendered":"<p>Si vous recherchez le meilleur bateau amorceur compact pour votre p\u00eache, le Vulcan Mini PRO offre des performances in\u00e9gal\u00e9es, une fiabilit\u00e9 \u00e0 toute \u00e9preuve et un prix d&rsquo;achat particuli\u00e8rement attractif.<\/p>\n","protected":false},"featured_media":2484,"comment_status":"open","ping_status":"closed","template":"","meta":{"om_disable_all_campaigns":false,"_uag_custom_page_level_css":"","_monsterinsights_skip_tracking":false,"_monsterinsights_sitenote_active":false,"_monsterinsights_sitenote_note":"","_monsterinsights_sitenote_category":0},"product_brand":[],"product_cat":[81,229],"product_tag":[232,101,86,87,114,231,112,233,105,230],"class_list":{"0":"post-2491","1":"product","2":"type-product","3":"status-publish","4":"has-post-thumbnail","6":"product_cat-bateau-amorceur","7":"product_cat-vulcan-mini","8":"product_tag-basic","9":"product_tag-bateau","10":"product_tag-bateau-amorceur","11":"product_tag-boatman","12":"product_tag-bouillettes","13":"product_tag-carpe","14":"product_tag-gps","15":"product_tag-pro","16":"product_tag-vulcan","17":"product_tag-vulcan-mini","18":"product_shipping_class-gratis","20":"first","21":"instock","22":"taxable","23":"shipping-taxable","24":"purchasable","25":"product-type-variable"},"aioseo_notices":[],"uagb_featured_image_src":{"full":["https:\/\/boatmanboat.fr\/wp-content\/uploads\/2025\/12\/side-right.png",567,464,false],"thumbnail":["https:\/\/boatmanboat.fr\/wp-content\/uploads\/2025\/12\/side-right-85x85.png",85,85,true],"medium":["https:\/\/boatmanboat.fr\/wp-content\/uploads\/2025\/12\/side-right-300x246.png",300,246,true],"medium_large":["https:\/\/boatmanboat.fr\/wp-content\/uploads\/2025\/12\/side-right.png",567,464,false],"large":["https:\/\/boatmanboat.fr\/wp-content\/uploads\/2025\/12\/side-right.png",567,464,false],"1536x1536":["https:\/\/boatmanboat.fr\/wp-content\/uploads\/2025\/12\/side-right.png",567,464,false],"2048x2048":["https:\/\/boatmanboat.fr\/wp-content\/uploads\/2025\/12\/side-right.png",567,464,false],"woocommerce_thumbnail":["https:\/\/boatmanboat.fr\/wp-content\/uploads\/2025\/12\/side-right-300x300.png",300,300,true],"woocommerce_single":["https:\/\/boatmanboat.fr\/wp-content\/uploads\/2025\/12\/side-right.png",567,464,false],"woocommerce_gallery_thumbnail":["https:\/\/boatmanboat.fr\/wp-content\/uploads\/2025\/12\/side-right-100x100.png",100,100,true],"yith-woocompare-image":["https:\/\/boatmanboat.fr\/wp-content\/uploads\/2025\/12\/side-right-188x154.png",188,154,true]},"uagb_author_info":{"display_name":"admin","author_link":"https:\/\/boatmanboat.fr\/?author=0"},"uagb_comment_info":1,"uagb_excerpt":"Si vous recherchez le meilleur bateau amorceur compact pour votre p\u00eache, le Vulcan Mini PRO offre des performances in\u00e9gal\u00e9es, une fiabilit\u00e9 \u00e0 toute \u00e9preuve et un prix d'achat particuli\u00e8rement attractif.","jetpack_sharing_enabled":true,"_links":{"self":[{"href":"https:\/\/boatmanboat.fr\/index.php?rest_route=\/wp\/v2\/product\/2491","targetHints":{"allow":["GET"]}}],"collection":[{"href":"https:\/\/boatmanboat.fr\/index.php?rest_route=\/wp\/v2\/product"}],"about":[{"href":"https:\/\/boatmanboat.fr\/index.php?rest_route=\/wp\/v2\/types\/product"}],"replies":[{"embeddable":true,"href":"https:\/\/boatmanboat.fr\/index.php?rest_route=%2Fwp%2Fv2%2Fcomments&post=2491"}],"wp:featuredmedia":[{"embeddable":true,"href":"https:\/\/boatmanboat.fr\/index.php?rest_route=\/wp\/v2\/media\/2484"}],"wp:attachment":[{"href":"https:\/\/boatmanboat.fr\/index.php?rest_route=%2Fwp%2Fv2%2Fmedia&parent=2491"}],"wp:term":[{"taxonomy":"product_brand","embeddable":true,"href":"https:\/\/boatmanboat.fr\/index.php?rest_route=%2Fwp%2Fv2%2Fproduct_brand&post=2491"},{"taxonomy":"product_cat","embeddable":true,"href":"https:\/\/boatmanboat.fr\/index.php?rest_route=%2Fwp%2Fv2%2Fproduct_cat&post=2491"},{"taxonomy":"product_tag","embeddable":true,"href":"https:\/\/boatmanboat.fr\/index.php?rest_route=%2Fwp%2Fv2%2Fproduct_tag&post=2491"}],"curies":[{"name":"wp","href":"https:\/\/api.w.org\/{rel}","templated":true}]}}